{"id":75,"date":"2019-07-11T17:12:48","date_gmt":"2019-07-11T15:12:48","guid":{"rendered":"http:\/\/wp13386985.server-he.de\/?page_id=75"},"modified":"2019-11-14T13:10:14","modified_gmt":"2019-11-14T11:10:14","slug":"aktuelles","status":"publish","type":"page","link":"https:\/\/wittingsbrok.de\/","title":{"rendered":"Willkommen"},"content":{"rendered":"\n<div class=\"wp-block-image\"><figure class=\"aligncenter size-large is-resized\"><img decoding=\"async\" src=\"http:\/\/wittingsbrok.de\/wp-a6f61-content\/uploads\/2019\/08\/img026-1024x723.jpg\" alt=\"\" class=\"wp-image-235\" width=\"750\" srcset=\"https:\/\/wittingsbrok.de\/wp-a6f61-content\/uploads\/2019\/08\/img026-1024x723.jpg 1024w, https:\/\/wittingsbrok.de\/wp-a6f61-content\/uploads\/2019\/08\/img026-300x212.jpg 300w, https:\/\/wittingsbrok.de\/wp-a6f61-content\/uploads\/2019\/08\/img026-768x542.jpg 768w, https:\/\/wittingsbrok.de\/wp-a6f61-content\/uploads\/2019\/08\/img026.jpg 1155w\" sizes=\"(max-width: 1024px) 100vw, 1024px\" \/><\/figure><\/div>\n\n\n\n<p style=\"color:#376b06\" class=\"has-text-color\">\n1919 wurden die ersten H\u00e4user in unseren Stra\u00dfen gebaut und schnell zogen die ersten Bewohner ein &#8211; die Wohnungsnot war damals gro\u00df. Das ist jetzt 100 Jahre her. Eigentlich wollten wir nur ein kleines Fest vorbereiten zu diesem Jubil\u00e4um. Aber je l\u00e4nger wir uns mit der Geschichte unserer Stra\u00dfen besch\u00e4ftigt haben, umso interessanter wurden die Informationen, die wir ausgetauscht und von vielen Interessierten bekommen haben.<br>Daran m\u00f6chten wir Sie mit diesen Seiten gerne teilhaben lassen!\n\n<\/p>\n","protected":false},"excerpt":{"rendered":"<p>1919 wurden die ersten H\u00e4user in unseren Stra\u00dfen gebaut und schnell zogen die ersten Bewohner ein &#8211; die Wohnungsnot war damals gro\u00df. Das ist jetzt 100 Jahre her. Eigentlich wollten wir nur ein kleines Fest vorbereiten zu diesem Jubil\u00e4um. Aber je l\u00e4nger wir uns mit der Geschichte unserer Stra\u00dfen besch\u00e4ftigt haben, umso interessanter wurden die [&hellip;]<\/p>\n","protected":false},"author":1,"featured_media":6,"parent":0,"menu_order":0,"comment_status":"closed","ping_status":"closed","template":"","meta":[],"yoast_head":"<!-- This site is optimized with the Yoast SEO plugin v19.11 - https:\/\/yoast.com\/wordpress\/plugins\/seo\/ -->\n<title>Willkommen - 100 Jahre Siedlungsgeschichte<\/title>\n<meta name=\"robots\" content=\"index, follow, max-snippet:-1, max-image-preview:large, max-video-preview:-1\" \/>\n<link rel=\"canonical\" href=\"http:\/\/wittingsbrok.de\/\" \/>\n<meta property=\"og:locale\" content=\"de_DE\" \/>\n<meta property=\"og:type\" content=\"article\" \/>\n<meta property=\"og:title\" content=\"Willkommen - 100 Jahre Siedlungsgeschichte\" \/>\n<meta property=\"og:description\" content=\"1919 wurden die ersten H\u00e4user in unseren Stra\u00dfen gebaut und schnell zogen die ersten Bewohner ein &#8211; die Wohnungsnot war damals gro\u00df. Das ist jetzt 100 Jahre her. Eigentlich wollten wir nur ein kleines Fest vorbereiten zu diesem Jubil\u00e4um. Aber je l\u00e4nger wir uns mit der Geschichte unserer Stra\u00dfen besch\u00e4ftigt haben, umso interessanter wurden die [&hellip;]\" \/>\n<meta property=\"og:url\" content=\"http:\/\/wittingsbrok.de\/\" \/>\n<meta property=\"og:site_name\" content=\"100 Jahre Siedlungsgeschichte\" \/>\n<meta property=\"article:modified_time\" content=\"2019-11-14T11:10:14+00:00\" \/>\n<meta property=\"og:image\" content=\"http:\/\/wittingsbrok.de\/wp-a6f61-content\/uploads\/2019\/07\/Postkarte-GSG-Ansicht-von-1919-Farbkopie-2-1024x724.jpg\" \/>\n\t<meta property=\"og:image:width\" content=\"1024\" \/>\n\t<meta property=\"og:image:height\" content=\"724\" \/>\n\t<meta property=\"og:image:type\" content=\"image\/jpeg\" \/>\n<meta name=\"twitter:card\" content=\"summary_large_image\" \/>\n<script type=\"application\/ld+json\" class=\"yoast-schema-graph\">{\"@context\":\"https:\/\/schema.org\",\"@graph\":[{\"@type\":\"WebPage\",\"@id\":\"http:\/\/wittingsbrok.de\/\",\"url\":\"http:\/\/wittingsbrok.de\/\",\"name\":\"Willkommen - 100 Jahre Siedlungsgeschichte\",\"isPartOf\":{\"@id\":\"http:\/\/wittingsbrok.de\/#website\"},\"datePublished\":\"2019-07-11T15:12:48+00:00\",\"dateModified\":\"2019-11-14T11:10:14+00:00\",\"breadcrumb\":{\"@id\":\"http:\/\/wittingsbrok.de\/#breadcrumb\"},\"inLanguage\":\"de-DE\",\"potentialAction\":[{\"@type\":\"ReadAction\",\"target\":[\"http:\/\/wittingsbrok.de\/\"]}]},{\"@type\":\"BreadcrumbList\",\"@id\":\"http:\/\/wittingsbrok.de\/#breadcrumb\",\"itemListElement\":[{\"@type\":\"ListItem\",\"position\":1,\"name\":\"Startseite\",\"item\":\"http:\/\/wittingsbrok.de\/\"},{\"@type\":\"ListItem\",\"position\":2,\"name\":\"Willkommen\"}]},{\"@type\":\"WebSite\",\"@id\":\"http:\/\/wittingsbrok.de\/#website\",\"url\":\"http:\/\/wittingsbrok.de\/\",\"name\":\"100 Jahre Siedlungsgeschichte\",\"description\":\" im Wittingsbrok und im Brunsbrok in Oldenburg, Niedersachsen\",\"publisher\":{\"@id\":\"http:\/\/wittingsbrok.de\/#organization\"},\"potentialAction\":[{\"@type\":\"SearchAction\",\"target\":{\"@type\":\"EntryPoint\",\"urlTemplate\":\"http:\/\/wittingsbrok.de\/?s={search_term_string}\"},\"query-input\":\"required name=search_term_string\"}],\"inLanguage\":\"de-DE\"},{\"@type\":\"Organization\",\"@id\":\"http:\/\/wittingsbrok.de\/#organization\",\"name\":\"100 Jahre Siedlungsgeschichte\",\"url\":\"http:\/\/wittingsbrok.de\/\",\"logo\":{\"@type\":\"ImageObject\",\"inLanguage\":\"de-DE\",\"@id\":\"http:\/\/wittingsbrok.de\/#\/schema\/logo\/image\/\",\"url\":\"https:\/\/wittingsbrok.de\/wp-a6f61-content\/uploads\/2019\/07\/Logo-4-1-e1562934907339.jpg\",\"contentUrl\":\"https:\/\/wittingsbrok.de\/wp-a6f61-content\/uploads\/2019\/07\/Logo-4-1-e1562934907339.jpg\",\"width\":100,\"height\":100,\"caption\":\"100 Jahre Siedlungsgeschichte\"},\"image\":{\"@id\":\"http:\/\/wittingsbrok.de\/#\/schema\/logo\/image\/\"}}]}<\/script>\n<!-- \/ Yoast SEO plugin. -->","yoast_head_json":{"title":"Willkommen - 100 Jahre Siedlungsgeschichte","robots":{"index":"index","follow":"follow","max-snippet":"max-snippet:-1","max-image-preview":"max-image-preview:large","max-video-preview":"max-video-preview:-1"},"canonical":"http:\/\/wittingsbrok.de\/","og_locale":"de_DE","og_type":"article","og_title":"Willkommen - 100 Jahre Siedlungsgeschichte","og_description":"1919 wurden die ersten H\u00e4user in unseren Stra\u00dfen gebaut und schnell zogen die ersten Bewohner ein &#8211; die Wohnungsnot war damals gro\u00df. Das ist jetzt 100 Jahre her. Eigentlich wollten wir nur ein kleines Fest vorbereiten zu diesem Jubil\u00e4um. Aber je l\u00e4nger wir uns mit der Geschichte unserer Stra\u00dfen besch\u00e4ftigt haben, umso interessanter wurden die [&hellip;]","og_url":"http:\/\/wittingsbrok.de\/","og_site_name":"100 Jahre Siedlungsgeschichte","article_modified_time":"2019-11-14T11:10:14+00:00","og_image":[{"width":1024,"height":724,"url":"http:\/\/wittingsbrok.de\/wp-a6f61-content\/uploads\/2019\/07\/Postkarte-GSG-Ansicht-von-1919-Farbkopie-2-1024x724.jpg","type":"image\/jpeg"}],"twitter_card":"summary_large_image","schema":{"@context":"https:\/\/schema.org","@graph":[{"@type":"WebPage","@id":"http:\/\/wittingsbrok.de\/","url":"http:\/\/wittingsbrok.de\/","name":"Willkommen - 100 Jahre Siedlungsgeschichte","isPartOf":{"@id":"http:\/\/wittingsbrok.de\/#website"},"datePublished":"2019-07-11T15:12:48+00:00","dateModified":"2019-11-14T11:10:14+00:00","breadcrumb":{"@id":"http:\/\/wittingsbrok.de\/#breadcrumb"},"inLanguage":"de-DE","potentialAction":[{"@type":"ReadAction","target":["http:\/\/wittingsbrok.de\/"]}]},{"@type":"BreadcrumbList","@id":"http:\/\/wittingsbrok.de\/#breadcrumb","itemListElement":[{"@type":"ListItem","position":1,"name":"Startseite","item":"http:\/\/wittingsbrok.de\/"},{"@type":"ListItem","position":2,"name":"Willkommen"}]},{"@type":"WebSite","@id":"http:\/\/wittingsbrok.de\/#website","url":"http:\/\/wittingsbrok.de\/","name":"100 Jahre Siedlungsgeschichte","description":" im Wittingsbrok und im Brunsbrok in Oldenburg, Niedersachsen","publisher":{"@id":"http:\/\/wittingsbrok.de\/#organization"},"potentialAction":[{"@type":"SearchAction","target":{"@type":"EntryPoint","urlTemplate":"http:\/\/wittingsbrok.de\/?s={search_term_string}"},"query-input":"required name=search_term_string"}],"inLanguage":"de-DE"},{"@type":"Organization","@id":"http:\/\/wittingsbrok.de\/#organization","name":"100 Jahre Siedlungsgeschichte","url":"http:\/\/wittingsbrok.de\/","logo":{"@type":"ImageObject","inLanguage":"de-DE","@id":"http:\/\/wittingsbrok.de\/#\/schema\/logo\/image\/","url":"https:\/\/wittingsbrok.de\/wp-a6f61-content\/uploads\/2019\/07\/Logo-4-1-e1562934907339.jpg","contentUrl":"https:\/\/wittingsbrok.de\/wp-a6f61-content\/uploads\/2019\/07\/Logo-4-1-e1562934907339.jpg","width":100,"height":100,"caption":"100 Jahre Siedlungsgeschichte"},"image":{"@id":"http:\/\/wittingsbrok.de\/#\/schema\/logo\/image\/"}}]}},"_links":{"self":[{"href":"https:\/\/wittingsbrok.de\/index.php?rest_route=\/wp\/v2\/pages\/75"}],"collection":[{"href":"https:\/\/wittingsbrok.de\/index.php?rest_route=\/wp\/v2\/pages"}],"about":[{"href":"https:\/\/wittingsbrok.de\/index.php?rest_route=\/wp\/v2\/types\/page"}],"author":[{"embeddable":true,"href":"https:\/\/wittingsbrok.de\/index.php?rest_route=\/wp\/v2\/users\/1"}],"replies":[{"embeddable":true,"href":"https:\/\/wittingsbrok.de\/index.php?rest_route=%2Fwp%2Fv2%2Fcomments&post=75"}],"version-history":[{"count":8,"href":"https:\/\/wittingsbrok.de\/index.php?rest_route=\/wp\/v2\/pages\/75\/revisions"}],"predecessor-version":[{"id":947,"href":"https:\/\/wittingsbrok.de\/index.php?rest_route=\/wp\/v2\/pages\/75\/revisions\/947"}],"wp:featuredmedia":[{"embeddable":true,"href":"https:\/\/wittingsbrok.de\/index.php?rest_route=\/wp\/v2\/media\/6"}],"wp:attachment":[{"href":"https:\/\/wittingsbrok.de\/index.php?rest_route=%2Fwp%2Fv2%2Fmedia&parent=75"}],"curies":[{"name":"wp","href":"https:\/\/api.w.org\/{rel}","templated":true}]}}