{"id":594,"date":"2019-09-03T17:34:32","date_gmt":"2019-09-03T15:34:32","guid":{"rendered":"http:\/\/wittingsbrok.de\/?page_id=594"},"modified":"2019-11-15T15:56:15","modified_gmt":"2019-11-15T13:56:15","slug":"die-reichsheimstaette","status":"publish","type":"page","link":"https:\/\/wittingsbrok.de\/?page_id=594","title":{"rendered":"Die Reichsheimst\u00e4tte"},"content":{"rendered":"\n<p>Der Bau der Siedlung Rauhehorst nahm das erst 1920 erlassene Reichsheimst\u00e4ttengesetz vorweg. Das Gesetz war seit 1916 in der Diskussion und sollte Familien den Erwerb kosteng\u00fcnstiger Eigenheime erm\u00f6glichen. Kommunen oder L\u00e4nder bezuschussten den Bau der H\u00e4user, die in der Regel von Baugenossenschaften, Siedlungsvereinen, Heimst\u00e4ttenvereinen usw. gebaut wurden. Bei Wiederverkauf hatten sie ein Vorkaufsrecht (vergl. Kaufvertr\u00e4ge von 1919 Haus Nr. 9 und 25). Die Besitzer waren durch das Gesetz vor Zwangsversteigerung gesch\u00fctzt. Spekulation mit Grund und Haus wurde so verhindert, die Aufsicht f\u00fchrte das Reichsheimst\u00e4ttenamt. Laut Weimarer Verfassung \u00a7 155 sollte die Verteilung und Nutzung von Grund und Boden von Staats wegen \u00fcberwacht werden, damit Missbrauch verhindert wird und alle Deutschen, besonders kinderreiche, eine gesunde und ihren Bed\u00fcrfnissen angemessene Wohnung haben. (vergl. taz vom 17.8.2019 und <a href=\"https:\/\/de.m.wikipedia.org\/wiki\/Reichsheimst\u00e4tte\">https:\/\/de.m.wikipedia.org\/wiki\/Reichsheimst\u00e4tte<\/a>).<br>Eine angesichts heutiger Mietsteigerungen und Immobilienspekulationen sehr aktuelle Absicht!<\/p>\n\n\n\n<div class=\"wp-block-image\"><figure class=\"aligncenter size-large\"><img decoding=\"async\" loading=\"lazy\" width=\"348\" height=\"528\" src=\"http:\/\/wittingsbrok.de\/wp-a6f61-content\/uploads\/2019\/09\/derentwurfeinesrKriegerheimst\u00e4ttengesetzes.jpg\" alt=\"\" class=\"wp-image-595\" srcset=\"https:\/\/wittingsbrok.de\/wp-a6f61-content\/uploads\/2019\/09\/derentwurfeinesrKriegerheimst\u00e4ttengesetzes.jpg 348w, https:\/\/wittingsbrok.de\/wp-a6f61-content\/uploads\/2019\/09\/derentwurfeinesrKriegerheimst\u00e4ttengesetzes-198x300.jpg 198w\" sizes=\"(max-width: 348px) 100vw, 348px\" \/><figcaption>Link: <a href=\"https:\/\/archive.org\/details\/derentwurfeinesr00dama\">https:\/\/archive.org\/details\/derentwurfeinesr00dama<\/a><\/figcaption><\/figure><\/div>\n","protected":false},"excerpt":{"rendered":"<p>Der Bau der Siedlung Rauhehorst nahm das erst 1920 erlassene Reichsheimst\u00e4ttengesetz vorweg. Das Gesetz war seit 1916 in der Diskussion und sollte Familien den Erwerb kosteng\u00fcnstiger Eigenheime erm\u00f6glichen. Kommunen oder L\u00e4nder bezuschussten den Bau der H\u00e4user, die in der Regel von Baugenossenschaften, Siedlungsvereinen, Heimst\u00e4ttenvereinen usw. gebaut wurden. Bei Wiederverkauf hatten sie ein Vorkaufsrecht (vergl. Kaufvertr\u00e4ge [&hellip;]<\/p>\n","protected":false},"author":1,"featured_media":0,"parent":0,"menu_order":0,"comment_status":"closed","ping_status":"closed","template":"","meta":[],"yoast_head":"<!-- This site is optimized with the Yoast SEO plugin v19.11 - https:\/\/yoast.com\/wordpress\/plugins\/seo\/ -->\n<title>Die Reichsheimst\u00e4tte - 100 Jahre Siedlungsgeschichte<\/title>\n<meta name=\"robots\" content=\"index, follow, max-snippet:-1, max-image-preview:large, max-video-preview:-1\" \/>\n<link rel=\"canonical\" href=\"http:\/\/wittingsbrok.de\/?page_id=594\" \/>\n<meta property=\"og:locale\" content=\"de_DE\" \/>\n<meta property=\"og:type\" content=\"article\" \/>\n<meta property=\"og:title\" content=\"Die Reichsheimst\u00e4tte - 100 Jahre Siedlungsgeschichte\" \/>\n<meta property=\"og:description\" content=\"Der Bau der Siedlung Rauhehorst nahm das erst 1920 erlassene Reichsheimst\u00e4ttengesetz vorweg. Das Gesetz war seit 1916 in der Diskussion und sollte Familien den Erwerb kosteng\u00fcnstiger Eigenheime erm\u00f6glichen. Kommunen oder L\u00e4nder bezuschussten den Bau der H\u00e4user, die in der Regel von Baugenossenschaften, Siedlungsvereinen, Heimst\u00e4ttenvereinen usw. gebaut wurden. Bei Wiederverkauf hatten sie ein Vorkaufsrecht (vergl. Kaufvertr\u00e4ge [&hellip;]\" \/>\n<meta property=\"og:url\" content=\"http:\/\/wittingsbrok.de\/?page_id=594\" \/>\n<meta property=\"og:site_name\" content=\"100 Jahre Siedlungsgeschichte\" \/>\n<meta property=\"article:modified_time\" content=\"2019-11-15T13:56:15+00:00\" \/>\n<meta name=\"twitter:card\" content=\"summary_large_image\" \/>\n<meta name=\"twitter:label1\" content=\"Gesch\u00e4tzte Lesezeit\" \/>\n\t<meta name=\"twitter:data1\" content=\"1 Minute\" \/>\n<script type=\"application\/ld+json\" class=\"yoast-schema-graph\">{\"@context\":\"https:\/\/schema.org\",\"@graph\":[{\"@type\":\"WebPage\",\"@id\":\"http:\/\/wittingsbrok.de\/?page_id=594\",\"url\":\"http:\/\/wittingsbrok.de\/?page_id=594\",\"name\":\"Die Reichsheimst\u00e4tte - 100 Jahre Siedlungsgeschichte\",\"isPartOf\":{\"@id\":\"http:\/\/wittingsbrok.de\/#website\"},\"datePublished\":\"2019-09-03T15:34:32+00:00\",\"dateModified\":\"2019-11-15T13:56:15+00:00\",\"breadcrumb\":{\"@id\":\"http:\/\/wittingsbrok.de\/?page_id=594#breadcrumb\"},\"inLanguage\":\"de-DE\",\"potentialAction\":[{\"@type\":\"ReadAction\",\"target\":[\"http:\/\/wittingsbrok.de\/?page_id=594\"]}]},{\"@type\":\"BreadcrumbList\",\"@id\":\"http:\/\/wittingsbrok.de\/?page_id=594#breadcrumb\",\"itemListElement\":[{\"@type\":\"ListItem\",\"position\":1,\"name\":\"Startseite\",\"item\":\"http:\/\/wittingsbrok.de\/\"},{\"@type\":\"ListItem\",\"position\":2,\"name\":\"Die Reichsheimst\u00e4tte\"}]},{\"@type\":\"WebSite\",\"@id\":\"http:\/\/wittingsbrok.de\/#website\",\"url\":\"http:\/\/wittingsbrok.de\/\",\"name\":\"100 Jahre Siedlungsgeschichte\",\"description\":\" im Wittingsbrok und im Brunsbrok in Oldenburg, Niedersachsen\",\"publisher\":{\"@id\":\"http:\/\/wittingsbrok.de\/#organization\"},\"potentialAction\":[{\"@type\":\"SearchAction\",\"target\":{\"@type\":\"EntryPoint\",\"urlTemplate\":\"http:\/\/wittingsbrok.de\/?s={search_term_string}\"},\"query-input\":\"required name=search_term_string\"}],\"inLanguage\":\"de-DE\"},{\"@type\":\"Organization\",\"@id\":\"http:\/\/wittingsbrok.de\/#organization\",\"name\":\"100 Jahre Siedlungsgeschichte\",\"url\":\"http:\/\/wittingsbrok.de\/\",\"logo\":{\"@type\":\"ImageObject\",\"inLanguage\":\"de-DE\",\"@id\":\"http:\/\/wittingsbrok.de\/#\/schema\/logo\/image\/\",\"url\":\"https:\/\/wittingsbrok.de\/wp-a6f61-content\/uploads\/2019\/07\/Logo-4-1-e1562934907339.jpg\",\"contentUrl\":\"https:\/\/wittingsbrok.de\/wp-a6f61-content\/uploads\/2019\/07\/Logo-4-1-e1562934907339.jpg\",\"width\":100,\"height\":100,\"caption\":\"100 Jahre Siedlungsgeschichte\"},\"image\":{\"@id\":\"http:\/\/wittingsbrok.de\/#\/schema\/logo\/image\/\"}}]}<\/script>\n<!-- \/ Yoast SEO plugin. -->","yoast_head_json":{"title":"Die Reichsheimst\u00e4tte - 100 Jahre Siedlungsgeschichte","robots":{"index":"index","follow":"follow","max-snippet":"max-snippet:-1","max-image-preview":"max-image-preview:large","max-video-preview":"max-video-preview:-1"},"canonical":"http:\/\/wittingsbrok.de\/?page_id=594","og_locale":"de_DE","og_type":"article","og_title":"Die Reichsheimst\u00e4tte - 100 Jahre Siedlungsgeschichte","og_description":"Der Bau der Siedlung Rauhehorst nahm das erst 1920 erlassene Reichsheimst\u00e4ttengesetz vorweg. Das Gesetz war seit 1916 in der Diskussion und sollte Familien den Erwerb kosteng\u00fcnstiger Eigenheime erm\u00f6glichen. Kommunen oder L\u00e4nder bezuschussten den Bau der H\u00e4user, die in der Regel von Baugenossenschaften, Siedlungsvereinen, Heimst\u00e4ttenvereinen usw. gebaut wurden. Bei Wiederverkauf hatten sie ein Vorkaufsrecht (vergl. Kaufvertr\u00e4ge [&hellip;]","og_url":"http:\/\/wittingsbrok.de\/?page_id=594","og_site_name":"100 Jahre Siedlungsgeschichte","article_modified_time":"2019-11-15T13:56:15+00:00","twitter_card":"summary_large_image","twitter_misc":{"Gesch\u00e4tzte Lesezeit":"1 Minute"},"schema":{"@context":"https:\/\/schema.org","@graph":[{"@type":"WebPage","@id":"http:\/\/wittingsbrok.de\/?page_id=594","url":"http:\/\/wittingsbrok.de\/?page_id=594","name":"Die Reichsheimst\u00e4tte - 100 Jahre Siedlungsgeschichte","isPartOf":{"@id":"http:\/\/wittingsbrok.de\/#website"},"datePublished":"2019-09-03T15:34:32+00:00","dateModified":"2019-11-15T13:56:15+00:00","breadcrumb":{"@id":"http:\/\/wittingsbrok.de\/?page_id=594#breadcrumb"},"inLanguage":"de-DE","potentialAction":[{"@type":"ReadAction","target":["http:\/\/wittingsbrok.de\/?page_id=594"]}]},{"@type":"BreadcrumbList","@id":"http:\/\/wittingsbrok.de\/?page_id=594#breadcrumb","itemListElement":[{"@type":"ListItem","position":1,"name":"Startseite","item":"http:\/\/wittingsbrok.de\/"},{"@type":"ListItem","position":2,"name":"Die Reichsheimst\u00e4tte"}]},{"@type":"WebSite","@id":"http:\/\/wittingsbrok.de\/#website","url":"http:\/\/wittingsbrok.de\/","name":"100 Jahre Siedlungsgeschichte","description":" im Wittingsbrok und im Brunsbrok in Oldenburg, Niedersachsen","publisher":{"@id":"http:\/\/wittingsbrok.de\/#organization"},"potentialAction":[{"@type":"SearchAction","target":{"@type":"EntryPoint","urlTemplate":"http:\/\/wittingsbrok.de\/?s={search_term_string}"},"query-input":"required name=search_term_string"}],"inLanguage":"de-DE"},{"@type":"Organization","@id":"http:\/\/wittingsbrok.de\/#organization","name":"100 Jahre Siedlungsgeschichte","url":"http:\/\/wittingsbrok.de\/","logo":{"@type":"ImageObject","inLanguage":"de-DE","@id":"http:\/\/wittingsbrok.de\/#\/schema\/logo\/image\/","url":"https:\/\/wittingsbrok.de\/wp-a6f61-content\/uploads\/2019\/07\/Logo-4-1-e1562934907339.jpg","contentUrl":"https:\/\/wittingsbrok.de\/wp-a6f61-content\/uploads\/2019\/07\/Logo-4-1-e1562934907339.jpg","width":100,"height":100,"caption":"100 Jahre Siedlungsgeschichte"},"image":{"@id":"http:\/\/wittingsbrok.de\/#\/schema\/logo\/image\/"}}]}},"_links":{"self":[{"href":"https:\/\/wittingsbrok.de\/index.php?rest_route=\/wp\/v2\/pages\/594"}],"collection":[{"href":"https:\/\/wittingsbrok.de\/index.php?rest_route=\/wp\/v2\/pages"}],"about":[{"href":"https:\/\/wittingsbrok.de\/index.php?rest_route=\/wp\/v2\/types\/page"}],"author":[{"embeddable":true,"href":"https:\/\/wittingsbrok.de\/index.php?rest_route=\/wp\/v2\/users\/1"}],"replies":[{"embeddable":true,"href":"https:\/\/wittingsbrok.de\/index.php?rest_route=%2Fwp%2Fv2%2Fcomments&post=594"}],"version-history":[{"count":4,"href":"https:\/\/wittingsbrok.de\/index.php?rest_route=\/wp\/v2\/pages\/594\/revisions"}],"predecessor-version":[{"id":952,"href":"https:\/\/wittingsbrok.de\/index.php?rest_route=\/wp\/v2\/pages\/594\/revisions\/952"}],"wp:attachment":[{"href":"https:\/\/wittingsbrok.de\/index.php?rest_route=%2Fwp%2Fv2%2Fmedia&parent=594"}],"curies":[{"name":"wp","href":"https:\/\/api.w.org\/{rel}","templated":true}]}}