{"id":313,"date":"2019-08-12T00:12:43","date_gmt":"2019-08-11T22:12:43","guid":{"rendered":"http:\/\/wittingsbrok.de\/?page_id=313"},"modified":"2021-08-29T19:28:16","modified_gmt":"2021-08-29T17:28:16","slug":"strassenansichten","status":"publish","type":"page","link":"https:\/\/wittingsbrok.de\/?page_id=313","title":{"rendered":"Stra\u00dfenansichten Wittingsbrok"},"content":{"rendered":"\n<figure class=\"wp-block-image size-large\"><img decoding=\"async\" loading=\"lazy\" width=\"1024\" height=\"473\" src=\"http:\/\/wittingsbrok.de\/wp-a6f61-content\/uploads\/2020\/08\/IMG-2-1024x473.jpg\" alt=\"\" class=\"wp-image-1082\" srcset=\"https:\/\/wittingsbrok.de\/wp-a6f61-content\/uploads\/2020\/08\/IMG-2-1024x473.jpg 1024w, https:\/\/wittingsbrok.de\/wp-a6f61-content\/uploads\/2020\/08\/IMG-2-300x139.jpg 300w, https:\/\/wittingsbrok.de\/wp-a6f61-content\/uploads\/2020\/08\/IMG-2-768x355.jpg 768w, https:\/\/wittingsbrok.de\/wp-a6f61-content\/uploads\/2020\/08\/IMG-2.jpg 1624w\" sizes=\"(max-width: 1024px) 100vw, 1024px\" \/><figcaption>Entwurfszeichnung 1919, sowohl die H\u00e4user vorne am Platz wie auch am Ende der Stra\u00dfe wurden anders umgesetzt, vergl. Foto unten. Quelle: Kurt Asche, Die Architekten Hermann Sandeck und Heinrich Biebel, Carl von Ossietzky Universit\u00e4t Oldenburg, 1998, Anhang<\/figcaption><\/figure>\n\n\n\n<figure class=\"wp-block-image size-large\"><img decoding=\"async\" loading=\"lazy\" width=\"799\" height=\"365\" src=\"http:\/\/wittingsbrok.de\/wp-a6f61-content\/uploads\/2021\/08\/Zeichnung-Paul-Tantzen-von-Friedrich-Precht-5.jpg\" alt=\"\" class=\"wp-image-1134\" srcset=\"https:\/\/wittingsbrok.de\/wp-a6f61-content\/uploads\/2021\/08\/Zeichnung-Paul-Tantzen-von-Friedrich-Precht-5.jpg 799w, https:\/\/wittingsbrok.de\/wp-a6f61-content\/uploads\/2021\/08\/Zeichnung-Paul-Tantzen-von-Friedrich-Precht-5-300x137.jpg 300w, https:\/\/wittingsbrok.de\/wp-a6f61-content\/uploads\/2021\/08\/Zeichnung-Paul-Tantzen-von-Friedrich-Precht-5-768x351.jpg 768w\" sizes=\"(max-width: 799px) 100vw, 799px\" \/><figcaption> Zeichnung von Paul Tantzen<br>Text  unter der Zeichung: &#8222;Eingangsbauten der Siedlung Rauhehorst in Oldenburg  i. O., errichtet 1922 durch die Kriegerheimst\u00e4ttenbaugesellschaft&#8220;.  Nach einer Kopie von Friedrich Precht, die dieser aus dem Familienarchiv  Tantzen bekommen hatte. Die Eingangsbauten wurden erst 1922 errichtet,  die H\u00e4user dahinter schon fr\u00fcher. <\/figcaption><\/figure>\n\n\n\n<div class=\"wp-block-columns is-layout-flex wp-container-3\">\n<div class=\"wp-block-column is-layout-flow\">\n<figure class=\"wp-block-image size-large\"><img decoding=\"async\" loading=\"lazy\" width=\"1024\" height=\"723\" src=\"http:\/\/wittingsbrok.de\/wp-a6f61-content\/uploads\/2019\/08\/img026-1024x723.jpg\" alt=\"\" class=\"wp-image-235\" srcset=\"https:\/\/wittingsbrok.de\/wp-a6f61-content\/uploads\/2019\/08\/img026-1024x723.jpg 1024w, https:\/\/wittingsbrok.de\/wp-a6f61-content\/uploads\/2019\/08\/img026-300x212.jpg 300w, https:\/\/wittingsbrok.de\/wp-a6f61-content\/uploads\/2019\/08\/img026-768x542.jpg 768w, https:\/\/wittingsbrok.de\/wp-a6f61-content\/uploads\/2019\/08\/img026.jpg 1155w\" sizes=\"(max-width: 1024px) 100vw, 1024px\" \/><figcaption> Postkarte der GSG vermutlich 1927<\/figcaption><\/figure>\n<\/div>\n\n\n\n<div class=\"wp-block-column is-layout-flow\">\n<figure class=\"wp-block-image size-large\"><img decoding=\"async\" loading=\"lazy\" width=\"1024\" height=\"731\" src=\"http:\/\/wittingsbrok.de\/wp-a6f61-content\/uploads\/2019\/08\/Postkarte-GSG-R\u00fcckseite-2-1024x731.jpg\" alt=\"\" class=\"wp-image-317\" srcset=\"https:\/\/wittingsbrok.de\/wp-a6f61-content\/uploads\/2019\/08\/Postkarte-GSG-R\u00fcckseite-2-1024x731.jpg 1024w, https:\/\/wittingsbrok.de\/wp-a6f61-content\/uploads\/2019\/08\/Postkarte-GSG-R\u00fcckseite-2-300x214.jpg 300w, https:\/\/wittingsbrok.de\/wp-a6f61-content\/uploads\/2019\/08\/Postkarte-GSG-R\u00fcckseite-2-768x548.jpg 768w\" sizes=\"(max-width: 1024px) 100vw, 1024px\" \/><figcaption> R\u00fcckseite der Postkarte der GSG <\/figcaption><\/figure>\n<\/div>\n<\/div>\n\n\n\n<div class=\"wp-block-image\"><figure class=\"aligncenter size-large is-resized\"><img decoding=\"async\" src=\"http:\/\/wittingsbrok.de\/wp-a6f61-content\/uploads\/2019\/11\/aus-Architektur-Uni-Ol-S.-81.jpg\" alt=\"\" class=\"wp-image-982\" width=\"600\" srcset=\"https:\/\/wittingsbrok.de\/wp-a6f61-content\/uploads\/2019\/11\/aus-Architektur-Uni-Ol-S.-81.jpg 864w, https:\/\/wittingsbrok.de\/wp-a6f61-content\/uploads\/2019\/11\/aus-Architektur-Uni-Ol-S.-81-300x197.jpg 300w, https:\/\/wittingsbrok.de\/wp-a6f61-content\/uploads\/2019\/11\/aus-Architektur-Uni-Ol-S.-81-768x505.jpg 768w\" sizes=\"(max-width: 864px) 100vw, 864px\" \/><figcaption>1973, Quelle: Architekur in Zeichnungen &#8230;, CvO Uni Bibliothek Oldenburg, 1999<\/figcaption><\/figure><\/div>\n\n\n\n<div class=\"wp-block-columns is-layout-flex wp-container-6\">\n<div class=\"wp-block-column is-layout-flow\">\n<figure class=\"wp-block-image size-large\"><img decoding=\"async\" loading=\"lazy\" width=\"1024\" height=\"674\" src=\"http:\/\/wittingsbrok.de\/wp-a6f61-content\/uploads\/2019\/08\/Biebel-2-1986-2-1024x674.jpg\" alt=\"\" class=\"wp-image-366\" srcset=\"https:\/\/wittingsbrok.de\/wp-a6f61-content\/uploads\/2019\/08\/Biebel-2-1986-2-1024x674.jpg 1024w, https:\/\/wittingsbrok.de\/wp-a6f61-content\/uploads\/2019\/08\/Biebel-2-1986-2-300x197.jpg 300w, https:\/\/wittingsbrok.de\/wp-a6f61-content\/uploads\/2019\/08\/Biebel-2-1986-2-768x505.jpg 768w\" sizes=\"(max-width: 1024px) 100vw, 1024px\" \/><figcaption> ca. 1985, Quelle: P. Reinig, Architektur in Oldenburg Holzberg Verlag 1986 <\/figcaption><\/figure>\n<\/div>\n\n\n\n<div class=\"wp-block-column is-layout-flow\">\n<figure class=\"wp-block-image size-large\"><img decoding=\"async\" loading=\"lazy\" width=\"968\" height=\"648\" src=\"http:\/\/wittingsbrok.de\/wp-a6f61-content\/uploads\/2019\/08\/IGP0782-1.jpg\" alt=\"\" class=\"wp-image-525\" srcset=\"https:\/\/wittingsbrok.de\/wp-a6f61-content\/uploads\/2019\/08\/IGP0782-1.jpg 968w, https:\/\/wittingsbrok.de\/wp-a6f61-content\/uploads\/2019\/08\/IGP0782-1-300x201.jpg 300w, https:\/\/wittingsbrok.de\/wp-a6f61-content\/uploads\/2019\/08\/IGP0782-1-768x514.jpg 768w\" sizes=\"(max-width: 968px) 100vw, 968px\" \/><figcaption>2019<\/figcaption><\/figure>\n<\/div>\n<\/div>\n\n\n\n<p><\/p>\n\n\n\n<div class=\"wp-block-image\"><figure class=\"aligncenter size-large is-resized\"><img decoding=\"async\" src=\"http:\/\/wittingsbrok.de\/wp-a6f61-content\/uploads\/2019\/08\/Nr.2-Eckhaus-4-1024x626.jpg\" alt=\"\" class=\"wp-image-277\" width=\"596\" srcset=\"https:\/\/wittingsbrok.de\/wp-a6f61-content\/uploads\/2019\/08\/Nr.2-Eckhaus-4-1024x626.jpg 1024w, https:\/\/wittingsbrok.de\/wp-a6f61-content\/uploads\/2019\/08\/Nr.2-Eckhaus-4-300x183.jpg 300w, https:\/\/wittingsbrok.de\/wp-a6f61-content\/uploads\/2019\/08\/Nr.2-Eckhaus-4-768x469.jpg 768w, https:\/\/wittingsbrok.de\/wp-a6f61-content\/uploads\/2019\/08\/Nr.2-Eckhaus-4.jpg 1667w\" sizes=\"(max-width: 1024px) 100vw, 1024px\" \/><figcaption>Nr. 12, 10, 8, 6, 4 und 2, jetzt Vahlenhorst 28<\/figcaption><\/figure><\/div>\n\n\n\n<div class=\"wp-block-image\"><figure class=\"aligncenter size-large is-resized\"><img decoding=\"async\" src=\"http:\/\/wittingsbrok.de\/wp-a6f61-content\/uploads\/2019\/11\/IMG_0001-2-1024x829.jpg\" alt=\"\" class=\"wp-image-1006\" width=\"400\" srcset=\"https:\/\/wittingsbrok.de\/wp-a6f61-content\/uploads\/2019\/11\/IMG_0001-2-1024x829.jpg 1024w, https:\/\/wittingsbrok.de\/wp-a6f61-content\/uploads\/2019\/11\/IMG_0001-2-300x243.jpg 300w, https:\/\/wittingsbrok.de\/wp-a6f61-content\/uploads\/2019\/11\/IMG_0001-2-768x621.jpg 768w, https:\/\/wittingsbrok.de\/wp-a6f61-content\/uploads\/2019\/11\/IMG_0001-2.jpg 1866w\" sizes=\"(max-width: 1024px) 100vw, 1024px\" \/><figcaption>  Nr. 20, 18, 16, 14; Quelle: Siedlungen der zwanziger Jahre in Niedersachsen, Hannover 1985, S. 109 <\/figcaption><\/figure><\/div>\n\n\n\n<div class=\"wp-block-image\"><figure class=\"aligncenter size-large is-resized\"><img decoding=\"async\" src=\"http:\/\/wittingsbrok.de\/wp-a6f61-content\/uploads\/2019\/08\/IGP0796.jpg\" alt=\"\" class=\"wp-image-529\" width=\"600\" srcset=\"https:\/\/wittingsbrok.de\/wp-a6f61-content\/uploads\/2019\/08\/IGP0796.jpg 968w, https:\/\/wittingsbrok.de\/wp-a6f61-content\/uploads\/2019\/08\/IGP0796-300x201.jpg 300w, https:\/\/wittingsbrok.de\/wp-a6f61-content\/uploads\/2019\/08\/IGP0796-768x514.jpg 768w\" sizes=\"(max-width: 968px) 100vw, 968px\" \/><figcaption>Nr. 1 &#8211; 9 2019<\/figcaption><\/figure><\/div>\n\n\n\n<div class=\"wp-block-columns is-layout-flex wp-container-9\">\n<div class=\"wp-block-column is-layout-flow\">\n<figure class=\"wp-block-image size-large\"><img decoding=\"async\" loading=\"lazy\" width=\"1024\" height=\"506\" src=\"http:\/\/wittingsbrok.de\/wp-a6f61-content\/uploads\/2019\/08\/GSG-Magazin-2-98-Wittingsbrok-Nr.-20-18-16-14-12-13-1024x506.jpg\" alt=\"\" class=\"wp-image-314\" srcset=\"https:\/\/wittingsbrok.de\/wp-a6f61-content\/uploads\/2019\/08\/GSG-Magazin-2-98-Wittingsbrok-Nr.-20-18-16-14-12-13-1024x506.jpg 1024w, https:\/\/wittingsbrok.de\/wp-a6f61-content\/uploads\/2019\/08\/GSG-Magazin-2-98-Wittingsbrok-Nr.-20-18-16-14-12-13-300x148.jpg 300w, https:\/\/wittingsbrok.de\/wp-a6f61-content\/uploads\/2019\/08\/GSG-Magazin-2-98-Wittingsbrok-Nr.-20-18-16-14-12-13-768x379.jpg 768w, https:\/\/wittingsbrok.de\/wp-a6f61-content\/uploads\/2019\/08\/GSG-Magazin-2-98-Wittingsbrok-Nr.-20-18-16-14-12-13.jpg 1999w\" sizes=\"(max-width: 1024px) 100vw, 1024px\" \/><figcaption> Wittingsbrok Nr. 18, 16, 14, 12, 10, 13 Blickrichtung S\u00fcden<\/figcaption><\/figure>\n\n\n\n<p><\/p>\n<\/div>\n\n\n\n<div class=\"wp-block-column is-layout-flow\">\n<figure class=\"wp-block-image size-large\"><img decoding=\"async\" loading=\"lazy\" width=\"1024\" height=\"553\" src=\"http:\/\/wittingsbrok.de\/wp-a6f61-content\/uploads\/2019\/08\/Entstehung-der-Siedlung-3.1-2-1024x553.jpg\" alt=\"\" class=\"wp-image-443\" srcset=\"https:\/\/wittingsbrok.de\/wp-a6f61-content\/uploads\/2019\/08\/Entstehung-der-Siedlung-3.1-2-1024x553.jpg 1024w, https:\/\/wittingsbrok.de\/wp-a6f61-content\/uploads\/2019\/08\/Entstehung-der-Siedlung-3.1-2-300x162.jpg 300w, https:\/\/wittingsbrok.de\/wp-a6f61-content\/uploads\/2019\/08\/Entstehung-der-Siedlung-3.1-2-768x415.jpg 768w, https:\/\/wittingsbrok.de\/wp-a6f61-content\/uploads\/2019\/08\/Entstehung-der-Siedlung-3.1-2.jpg 1521w\" sizes=\"(max-width: 1024px) 100vw, 1024px\" \/><figcaption> Vorentwurf von Dr. Ing. H. Biebel, Blickrichtung Norden, jetzt Nr. 17, 19, 21 .., rechts ein gr\u00f6\u00dferes nicht ausgef\u00fchrtes Haus<\/figcaption><\/figure>\n<\/div>\n<\/div>\n\n\n\n<div class=\"wp-block-columns is-layout-flex wp-container-12\">\n<div class=\"wp-block-column is-layout-flow\">\n<figure class=\"wp-block-image size-large is-resized\"><img decoding=\"async\" loading=\"lazy\" src=\"http:\/\/wittingsbrok.de\/wp-a6f61-content\/uploads\/2019\/08\/Nr.-13-und-15-1994-2-1024x800.jpg\" alt=\"\" class=\"wp-image-532\" width=\"400\" height=\"400\"\/><figcaption>  Nr. 13 und 15 1994 <\/figcaption><\/figure>\n<\/div>\n\n\n\n<div class=\"wp-block-column is-layout-flow\">\n<figure class=\"wp-block-image size-large\"><img decoding=\"async\" loading=\"lazy\" width=\"968\" height=\"648\" src=\"http:\/\/wittingsbrok.de\/wp-a6f61-content\/uploads\/2019\/08\/IGP0803.jpg\" alt=\"\" class=\"wp-image-530\" srcset=\"https:\/\/wittingsbrok.de\/wp-a6f61-content\/uploads\/2019\/08\/IGP0803.jpg 968w, https:\/\/wittingsbrok.de\/wp-a6f61-content\/uploads\/2019\/08\/IGP0803-300x201.jpg 300w, https:\/\/wittingsbrok.de\/wp-a6f61-content\/uploads\/2019\/08\/IGP0803-768x514.jpg 768w\" sizes=\"(max-width: 968px) 100vw, 968px\" \/><figcaption> Nr. 13 und 15 2019 <\/figcaption><\/figure>\n<\/div>\n<\/div>\n\n\n\n<div class=\"wp-block-image\"><figure class=\"aligncenter size-large is-resized\"><img decoding=\"async\" src=\"http:\/\/wittingsbrok.de\/wp-a6f61-content\/uploads\/2019\/11\/IMG_0006-4-1024x606.jpg\" alt=\"\" class=\"wp-image-977\" width=\"600\" srcset=\"https:\/\/wittingsbrok.de\/wp-a6f61-content\/uploads\/2019\/11\/IMG_0006-4-1024x606.jpg 1024w, https:\/\/wittingsbrok.de\/wp-a6f61-content\/uploads\/2019\/11\/IMG_0006-4-300x178.jpg 300w, https:\/\/wittingsbrok.de\/wp-a6f61-content\/uploads\/2019\/11\/IMG_0006-4-768x455.jpg 768w, https:\/\/wittingsbrok.de\/wp-a6f61-content\/uploads\/2019\/11\/IMG_0006-4.jpg 1834w\" sizes=\"(max-width: 1024px) 100vw, 1024px\" \/><figcaption>Blick Richtung Norden mit Nr. 17, 19, 21 am Platz, die Stra\u00dfe ist schon asphaltiert, also nach 1964 fotografiert<\/figcaption><\/figure><\/div>\n\n\n\n<div class=\"wp-block-columns is-layout-flex wp-container-15\">\n<div class=\"wp-block-column is-layout-flow\"><\/div>\n\n\n\n<div class=\"wp-block-column is-layout-flow\"><\/div>\n<\/div>\n\n\n\n<div class=\"wp-block-columns is-layout-flex wp-container-18\">\n<div class=\"wp-block-column is-layout-flow\">\n<div class=\"wp-block-image\"><figure class=\"aligncenter size-large is-resized\"><img decoding=\"async\" src=\"http:\/\/wittingsbrok.de\/wp-a6f61-content\/uploads\/2019\/11\/IMG_0002-3-1024x830.jpg\" alt=\"\" class=\"wp-image-1008\" width=\"400\" srcset=\"https:\/\/wittingsbrok.de\/wp-a6f61-content\/uploads\/2019\/11\/IMG_0002-3-1024x830.jpg 1024w, https:\/\/wittingsbrok.de\/wp-a6f61-content\/uploads\/2019\/11\/IMG_0002-3-300x243.jpg 300w, https:\/\/wittingsbrok.de\/wp-a6f61-content\/uploads\/2019\/11\/IMG_0002-3-768x622.jpg 768w, https:\/\/wittingsbrok.de\/wp-a6f61-content\/uploads\/2019\/11\/IMG_0002-3.jpg 1893w\" sizes=\"(max-width: 1024px) 100vw, 1024px\" \/><figcaption>  Nr. 26 &#8211; 34; Quelle: Siedlungen der zwanziger Jahre in Niedersachsen, Hannover 1985, S. 109 <\/figcaption><\/figure><\/div>\n<\/div>\n\n\n\n<div class=\"wp-block-column is-layout-flow\">\n<figure class=\"wp-block-image size-large\"><img decoding=\"async\" loading=\"lazy\" width=\"968\" height=\"648\" src=\"http:\/\/wittingsbrok.de\/wp-a6f61-content\/uploads\/2019\/08\/IGP0778.jpg\" alt=\"\" class=\"wp-image-526\" srcset=\"https:\/\/wittingsbrok.de\/wp-a6f61-content\/uploads\/2019\/08\/IGP0778.jpg 968w, https:\/\/wittingsbrok.de\/wp-a6f61-content\/uploads\/2019\/08\/IGP0778-300x201.jpg 300w, https:\/\/wittingsbrok.de\/wp-a6f61-content\/uploads\/2019\/08\/IGP0778-768x514.jpg 768w\" sizes=\"(max-width: 968px) 100vw, 968px\" \/><figcaption>  Nr. 24 &#8211; 34 2019 <\/figcaption><\/figure>\n<\/div>\n<\/div>\n\n\n\n<div class=\"wp-block-image\"><figure class=\"aligncenter size-large is-resized\"><img decoding=\"async\" src=\"http:\/\/wittingsbrok.de\/wp-a6f61-content\/uploads\/2019\/08\/IGP0804-1.jpg\" alt=\"\" class=\"wp-image-528\" width=\"700\" srcset=\"https:\/\/wittingsbrok.de\/wp-a6f61-content\/uploads\/2019\/08\/IGP0804-1.jpg 968w, https:\/\/wittingsbrok.de\/wp-a6f61-content\/uploads\/2019\/08\/IGP0804-1-300x201.jpg 300w, https:\/\/wittingsbrok.de\/wp-a6f61-content\/uploads\/2019\/08\/IGP0804-1-768x514.jpg 768w\" sizes=\"(max-width: 968px) 100vw, 968px\" \/><figcaption>Nr. 21 &#8211; 31<\/figcaption><\/figure><\/div>\n","protected":false},"excerpt":{"rendered":"","protected":false},"author":1,"featured_media":0,"parent":0,"menu_order":0,"comment_status":"closed","ping_status":"closed","template":"","meta":[],"yoast_head":"<!-- This site is optimized with the Yoast SEO plugin v19.11 - https:\/\/yoast.com\/wordpress\/plugins\/seo\/ -->\n<title>Stra\u00dfenansichten Wittingsbrok - 100 Jahre Siedlungsgeschichte<\/title>\n<meta name=\"robots\" content=\"index, follow, max-snippet:-1, max-image-preview:large, max-video-preview:-1\" \/>\n<link rel=\"canonical\" href=\"http:\/\/wittingsbrok.de\/?page_id=313\" \/>\n<meta property=\"og:locale\" content=\"de_DE\" \/>\n<meta property=\"og:type\" content=\"article\" \/>\n<meta property=\"og:title\" content=\"Stra\u00dfenansichten Wittingsbrok - 100 Jahre Siedlungsgeschichte\" \/>\n<meta property=\"og:url\" content=\"http:\/\/wittingsbrok.de\/?page_id=313\" \/>\n<meta property=\"og:site_name\" content=\"100 Jahre Siedlungsgeschichte\" \/>\n<meta property=\"article:modified_time\" content=\"2021-08-29T17:28:16+00:00\" \/>\n<meta property=\"og:image\" content=\"http:\/\/wittingsbrok.de\/wp-a6f61-content\/uploads\/2020\/08\/IMG-2-1024x473.jpg\" \/>\n<meta name=\"twitter:card\" content=\"summary_large_image\" \/>\n<meta name=\"twitter:label1\" content=\"Gesch\u00e4tzte Lesezeit\" \/>\n\t<meta name=\"twitter:data1\" content=\"1 Minute\" \/>\n<script type=\"application\/ld+json\" class=\"yoast-schema-graph\">{\"@context\":\"https:\/\/schema.org\",\"@graph\":[{\"@type\":\"WebPage\",\"@id\":\"http:\/\/wittingsbrok.de\/?page_id=313\",\"url\":\"http:\/\/wittingsbrok.de\/?page_id=313\",\"name\":\"Stra\u00dfenansichten Wittingsbrok - 100 Jahre Siedlungsgeschichte\",\"isPartOf\":{\"@id\":\"https:\/\/wittingsbrok.de\/#website\"},\"datePublished\":\"2019-08-11T22:12:43+00:00\",\"dateModified\":\"2021-08-29T17:28:16+00:00\",\"breadcrumb\":{\"@id\":\"http:\/\/wittingsbrok.de\/?page_id=313#breadcrumb\"},\"inLanguage\":\"de-DE\",\"potentialAction\":[{\"@type\":\"ReadAction\",\"target\":[\"http:\/\/wittingsbrok.de\/?page_id=313\"]}]},{\"@type\":\"BreadcrumbList\",\"@id\":\"http:\/\/wittingsbrok.de\/?page_id=313#breadcrumb\",\"itemListElement\":[{\"@type\":\"ListItem\",\"position\":1,\"name\":\"Startseite\",\"item\":\"https:\/\/wittingsbrok.de\/\"},{\"@type\":\"ListItem\",\"position\":2,\"name\":\"Stra\u00dfenansichten Wittingsbrok\"}]},{\"@type\":\"WebSite\",\"@id\":\"https:\/\/wittingsbrok.de\/#website\",\"url\":\"https:\/\/wittingsbrok.de\/\",\"name\":\"100 Jahre Siedlungsgeschichte\",\"description\":\" im Wittingsbrok und im Brunsbrok in Oldenburg, Niedersachsen\",\"publisher\":{\"@id\":\"https:\/\/wittingsbrok.de\/#organization\"},\"potentialAction\":[{\"@type\":\"SearchAction\",\"target\":{\"@type\":\"EntryPoint\",\"urlTemplate\":\"https:\/\/wittingsbrok.de\/?s={search_term_string}\"},\"query-input\":\"required name=search_term_string\"}],\"inLanguage\":\"de-DE\"},{\"@type\":\"Organization\",\"@id\":\"https:\/\/wittingsbrok.de\/#organization\",\"name\":\"100 Jahre Siedlungsgeschichte\",\"url\":\"https:\/\/wittingsbrok.de\/\",\"logo\":{\"@type\":\"ImageObject\",\"inLanguage\":\"de-DE\",\"@id\":\"https:\/\/wittingsbrok.de\/#\/schema\/logo\/image\/\",\"url\":\"https:\/\/wittingsbrok.de\/wp-a6f61-content\/uploads\/2019\/07\/Logo-4-1-e1562934907339.jpg\",\"contentUrl\":\"https:\/\/wittingsbrok.de\/wp-a6f61-content\/uploads\/2019\/07\/Logo-4-1-e1562934907339.jpg\",\"width\":100,\"height\":100,\"caption\":\"100 Jahre Siedlungsgeschichte\"},\"image\":{\"@id\":\"https:\/\/wittingsbrok.de\/#\/schema\/logo\/image\/\"}}]}<\/script>\n<!-- \/ Yoast SEO plugin. -->","yoast_head_json":{"title":"Stra\u00dfenansichten Wittingsbrok - 100 Jahre Siedlungsgeschichte","robots":{"index":"index","follow":"follow","max-snippet":"max-snippet:-1","max-image-preview":"max-image-preview:large","max-video-preview":"max-video-preview:-1"},"canonical":"http:\/\/wittingsbrok.de\/?page_id=313","og_locale":"de_DE","og_type":"article","og_title":"Stra\u00dfenansichten Wittingsbrok - 100 Jahre Siedlungsgeschichte","og_url":"http:\/\/wittingsbrok.de\/?page_id=313","og_site_name":"100 Jahre Siedlungsgeschichte","article_modified_time":"2021-08-29T17:28:16+00:00","og_image":[{"url":"http:\/\/wittingsbrok.de\/wp-a6f61-content\/uploads\/2020\/08\/IMG-2-1024x473.jpg"}],"twitter_card":"summary_large_image","twitter_misc":{"Gesch\u00e4tzte Lesezeit":"1 Minute"},"schema":{"@context":"https:\/\/schema.org","@graph":[{"@type":"WebPage","@id":"http:\/\/wittingsbrok.de\/?page_id=313","url":"http:\/\/wittingsbrok.de\/?page_id=313","name":"Stra\u00dfenansichten Wittingsbrok - 100 Jahre Siedlungsgeschichte","isPartOf":{"@id":"https:\/\/wittingsbrok.de\/#website"},"datePublished":"2019-08-11T22:12:43+00:00","dateModified":"2021-08-29T17:28:16+00:00","breadcrumb":{"@id":"http:\/\/wittingsbrok.de\/?page_id=313#breadcrumb"},"inLanguage":"de-DE","potentialAction":[{"@type":"ReadAction","target":["http:\/\/wittingsbrok.de\/?page_id=313"]}]},{"@type":"BreadcrumbList","@id":"http:\/\/wittingsbrok.de\/?page_id=313#breadcrumb","itemListElement":[{"@type":"ListItem","position":1,"name":"Startseite","item":"https:\/\/wittingsbrok.de\/"},{"@type":"ListItem","position":2,"name":"Stra\u00dfenansichten Wittingsbrok"}]},{"@type":"WebSite","@id":"https:\/\/wittingsbrok.de\/#website","url":"https:\/\/wittingsbrok.de\/","name":"100 Jahre Siedlungsgeschichte","description":" im Wittingsbrok und im Brunsbrok in Oldenburg, Niedersachsen","publisher":{"@id":"https:\/\/wittingsbrok.de\/#organization"},"potentialAction":[{"@type":"SearchAction","target":{"@type":"EntryPoint","urlTemplate":"https:\/\/wittingsbrok.de\/?s={search_term_string}"},"query-input":"required name=search_term_string"}],"inLanguage":"de-DE"},{"@type":"Organization","@id":"https:\/\/wittingsbrok.de\/#organization","name":"100 Jahre Siedlungsgeschichte","url":"https:\/\/wittingsbrok.de\/","logo":{"@type":"ImageObject","inLanguage":"de-DE","@id":"https:\/\/wittingsbrok.de\/#\/schema\/logo\/image\/","url":"https:\/\/wittingsbrok.de\/wp-a6f61-content\/uploads\/2019\/07\/Logo-4-1-e1562934907339.jpg","contentUrl":"https:\/\/wittingsbrok.de\/wp-a6f61-content\/uploads\/2019\/07\/Logo-4-1-e1562934907339.jpg","width":100,"height":100,"caption":"100 Jahre Siedlungsgeschichte"},"image":{"@id":"https:\/\/wittingsbrok.de\/#\/schema\/logo\/image\/"}}]}},"_links":{"self":[{"href":"https:\/\/wittingsbrok.de\/index.php?rest_route=\/wp\/v2\/pages\/313"}],"collection":[{"href":"https:\/\/wittingsbrok.de\/index.php?rest_route=\/wp\/v2\/pages"}],"about":[{"href":"https:\/\/wittingsbrok.de\/index.php?rest_route=\/wp\/v2\/types\/page"}],"author":[{"embeddable":true,"href":"https:\/\/wittingsbrok.de\/index.php?rest_route=\/wp\/v2\/users\/1"}],"replies":[{"embeddable":true,"href":"https:\/\/wittingsbrok.de\/index.php?rest_route=%2Fwp%2Fv2%2Fcomments&post=313"}],"version-history":[{"count":27,"href":"https:\/\/wittingsbrok.de\/index.php?rest_route=\/wp\/v2\/pages\/313\/revisions"}],"predecessor-version":[{"id":1138,"href":"https:\/\/wittingsbrok.de\/index.php?rest_route=\/wp\/v2\/pages\/313\/revisions\/1138"}],"wp:attachment":[{"href":"https:\/\/wittingsbrok.de\/index.php?rest_route=%2Fwp%2Fv2%2Fmedia&parent=313"}],"curies":[{"name":"wp","href":"https:\/\/api.w.org\/{rel}","templated":true}]}}