{"id":202,"date":"2019-08-10T14:42:07","date_gmt":"2019-08-10T12:42:07","guid":{"rendered":"http:\/\/wittingsbrok.de\/?page_id=202"},"modified":"2019-09-03T15:44:31","modified_gmt":"2019-09-03T13:44:31","slug":"haus-nr-27","status":"publish","type":"page","link":"https:\/\/wittingsbrok.de\/?page_id=202","title":{"rendered":"Nr. 27 &#8211; Die Geschichte des Hauses"},"content":{"rendered":"\n<p>Das Haus am Wittingsbrok 27 wurde 1921 gebaut. Die damaligen Besitzer wohnten nur ca. ein Jahr hier, bevor sie nach Brasilien auswanderten.<\/p>\n\n\n\n<figure class=\"wp-block-image size-large\"><img decoding=\"async\" loading=\"lazy\" width=\"749\" height=\"1024\" src=\"http:\/\/wittingsbrok.de\/wp-a6f61-content\/uploads\/2019\/08\/Nr.27-Nickel-1922-749x1024.jpg\" alt=\"\" class=\"wp-image-203\"\/><\/figure>\n\n\n\n<p>Der Opa von Georg Reil kaufte das Haus f\u00fcr seinen Sohn zur Hochzeit. Neuer Besitzer war nun Johann Reil, Vater von Georg, ab 1923 mit seiner Frau Auguste. Sie bekamen zusammen vier Kinder, alles Jungen. Ein Sohn ist im 2. Weltkriegg gefallen, ein anderer an einer schweren Lungenkrankheit gestorben.<\/p>\n\n\n\n<p>W\u00e4hrend des Krieges wurde eine Familie mit zwei Kindern, sogenannte \u201eAusgebombte\u201c, im Haus aufgenommen. Sie wohnten im Obergeschoss, was nur provisorisch aus zwei Zimmern bestand.  <\/p>\n\n\n\n<p>Sp\u00e4ter wohnte oben eine Frau Lehmann und unten Reils mit vier, dann f\u00fcnf Personen. Georg heiratete Helga Reil, geb. Backenk\u00f6hler, 1953. Nun wurde es sehr eng im Hause Reil. Georg und Helga bauten ein kleines H\u00e4uschen gleich hinter dem Vorderhaus, Nr. 27a.  <\/p>\n\n\n\n<p>Auf dem Hinterhof gab es f\u00fcr alle ein kleines &#8222;Plumpsklo&#8220;. In einem selbstgebauten Schuppen gab es einige H\u00fchner und Kaninchen. Neben dem Vorderhaus stand eine Zeit lang ein ausrangierter Eisenbahnwaggon, der als Abstellraum genutzt wurde. Der schmale lange Garten hinter den beiden H\u00e4usern wurde als Gem\u00fcse- und Obstgarten genutzt. Es standen mehrere Apfel-, Birn- und Zwetschgenb\u00e4ume hier. <br>Als das H\u00e4uschen Nr. 27a fertig gebaut war, zogen Georg und Helga dort ein und bekamen 1958 ihren einzigen Jungen, Klaus. Im Vorderhaus wohnten nun nur noch Johann und Auguste Reil sowie oben im ersten Stock Helgas Mutter, Martha Backenk\u00f6hler.<\/p>\n\n\n\n<p>Nachdem\nGeorgs Eltern verstorben waren, wurde 1986 ein gr\u00f6\u00dferer Bau\ngestartet. Der Dachstuhl musste erneuert werden und es wurde eine\nkleine Wohnung mit kleinem Balkon gebaut. Es entstand an einer Seite\neine Dachgaube, die andere Seite wurde damals nicht genehmigt. 1987\nlernte Klaus Birgit kennen und nun wohnten sie als Paar im\nObergeschoss. Oma Martha hatte nun unten ein kleine, abgeschlossene\nWohnung. \n<\/p>\n\n\n\n<p>1990 meldete sich Nachwuchs an und Klaus und Birgit bekamen ein neues Schlafzimmer unten. Die Stube von Oma Martha wurde umgebaut und so ver\u00e4nderten sich die Wohnverh\u00e4ltnisse. 1994 kam noch ein Baby und f\u00fcr die vierk\u00f6pfige Familie wurde es nochmals sehr eng. 1996 verstarb Oma Martha mit 96 Jahren.<\/p>\n\n\n\n<p>1998 wurde erneut umgebaut im Haus Nr. 27. Doch auch das kleine H\u00e4uschen Nr. 27a musste renoviert werden. Es bekam auch einen neuen Dachstuhl und eine kleine Dachgaube wurde angebaut. In dieser Bauzeit wohnten Helga und Georg in ihrem Wohnwagen im Garten.<\/p>\n\n\n\n<p>Die Abgrenzungen zwischen den einzelnen Grundst\u00fccken waren Hecken aus Buchsbaum oder Lebensbaum. Vor dem Haus Nr. 27 war eine kleine Buchenhecke und dahinter vor dem Eingang ein Beet mit Rosen. <\/p>\n\n\n\n<p>In der Nachbarschaft gab es immer etwas zu feiern. Geburtstage, Richtfeste, Hochzeiten, Geburten usw. Die Reils haben lange im Sch\u00fctzenverein aktiv geschossen und dort wurden auch viele Feste gefeiert. Einmal war Georg der Sch\u00fctzenk\u00f6nig und er wurde mit Musik und vielen Leuten vom Wittingsbrok 27 abgeholt.<\/p>\n\n\n\n<figure class=\"wp-block-image size-large\"><img decoding=\"async\" loading=\"lazy\" width=\"1024\" height=\"671\" src=\"http:\/\/wittingsbrok.de\/wp-a6f61-content\/uploads\/2019\/08\/Nr.27-Sch\u00fctzenk\u00f6nig-1955-Kopie-2-1024x671.jpg\" alt=\"\" class=\"wp-image-359\" srcset=\"https:\/\/wittingsbrok.de\/wp-a6f61-content\/uploads\/2019\/08\/Nr.27-Sch\u00fctzenk\u00f6nig-1955-Kopie-2-1024x671.jpg 1024w, https:\/\/wittingsbrok.de\/wp-a6f61-content\/uploads\/2019\/08\/Nr.27-Sch\u00fctzenk\u00f6nig-1955-Kopie-2-300x197.jpg 300w, https:\/\/wittingsbrok.de\/wp-a6f61-content\/uploads\/2019\/08\/Nr.27-Sch\u00fctzenk\u00f6nig-1955-Kopie-2-768x503.jpg 768w, https:\/\/wittingsbrok.de\/wp-a6f61-content\/uploads\/2019\/08\/Nr.27-Sch\u00fctzenk\u00f6nig-1955-Kopie-2.jpg 1715w\" sizes=\"(max-width: 1024px) 100vw, 1024px\" \/><figcaption>Sch\u00fctzenfest<\/figcaption><\/figure>\n\n\n\n<figure class=\"wp-block-image size-large\"><img decoding=\"async\" loading=\"lazy\" width=\"1024\" height=\"697\" src=\"http:\/\/wittingsbrok.de\/wp-a6f61-content\/uploads\/2019\/08\/Nr.27-Sch\u00fctzenk\u00f6nig-1955-Kopie-1024x697.jpg\" alt=\"\" class=\"wp-image-207\" srcset=\"https:\/\/wittingsbrok.de\/wp-a6f61-content\/uploads\/2019\/08\/Nr.27-Sch\u00fctzenk\u00f6nig-1955-Kopie-1024x697.jpg 1024w, https:\/\/wittingsbrok.de\/wp-a6f61-content\/uploads\/2019\/08\/Nr.27-Sch\u00fctzenk\u00f6nig-1955-Kopie-300x204.jpg 300w, https:\/\/wittingsbrok.de\/wp-a6f61-content\/uploads\/2019\/08\/Nr.27-Sch\u00fctzenk\u00f6nig-1955-Kopie-768x523.jpg 768w, https:\/\/wittingsbrok.de\/wp-a6f61-content\/uploads\/2019\/08\/Nr.27-Sch\u00fctzenk\u00f6nig-1955-Kopie.jpg 1646w\" sizes=\"(max-width: 1024px) 100vw, 1024px\" \/><\/figure>\n\n\n\n<figure class=\"wp-block-image size-large\"><img decoding=\"async\" loading=\"lazy\" width=\"1024\" height=\"687\" src=\"http:\/\/wittingsbrok.de\/wp-a6f61-content\/uploads\/2019\/08\/vor-Nr.27-Sch\u00fctzenk\u00f6nig-1955-Kopie-4-1024x687.jpg\" alt=\"\" class=\"wp-image-208\" srcset=\"https:\/\/wittingsbrok.de\/wp-a6f61-content\/uploads\/2019\/08\/vor-Nr.27-Sch\u00fctzenk\u00f6nig-1955-Kopie-4-1024x687.jpg 1024w, https:\/\/wittingsbrok.de\/wp-a6f61-content\/uploads\/2019\/08\/vor-Nr.27-Sch\u00fctzenk\u00f6nig-1955-Kopie-4-300x201.jpg 300w, https:\/\/wittingsbrok.de\/wp-a6f61-content\/uploads\/2019\/08\/vor-Nr.27-Sch\u00fctzenk\u00f6nig-1955-Kopie-4-768x515.jpg 768w, https:\/\/wittingsbrok.de\/wp-a6f61-content\/uploads\/2019\/08\/vor-Nr.27-Sch\u00fctzenk\u00f6nig-1955-Kopie-4.jpg 1697w\" sizes=\"(max-width: 1024px) 100vw, 1024px\" \/><\/figure>\n\n\n\n<p>Dann marschierten alle zu Dr\u00f6gen Hasen, wo der Verein \u201eTell Wechloy\u201c seinen Schie\u00dfstand hatte. Dort fand das Sch\u00fctzenfest statt. Auch Helga, Klaus und Birgit waren mehrmals Sch\u00fctzenk\u00f6nige\/innen. <\/p>\n\n\n\n<p> An der Front des Hauses befinden sich heute noch die beiden Anker und zwei Guckl\u00f6cher.  <\/p>\n\n\n\n<figure class=\"wp-block-image size-large\"><img decoding=\"async\" loading=\"lazy\" width=\"634\" height=\"768\" src=\"http:\/\/wittingsbrok.de\/wp-a6f61-content\/uploads\/2019\/09\/IGP0831-2.jpg\" alt=\"\" class=\"wp-image-563\" srcset=\"https:\/\/wittingsbrok.de\/wp-a6f61-content\/uploads\/2019\/09\/IGP0831-2.jpg 634w, https:\/\/wittingsbrok.de\/wp-a6f61-content\/uploads\/2019\/09\/IGP0831-2-248x300.jpg 248w\" sizes=\"(max-width: 634px) 100vw, 634px\" \/><\/figure>\n\n\n\n<p>Birgit Reil<\/p>\n","protected":false},"excerpt":{"rendered":"<p>Das Haus am Wittingsbrok 27 wurde 1921 gebaut. Die damaligen Besitzer wohnten nur ca. ein Jahr hier, bevor sie nach Brasilien auswanderten. Der Opa von Georg Reil kaufte das Haus f\u00fcr seinen Sohn zur Hochzeit. Neuer Besitzer war nun Johann Reil, Vater von Georg, ab 1923 mit seiner Frau Auguste. Sie bekamen zusammen vier Kinder, [&hellip;]<\/p>\n","protected":false},"author":1,"featured_media":0,"parent":0,"menu_order":0,"comment_status":"closed","ping_status":"closed","template":"","meta":[],"yoast_head":"<!-- This site is optimized with the Yoast SEO plugin v19.11 - https:\/\/yoast.com\/wordpress\/plugins\/seo\/ -->\n<title>Nr. 27 - Die Geschichte des Hauses - 100 Jahre Siedlungsgeschichte<\/title>\n<meta name=\"robots\" content=\"index, follow, max-snippet:-1, max-image-preview:large, max-video-preview:-1\" \/>\n<link rel=\"canonical\" href=\"https:\/\/wittingsbrok.de\/?page_id=202\" \/>\n<meta property=\"og:locale\" content=\"de_DE\" \/>\n<meta property=\"og:type\" content=\"article\" \/>\n<meta property=\"og:title\" content=\"Nr. 27 - Die Geschichte des Hauses - 100 Jahre Siedlungsgeschichte\" \/>\n<meta property=\"og:description\" content=\"Das Haus am Wittingsbrok 27 wurde 1921 gebaut. Die damaligen Besitzer wohnten nur ca. ein Jahr hier, bevor sie nach Brasilien auswanderten. Der Opa von Georg Reil kaufte das Haus f\u00fcr seinen Sohn zur Hochzeit. Neuer Besitzer war nun Johann Reil, Vater von Georg, ab 1923 mit seiner Frau Auguste. Sie bekamen zusammen vier Kinder, [&hellip;]\" \/>\n<meta property=\"og:url\" content=\"https:\/\/wittingsbrok.de\/?page_id=202\" \/>\n<meta property=\"og:site_name\" content=\"100 Jahre Siedlungsgeschichte\" \/>\n<meta property=\"article:modified_time\" content=\"2019-09-03T13:44:31+00:00\" \/>\n<meta property=\"og:image\" content=\"http:\/\/wittingsbrok.de\/wp-a6f61-content\/uploads\/2019\/08\/Nr.27-Nickel-1922-749x1024.jpg\" \/>\n<meta name=\"twitter:card\" content=\"summary_large_image\" \/>\n<meta name=\"twitter:label1\" content=\"Gesch\u00e4tzte Lesezeit\" \/>\n\t<meta name=\"twitter:data1\" content=\"3 Minuten\" \/>\n<script type=\"application\/ld+json\" class=\"yoast-schema-graph\">{\"@context\":\"https:\/\/schema.org\",\"@graph\":[{\"@type\":\"WebPage\",\"@id\":\"https:\/\/wittingsbrok.de\/?page_id=202\",\"url\":\"https:\/\/wittingsbrok.de\/?page_id=202\",\"name\":\"Nr. 27 - Die Geschichte des Hauses - 100 Jahre Siedlungsgeschichte\",\"isPartOf\":{\"@id\":\"https:\/\/wittingsbrok.de\/#website\"},\"datePublished\":\"2019-08-10T12:42:07+00:00\",\"dateModified\":\"2019-09-03T13:44:31+00:00\",\"breadcrumb\":{\"@id\":\"https:\/\/wittingsbrok.de\/?page_id=202#breadcrumb\"},\"inLanguage\":\"de-DE\",\"potentialAction\":[{\"@type\":\"ReadAction\",\"target\":[\"https:\/\/wittingsbrok.de\/?page_id=202\"]}]},{\"@type\":\"BreadcrumbList\",\"@id\":\"https:\/\/wittingsbrok.de\/?page_id=202#breadcrumb\",\"itemListElement\":[{\"@type\":\"ListItem\",\"position\":1,\"name\":\"Startseite\",\"item\":\"https:\/\/wittingsbrok.de\/\"},{\"@type\":\"ListItem\",\"position\":2,\"name\":\"Nr. 27 &#8211; Die Geschichte des Hauses\"}]},{\"@type\":\"WebSite\",\"@id\":\"https:\/\/wittingsbrok.de\/#website\",\"url\":\"https:\/\/wittingsbrok.de\/\",\"name\":\"100 Jahre Siedlungsgeschichte\",\"description\":\" im Wittingsbrok und im Brunsbrok in Oldenburg, Niedersachsen\",\"publisher\":{\"@id\":\"https:\/\/wittingsbrok.de\/#organization\"},\"potentialAction\":[{\"@type\":\"SearchAction\",\"target\":{\"@type\":\"EntryPoint\",\"urlTemplate\":\"https:\/\/wittingsbrok.de\/?s={search_term_string}\"},\"query-input\":\"required name=search_term_string\"}],\"inLanguage\":\"de-DE\"},{\"@type\":\"Organization\",\"@id\":\"https:\/\/wittingsbrok.de\/#organization\",\"name\":\"100 Jahre Siedlungsgeschichte\",\"url\":\"https:\/\/wittingsbrok.de\/\",\"logo\":{\"@type\":\"ImageObject\",\"inLanguage\":\"de-DE\",\"@id\":\"https:\/\/wittingsbrok.de\/#\/schema\/logo\/image\/\",\"url\":\"https:\/\/wittingsbrok.de\/wp-a6f61-content\/uploads\/2019\/07\/Logo-4-1-e1562934907339.jpg\",\"contentUrl\":\"https:\/\/wittingsbrok.de\/wp-a6f61-content\/uploads\/2019\/07\/Logo-4-1-e1562934907339.jpg\",\"width\":100,\"height\":100,\"caption\":\"100 Jahre Siedlungsgeschichte\"},\"image\":{\"@id\":\"https:\/\/wittingsbrok.de\/#\/schema\/logo\/image\/\"}}]}<\/script>\n<!-- \/ Yoast SEO plugin. -->","yoast_head_json":{"title":"Nr. 27 - Die Geschichte des Hauses - 100 Jahre Siedlungsgeschichte","robots":{"index":"index","follow":"follow","max-snippet":"max-snippet:-1","max-image-preview":"max-image-preview:large","max-video-preview":"max-video-preview:-1"},"canonical":"https:\/\/wittingsbrok.de\/?page_id=202","og_locale":"de_DE","og_type":"article","og_title":"Nr. 27 - Die Geschichte des Hauses - 100 Jahre Siedlungsgeschichte","og_description":"Das Haus am Wittingsbrok 27 wurde 1921 gebaut. Die damaligen Besitzer wohnten nur ca. ein Jahr hier, bevor sie nach Brasilien auswanderten. Der Opa von Georg Reil kaufte das Haus f\u00fcr seinen Sohn zur Hochzeit. Neuer Besitzer war nun Johann Reil, Vater von Georg, ab 1923 mit seiner Frau Auguste. Sie bekamen zusammen vier Kinder, [&hellip;]","og_url":"https:\/\/wittingsbrok.de\/?page_id=202","og_site_name":"100 Jahre Siedlungsgeschichte","article_modified_time":"2019-09-03T13:44:31+00:00","og_image":[{"url":"http:\/\/wittingsbrok.de\/wp-a6f61-content\/uploads\/2019\/08\/Nr.27-Nickel-1922-749x1024.jpg"}],"twitter_card":"summary_large_image","twitter_misc":{"Gesch\u00e4tzte Lesezeit":"3 Minuten"},"schema":{"@context":"https:\/\/schema.org","@graph":[{"@type":"WebPage","@id":"https:\/\/wittingsbrok.de\/?page_id=202","url":"https:\/\/wittingsbrok.de\/?page_id=202","name":"Nr. 27 - Die Geschichte des Hauses - 100 Jahre Siedlungsgeschichte","isPartOf":{"@id":"https:\/\/wittingsbrok.de\/#website"},"datePublished":"2019-08-10T12:42:07+00:00","dateModified":"2019-09-03T13:44:31+00:00","breadcrumb":{"@id":"https:\/\/wittingsbrok.de\/?page_id=202#breadcrumb"},"inLanguage":"de-DE","potentialAction":[{"@type":"ReadAction","target":["https:\/\/wittingsbrok.de\/?page_id=202"]}]},{"@type":"BreadcrumbList","@id":"https:\/\/wittingsbrok.de\/?page_id=202#breadcrumb","itemListElement":[{"@type":"ListItem","position":1,"name":"Startseite","item":"https:\/\/wittingsbrok.de\/"},{"@type":"ListItem","position":2,"name":"Nr. 27 &#8211; Die Geschichte des Hauses"}]},{"@type":"WebSite","@id":"https:\/\/wittingsbrok.de\/#website","url":"https:\/\/wittingsbrok.de\/","name":"100 Jahre Siedlungsgeschichte","description":" im Wittingsbrok und im Brunsbrok in Oldenburg, Niedersachsen","publisher":{"@id":"https:\/\/wittingsbrok.de\/#organization"},"potentialAction":[{"@type":"SearchAction","target":{"@type":"EntryPoint","urlTemplate":"https:\/\/wittingsbrok.de\/?s={search_term_string}"},"query-input":"required name=search_term_string"}],"inLanguage":"de-DE"},{"@type":"Organization","@id":"https:\/\/wittingsbrok.de\/#organization","name":"100 Jahre Siedlungsgeschichte","url":"https:\/\/wittingsbrok.de\/","logo":{"@type":"ImageObject","inLanguage":"de-DE","@id":"https:\/\/wittingsbrok.de\/#\/schema\/logo\/image\/","url":"https:\/\/wittingsbrok.de\/wp-a6f61-content\/uploads\/2019\/07\/Logo-4-1-e1562934907339.jpg","contentUrl":"https:\/\/wittingsbrok.de\/wp-a6f61-content\/uploads\/2019\/07\/Logo-4-1-e1562934907339.jpg","width":100,"height":100,"caption":"100 Jahre Siedlungsgeschichte"},"image":{"@id":"https:\/\/wittingsbrok.de\/#\/schema\/logo\/image\/"}}]}},"_links":{"self":[{"href":"https:\/\/wittingsbrok.de\/index.php?rest_route=\/wp\/v2\/pages\/202"}],"collection":[{"href":"https:\/\/wittingsbrok.de\/index.php?rest_route=\/wp\/v2\/pages"}],"about":[{"href":"https:\/\/wittingsbrok.de\/index.php?rest_route=\/wp\/v2\/types\/page"}],"author":[{"embeddable":true,"href":"https:\/\/wittingsbrok.de\/index.php?rest_route=\/wp\/v2\/users\/1"}],"replies":[{"embeddable":true,"href":"https:\/\/wittingsbrok.de\/index.php?rest_route=%2Fwp%2Fv2%2Fcomments&post=202"}],"version-history":[{"count":8,"href":"https:\/\/wittingsbrok.de\/index.php?rest_route=\/wp\/v2\/pages\/202\/revisions"}],"predecessor-version":[{"id":564,"href":"https:\/\/wittingsbrok.de\/index.php?rest_route=\/wp\/v2\/pages\/202\/revisions\/564"}],"wp:attachment":[{"href":"https:\/\/wittingsbrok.de\/index.php?rest_route=%2Fwp%2Fv2%2Fmedia&parent=202"}],"curies":[{"name":"wp","href":"https:\/\/api.w.org\/{rel}","templated":true}]}}