{"id":647,"date":"2019-09-04T18:06:47","date_gmt":"2019-09-04T16:06:47","guid":{"rendered":"http:\/\/wittingsbrok.de\/?page_id=647"},"modified":"2019-11-14T12:38:55","modified_gmt":"2019-11-14T10:38:55","slug":"tueren-und-fenster","status":"publish","type":"page","link":"http:\/\/wittingsbrok.de\/?page_id=647","title":{"rendered":"T\u00fcren und Fenster"},"content":{"rendered":"\n<p>Rundb\u00f6gen \u00fcber den Eingangst\u00fcren waren ein immer wiederkehrendes Gestaltungselement der Bauten von Dr. Biebel. In der Siedlung wurden die Rundb\u00f6gen teilweise zugemauert, teilweise in die Eingangst\u00fcr integriert oder als eigenes Fenster \u00fcber der T\u00fcr gestaltet. Original erhalten sind die Fenster nur noch im Haus an der Nadorster Stra\u00dfe.<\/p>\n\n\n\n<div class=\"wp-block-columns is-layout-flex wp-container-3\">\n<div class=\"wp-block-column is-layout-flow\">\n<figure class=\"wp-block-image size-large is-resized\"><img decoding=\"async\" src=\"http:\/\/wittingsbrok.de\/wp-a6f61-content\/uploads\/2019\/09\/DSC_1538-2.jpg\" alt=\"\" class=\"wp-image-648\" width=\"350\" srcset=\"http:\/\/wittingsbrok.de\/wp-a6f61-content\/uploads\/2019\/09\/DSC_1538-2.jpg 537w, http:\/\/wittingsbrok.de\/wp-a6f61-content\/uploads\/2019\/09\/DSC_1538-2-211x300.jpg 211w\" sizes=\"(max-width: 537px) 100vw, 537px\" \/><figcaption> Zeichnung zu Haus Nr. 34 <\/figcaption><\/figure>\n<\/div>\n\n\n\n<div class=\"wp-block-column is-layout-flow\">\n<figure class=\"wp-block-image size-large is-resized\"><img decoding=\"async\" src=\"http:\/\/wittingsbrok.de\/wp-a6f61-content\/uploads\/2019\/09\/IGP0844-2-683x1024.jpg\" alt=\"\" class=\"wp-image-644\" width=\"300\" srcset=\"http:\/\/wittingsbrok.de\/wp-a6f61-content\/uploads\/2019\/09\/IGP0844-2-683x1024.jpg 683w, http:\/\/wittingsbrok.de\/wp-a6f61-content\/uploads\/2019\/09\/IGP0844-2-200x300.jpg 200w, http:\/\/wittingsbrok.de\/wp-a6f61-content\/uploads\/2019\/09\/IGP0844-2-768x1151.jpg 768w\" sizes=\"(max-width: 683px) 100vw, 683px\" \/><figcaption> Nadorster Stra\u00dfe 215 <\/figcaption><\/figure>\n<\/div>\n<\/div>\n\n\n\n<div class=\"wp-block-columns is-layout-flex wp-container-6\">\n<div class=\"wp-block-column is-layout-flow\">\n<div class=\"wp-block-image\"><figure class=\"aligncenter size-large is-resized\"><img decoding=\"async\" src=\"http:\/\/wittingsbrok.de\/wp-a6f61-content\/uploads\/2019\/09\/IGP0851-2-481x1024.jpg\" alt=\"\" class=\"wp-image-650\" width=\"250\" srcset=\"http:\/\/wittingsbrok.de\/wp-a6f61-content\/uploads\/2019\/09\/IGP0851-2-481x1024.jpg 481w, http:\/\/wittingsbrok.de\/wp-a6f61-content\/uploads\/2019\/09\/IGP0851-2-141x300.jpg 141w, http:\/\/wittingsbrok.de\/wp-a6f61-content\/uploads\/2019\/09\/IGP0851-2-768x1634.jpg 768w, http:\/\/wittingsbrok.de\/wp-a6f61-content\/uploads\/2019\/09\/IGP0851-2.jpg 1452w\" sizes=\"(max-width: 481px) 100vw, 481px\" \/><\/figure><\/div>\n<\/div>\n\n\n\n<div class=\"wp-block-column is-layout-flow\">\n<figure class=\"wp-block-image size-large is-resized\"><img decoding=\"async\" src=\"http:\/\/wittingsbrok.de\/wp-a6f61-content\/uploads\/2019\/09\/IGP0850-2-533x1024.jpg\" alt=\"\" class=\"wp-image-651\" width=\"296\" srcset=\"http:\/\/wittingsbrok.de\/wp-a6f61-content\/uploads\/2019\/09\/IGP0850-2-533x1024.jpg 533w, http:\/\/wittingsbrok.de\/wp-a6f61-content\/uploads\/2019\/09\/IGP0850-2-156x300.jpg 156w, http:\/\/wittingsbrok.de\/wp-a6f61-content\/uploads\/2019\/09\/IGP0850-2-768x1477.jpg 768w, http:\/\/wittingsbrok.de\/wp-a6f61-content\/uploads\/2019\/09\/IGP0850-2.jpg 1901w\" sizes=\"(max-width: 533px) 100vw, 533px\" \/><\/figure>\n<\/div>\n<\/div>\n\n\n\n<div class=\"wp-block-image\"><figure class=\"aligncenter size-large is-resized\"><img decoding=\"async\" src=\"http:\/\/wittingsbrok.de\/wp-a6f61-content\/uploads\/2019\/09\/IGP0794.jpg\" alt=\"\" class=\"wp-image-653\" width=\"300\" srcset=\"http:\/\/wittingsbrok.de\/wp-a6f61-content\/uploads\/2019\/09\/IGP0794.jpg 648w, http:\/\/wittingsbrok.de\/wp-a6f61-content\/uploads\/2019\/09\/IGP0794-201x300.jpg 201w\" sizes=\"(max-width: 648px) 100vw, 648px\" \/><figcaption>Eine originale T\u00fcr<\/figcaption><\/figure><\/div>\n\n\n\n<div class=\"wp-block-columns is-layout-flex wp-container-9\">\n<div class=\"wp-block-column is-layout-flow\">\n<figure class=\"wp-block-image size-large is-resized\"><img decoding=\"async\" src=\"http:\/\/wittingsbrok.de\/wp-a6f61-content\/uploads\/2019\/09\/IGP0806.jpg\" alt=\"\" class=\"wp-image-656\" width=\"300\" srcset=\"http:\/\/wittingsbrok.de\/wp-a6f61-content\/uploads\/2019\/09\/IGP0806.jpg 648w, http:\/\/wittingsbrok.de\/wp-a6f61-content\/uploads\/2019\/09\/IGP0806-201x300.jpg 201w\" sizes=\"(max-width: 648px) 100vw, 648px\" \/><\/figure>\n<\/div>\n\n\n\n<div class=\"wp-block-column is-layout-flow\">\n<figure class=\"wp-block-image size-large is-resized\"><img decoding=\"async\" src=\"http:\/\/wittingsbrok.de\/wp-a6f61-content\/uploads\/2019\/09\/IGP0805.jpg\" alt=\"\" class=\"wp-image-654\" width=\"300\" srcset=\"http:\/\/wittingsbrok.de\/wp-a6f61-content\/uploads\/2019\/09\/IGP0805.jpg 648w, http:\/\/wittingsbrok.de\/wp-a6f61-content\/uploads\/2019\/09\/IGP0805-201x300.jpg 201w\" sizes=\"(max-width: 648px) 100vw, 648px\" \/><\/figure>\n<\/div>\n<\/div>\n","protected":false},"excerpt":{"rendered":"<p>Rundb\u00f6gen \u00fcber den Eingangst\u00fcren waren ein immer wiederkehrendes Gestaltungselement der Bauten von Dr. Biebel. In der Siedlung wurden die Rundb\u00f6gen teilweise zugemauert, teilweise in die Eingangst\u00fcr integriert oder als eigenes Fenster \u00fcber der T\u00fcr gestaltet. Original erhalten sind die Fenster nur noch im Haus an der Nadorster Stra\u00dfe.<\/p>\n","protected":false},"author":1,"featured_media":0,"parent":0,"menu_order":0,"comment_status":"closed","ping_status":"closed","template":"","meta":[],"yoast_head":"<!-- This site is optimized with the Yoast SEO plugin v19.11 - https:\/\/yoast.com\/wordpress\/plugins\/seo\/ -->\n<title>T\u00fcren und Fenster - 100 Jahre Siedlungsgeschichte<\/title>\n<meta name=\"robots\" content=\"index, follow, max-snippet:-1, max-image-preview:large, max-video-preview:-1\" \/>\n<link rel=\"canonical\" href=\"http:\/\/wittingsbrok.de\/?page_id=647\" \/>\n<meta property=\"og:locale\" content=\"de_DE\" \/>\n<meta property=\"og:type\" content=\"article\" \/>\n<meta property=\"og:title\" content=\"T\u00fcren und Fenster - 100 Jahre Siedlungsgeschichte\" \/>\n<meta property=\"og:description\" content=\"Rundb\u00f6gen \u00fcber den Eingangst\u00fcren waren ein immer wiederkehrendes Gestaltungselement der Bauten von Dr. Biebel. In der Siedlung wurden die Rundb\u00f6gen teilweise zugemauert, teilweise in die Eingangst\u00fcr integriert oder als eigenes Fenster \u00fcber der T\u00fcr gestaltet. Original erhalten sind die Fenster nur noch im Haus an der Nadorster Stra\u00dfe.\" \/>\n<meta property=\"og:url\" content=\"http:\/\/wittingsbrok.de\/?page_id=647\" \/>\n<meta property=\"og:site_name\" content=\"100 Jahre Siedlungsgeschichte\" \/>\n<meta property=\"article:modified_time\" content=\"2019-11-14T10:38:55+00:00\" \/>\n<meta property=\"og:image\" content=\"http:\/\/wittingsbrok.de\/wp-a6f61-content\/uploads\/2019\/09\/DSC_1538-2.jpg\" \/>\n<meta name=\"twitter:card\" content=\"summary_large_image\" \/>\n<script type=\"application\/ld+json\" class=\"yoast-schema-graph\">{\"@context\":\"https:\/\/schema.org\",\"@graph\":[{\"@type\":\"WebPage\",\"@id\":\"http:\/\/wittingsbrok.de\/?page_id=647\",\"url\":\"http:\/\/wittingsbrok.de\/?page_id=647\",\"name\":\"T\u00fcren und Fenster - 100 Jahre Siedlungsgeschichte\",\"isPartOf\":{\"@id\":\"http:\/\/wittingsbrok.de\/#website\"},\"datePublished\":\"2019-09-04T16:06:47+00:00\",\"dateModified\":\"2019-11-14T10:38:55+00:00\",\"breadcrumb\":{\"@id\":\"http:\/\/wittingsbrok.de\/?page_id=647#breadcrumb\"},\"inLanguage\":\"de-DE\",\"potentialAction\":[{\"@type\":\"ReadAction\",\"target\":[\"http:\/\/wittingsbrok.de\/?page_id=647\"]}]},{\"@type\":\"BreadcrumbList\",\"@id\":\"http:\/\/wittingsbrok.de\/?page_id=647#breadcrumb\",\"itemListElement\":[{\"@type\":\"ListItem\",\"position\":1,\"name\":\"Startseite\",\"item\":\"http:\/\/wittingsbrok.de\/\"},{\"@type\":\"ListItem\",\"position\":2,\"name\":\"T\u00fcren und Fenster\"}]},{\"@type\":\"WebSite\",\"@id\":\"http:\/\/wittingsbrok.de\/#website\",\"url\":\"http:\/\/wittingsbrok.de\/\",\"name\":\"100 Jahre Siedlungsgeschichte\",\"description\":\" im Wittingsbrok und im Brunsbrok in Oldenburg, Niedersachsen\",\"publisher\":{\"@id\":\"http:\/\/wittingsbrok.de\/#organization\"},\"potentialAction\":[{\"@type\":\"SearchAction\",\"target\":{\"@type\":\"EntryPoint\",\"urlTemplate\":\"http:\/\/wittingsbrok.de\/?s={search_term_string}\"},\"query-input\":\"required name=search_term_string\"}],\"inLanguage\":\"de-DE\"},{\"@type\":\"Organization\",\"@id\":\"http:\/\/wittingsbrok.de\/#organization\",\"name\":\"100 Jahre Siedlungsgeschichte\",\"url\":\"http:\/\/wittingsbrok.de\/\",\"logo\":{\"@type\":\"ImageObject\",\"inLanguage\":\"de-DE\",\"@id\":\"http:\/\/wittingsbrok.de\/#\/schema\/logo\/image\/\",\"url\":\"http:\/\/wittingsbrok.de\/wp-a6f61-content\/uploads\/2019\/07\/Logo-4-1-e1562934907339.jpg\",\"contentUrl\":\"http:\/\/wittingsbrok.de\/wp-a6f61-content\/uploads\/2019\/07\/Logo-4-1-e1562934907339.jpg\",\"width\":100,\"height\":100,\"caption\":\"100 Jahre Siedlungsgeschichte\"},\"image\":{\"@id\":\"http:\/\/wittingsbrok.de\/#\/schema\/logo\/image\/\"}}]}<\/script>\n<!-- \/ Yoast SEO plugin. -->","yoast_head_json":{"title":"T\u00fcren und Fenster - 100 Jahre Siedlungsgeschichte","robots":{"index":"index","follow":"follow","max-snippet":"max-snippet:-1","max-image-preview":"max-image-preview:large","max-video-preview":"max-video-preview:-1"},"canonical":"http:\/\/wittingsbrok.de\/?page_id=647","og_locale":"de_DE","og_type":"article","og_title":"T\u00fcren und Fenster - 100 Jahre Siedlungsgeschichte","og_description":"Rundb\u00f6gen \u00fcber den Eingangst\u00fcren waren ein immer wiederkehrendes Gestaltungselement der Bauten von Dr. Biebel. In der Siedlung wurden die Rundb\u00f6gen teilweise zugemauert, teilweise in die Eingangst\u00fcr integriert oder als eigenes Fenster \u00fcber der T\u00fcr gestaltet. Original erhalten sind die Fenster nur noch im Haus an der Nadorster Stra\u00dfe.","og_url":"http:\/\/wittingsbrok.de\/?page_id=647","og_site_name":"100 Jahre Siedlungsgeschichte","article_modified_time":"2019-11-14T10:38:55+00:00","og_image":[{"url":"http:\/\/wittingsbrok.de\/wp-a6f61-content\/uploads\/2019\/09\/DSC_1538-2.jpg"}],"twitter_card":"summary_large_image","schema":{"@context":"https:\/\/schema.org","@graph":[{"@type":"WebPage","@id":"http:\/\/wittingsbrok.de\/?page_id=647","url":"http:\/\/wittingsbrok.de\/?page_id=647","name":"T\u00fcren und Fenster - 100 Jahre Siedlungsgeschichte","isPartOf":{"@id":"http:\/\/wittingsbrok.de\/#website"},"datePublished":"2019-09-04T16:06:47+00:00","dateModified":"2019-11-14T10:38:55+00:00","breadcrumb":{"@id":"http:\/\/wittingsbrok.de\/?page_id=647#breadcrumb"},"inLanguage":"de-DE","potentialAction":[{"@type":"ReadAction","target":["http:\/\/wittingsbrok.de\/?page_id=647"]}]},{"@type":"BreadcrumbList","@id":"http:\/\/wittingsbrok.de\/?page_id=647#breadcrumb","itemListElement":[{"@type":"ListItem","position":1,"name":"Startseite","item":"http:\/\/wittingsbrok.de\/"},{"@type":"ListItem","position":2,"name":"T\u00fcren und Fenster"}]},{"@type":"WebSite","@id":"http:\/\/wittingsbrok.de\/#website","url":"http:\/\/wittingsbrok.de\/","name":"100 Jahre Siedlungsgeschichte","description":" im Wittingsbrok und im Brunsbrok in Oldenburg, Niedersachsen","publisher":{"@id":"http:\/\/wittingsbrok.de\/#organization"},"potentialAction":[{"@type":"SearchAction","target":{"@type":"EntryPoint","urlTemplate":"http:\/\/wittingsbrok.de\/?s={search_term_string}"},"query-input":"required name=search_term_string"}],"inLanguage":"de-DE"},{"@type":"Organization","@id":"http:\/\/wittingsbrok.de\/#organization","name":"100 Jahre Siedlungsgeschichte","url":"http:\/\/wittingsbrok.de\/","logo":{"@type":"ImageObject","inLanguage":"de-DE","@id":"http:\/\/wittingsbrok.de\/#\/schema\/logo\/image\/","url":"http:\/\/wittingsbrok.de\/wp-a6f61-content\/uploads\/2019\/07\/Logo-4-1-e1562934907339.jpg","contentUrl":"http:\/\/wittingsbrok.de\/wp-a6f61-content\/uploads\/2019\/07\/Logo-4-1-e1562934907339.jpg","width":100,"height":100,"caption":"100 Jahre Siedlungsgeschichte"},"image":{"@id":"http:\/\/wittingsbrok.de\/#\/schema\/logo\/image\/"}}]}},"_links":{"self":[{"href":"http:\/\/wittingsbrok.de\/index.php?rest_route=\/wp\/v2\/pages\/647"}],"collection":[{"href":"http:\/\/wittingsbrok.de\/index.php?rest_route=\/wp\/v2\/pages"}],"about":[{"href":"http:\/\/wittingsbrok.de\/index.php?rest_route=\/wp\/v2\/types\/page"}],"author":[{"embeddable":true,"href":"http:\/\/wittingsbrok.de\/index.php?rest_route=\/wp\/v2\/users\/1"}],"replies":[{"embeddable":true,"href":"http:\/\/wittingsbrok.de\/index.php?rest_route=%2Fwp%2Fv2%2Fcomments&post=647"}],"version-history":[{"count":6,"href":"http:\/\/wittingsbrok.de\/index.php?rest_route=\/wp\/v2\/pages\/647\/revisions"}],"predecessor-version":[{"id":935,"href":"http:\/\/wittingsbrok.de\/index.php?rest_route=\/wp\/v2\/pages\/647\/revisions\/935"}],"wp:attachment":[{"href":"http:\/\/wittingsbrok.de\/index.php?rest_route=%2Fwp%2Fv2%2Fmedia&parent=647"}],"curies":[{"name":"wp","href":"https:\/\/api.w.org\/{rel}","templated":true}]}}