{"id":630,"date":"2019-09-04T14:56:52","date_gmt":"2019-09-04T12:56:52","guid":{"rendered":"http:\/\/wittingsbrok.de\/?page_id=630"},"modified":"2020-07-22T14:48:17","modified_gmt":"2020-07-22T12:48:17","slug":"tierhaltung","status":"publish","type":"page","link":"http:\/\/wittingsbrok.de\/?page_id=630","title":{"rendered":"Tierhaltung"},"content":{"rendered":"\n<figure class=\"wp-block-image size-large\"><img decoding=\"async\" loading=\"lazy\" width=\"657\" height=\"1024\" src=\"http:\/\/wittingsbrok.de\/wp-a6f61-content\/uploads\/2019\/09\/Hausschwein-657x1024.jpg\" alt=\"\" class=\"wp-image-632\" srcset=\"http:\/\/wittingsbrok.de\/wp-a6f61-content\/uploads\/2019\/09\/Hausschwein-657x1024.jpg 657w, http:\/\/wittingsbrok.de\/wp-a6f61-content\/uploads\/2019\/09\/Hausschwein-193x300.jpg 193w, http:\/\/wittingsbrok.de\/wp-a6f61-content\/uploads\/2019\/09\/Hausschwein-768x1196.jpg 768w, http:\/\/wittingsbrok.de\/wp-a6f61-content\/uploads\/2019\/09\/Hausschwein.jpg 1176w\" sizes=\"(max-width: 657px) 100vw, 657px\" \/><figcaption>Das Hausschwein<\/figcaption><\/figure>\n\n\n\n<p>Tierhaltung\nwar in den Siedlungsh\u00e4usern von vornherein eingeplant. Die\nGrundrisse zeigen einen Raum f\u00fcr die Ziege, Wand an Wand mit dem\nWohnzimmer. Dahinter befindet sich der Schweinestall mit einem\ngartenseitigen Schweinekoben. \u00dcber dem Schweinestall befindet sich\nder H\u00fchnerstall, von drau\u00dfen zu erkennen an der H\u00fchnerleiter.\nDiese architektonische Planung war Standard in den 1920er Jahren\n(vergl Hermann Muthesius, Kleinhaus und Kleinsiedlung, 1918).<\/p>\n\n\n\n<figure class=\"wp-block-image size-large\"><img decoding=\"async\" loading=\"lazy\" width=\"781\" height=\"909\" src=\"http:\/\/wittingsbrok.de\/wp-a6f61-content\/uploads\/2019\/09\/DSC_1539-2.jpg\" alt=\"\" class=\"wp-image-631\" srcset=\"http:\/\/wittingsbrok.de\/wp-a6f61-content\/uploads\/2019\/09\/DSC_1539-2.jpg 781w, http:\/\/wittingsbrok.de\/wp-a6f61-content\/uploads\/2019\/09\/DSC_1539-2-258x300.jpg 258w, http:\/\/wittingsbrok.de\/wp-a6f61-content\/uploads\/2019\/09\/DSC_1539-2-768x894.jpg 768w\" sizes=\"(max-width: 781px) 100vw, 781px\" \/><figcaption>Gartenseite mit Schweineauslauf und der H\u00fchnerleiter zum dar\u00fcber gelegenen H\u00fchnerstall<\/figcaption><\/figure>\n\n\n\n<figure class=\"wp-block-image size-large\"><img decoding=\"async\" loading=\"lazy\" width=\"616\" height=\"635\" src=\"http:\/\/wittingsbrok.de\/wp-a6f61-content\/uploads\/2019\/09\/DSC_1544-2.jpg\" alt=\"\" class=\"wp-image-634\" srcset=\"http:\/\/wittingsbrok.de\/wp-a6f61-content\/uploads\/2019\/09\/DSC_1544-2.jpg 616w, http:\/\/wittingsbrok.de\/wp-a6f61-content\/uploads\/2019\/09\/DSC_1544-2-291x300.jpg 291w\" sizes=\"(max-width: 616px) 100vw, 616px\" \/><figcaption>Ziegen- und Schweinestall sowie der Schweineauslauf<\/figcaption><\/figure>\n\n\n\n<figure class=\"wp-block-image size-large\"><img decoding=\"async\" loading=\"lazy\" width=\"677\" height=\"1024\" src=\"http:\/\/wittingsbrok.de\/wp-a6f61-content\/uploads\/2019\/09\/Hausschwein_0001-677x1024.jpg\" alt=\"\" class=\"wp-image-635\" srcset=\"http:\/\/wittingsbrok.de\/wp-a6f61-content\/uploads\/2019\/09\/Hausschwein_0001-677x1024.jpg 677w, http:\/\/wittingsbrok.de\/wp-a6f61-content\/uploads\/2019\/09\/Hausschwein_0001-198x300.jpg 198w, http:\/\/wittingsbrok.de\/wp-a6f61-content\/uploads\/2019\/09\/Hausschwein_0001-768x1162.jpg 768w, http:\/\/wittingsbrok.de\/wp-a6f61-content\/uploads\/2019\/09\/Hausschwein_0001.jpg 1176w\" sizes=\"(max-width: 677px) 100vw, 677px\" \/><figcaption>noch ein Schwein<\/figcaption><\/figure>\n\n\n\n<figure class=\"wp-block-image size-large\"><img decoding=\"async\" loading=\"lazy\" width=\"669\" height=\"1024\" src=\"http:\/\/wittingsbrok.de\/wp-a6f61-content\/uploads\/2019\/09\/Schaf-melken-669x1024.jpg\" alt=\"\" class=\"wp-image-636\" srcset=\"http:\/\/wittingsbrok.de\/wp-a6f61-content\/uploads\/2019\/09\/Schaf-melken-669x1024.jpg 669w, http:\/\/wittingsbrok.de\/wp-a6f61-content\/uploads\/2019\/09\/Schaf-melken-196x300.jpg 196w, http:\/\/wittingsbrok.de\/wp-a6f61-content\/uploads\/2019\/09\/Schaf-melken-768x1176.jpg 768w, http:\/\/wittingsbrok.de\/wp-a6f61-content\/uploads\/2019\/09\/Schaf-melken.jpg 1196w\" sizes=\"(max-width: 669px) 100vw, 669px\" \/><figcaption>Hier wird ein Schaf gemolken.<\/figcaption><\/figure>\n\n\n\n<p>Futter f\u00fcr die zahlreichen Tiere in der Siedlung gab es hier auch: bei Dickfeld Haus Nr. 30, deren Angeh\u00f6rige einen Bauernhof bewirtschafteten.<\/p>\n\n\n\n<figure class=\"wp-block-image size-large\"><img decoding=\"async\" loading=\"lazy\" width=\"1024\" height=\"1015\" src=\"http:\/\/wittingsbrok.de\/wp-a6f61-content\/uploads\/2019\/09\/IMG_0007-4-1024x1015.jpg\" alt=\"\" class=\"wp-image-675\" srcset=\"http:\/\/wittingsbrok.de\/wp-a6f61-content\/uploads\/2019\/09\/IMG_0007-4-1024x1015.jpg 1024w, http:\/\/wittingsbrok.de\/wp-a6f61-content\/uploads\/2019\/09\/IMG_0007-4-150x150.jpg 150w, http:\/\/wittingsbrok.de\/wp-a6f61-content\/uploads\/2019\/09\/IMG_0007-4-300x297.jpg 300w, http:\/\/wittingsbrok.de\/wp-a6f61-content\/uploads\/2019\/09\/IMG_0007-4-768x761.jpg 768w, http:\/\/wittingsbrok.de\/wp-a6f61-content\/uploads\/2019\/09\/IMG_0007-4.jpg 1530w\" sizes=\"(max-width: 1024px) 100vw, 1024px\" \/><figcaption>Dickfelds Pferd f\u00fcr den Landhandel<\/figcaption><\/figure>\n\n\n\n<p>Laut dem\nZeitzeugen P. Bruns wurden jedoch einige St\u00e4lle nach der\nbeh\u00f6rdlichen Abnahme, also waren die St\u00e4lle anscheinend\nvorgeschrieben, in Wohnraum umgewandelt und teilweise vermietet.<\/p>\n\n\n\n<figure class=\"wp-block-image size-large\"><img decoding=\"async\" loading=\"lazy\" width=\"677\" height=\"1024\" src=\"http:\/\/wittingsbrok.de\/wp-a6f61-content\/uploads\/2019\/09\/Taubenschlag_0001-677x1024.jpg\" alt=\"\" class=\"wp-image-637\" srcset=\"http:\/\/wittingsbrok.de\/wp-a6f61-content\/uploads\/2019\/09\/Taubenschlag_0001-677x1024.jpg 677w, http:\/\/wittingsbrok.de\/wp-a6f61-content\/uploads\/2019\/09\/Taubenschlag_0001-198x300.jpg 198w, http:\/\/wittingsbrok.de\/wp-a6f61-content\/uploads\/2019\/09\/Taubenschlag_0001-768x1161.jpg 768w, http:\/\/wittingsbrok.de\/wp-a6f61-content\/uploads\/2019\/09\/Taubenschlag_0001.jpg 1180w\" sizes=\"(max-width: 677px) 100vw, 677px\" \/><figcaption>Ein Taubenschlag<\/figcaption><\/figure>\n\n\n\n<p>In die G\u00e4rten einiger H\u00e4user wurden jedoch sogar weitere St\u00e4lle gebaut, und zum Haus Nr. 10 geh\u00f6rte sogar eine Gefl\u00fcgelzuchtanstalt.<\/p>\n\n\n\n<figure class=\"wp-block-image size-large\"><img decoding=\"async\" loading=\"lazy\" width=\"679\" height=\"1024\" src=\"http:\/\/wittingsbrok.de\/wp-a6f61-content\/uploads\/2019\/09\/Hofhund-679x1024.jpg\" alt=\"\" class=\"wp-image-638\" srcset=\"http:\/\/wittingsbrok.de\/wp-a6f61-content\/uploads\/2019\/09\/Hofhund-679x1024.jpg 679w, http:\/\/wittingsbrok.de\/wp-a6f61-content\/uploads\/2019\/09\/Hofhund-199x300.jpg 199w, http:\/\/wittingsbrok.de\/wp-a6f61-content\/uploads\/2019\/09\/Hofhund-768x1159.jpg 768w, http:\/\/wittingsbrok.de\/wp-a6f61-content\/uploads\/2019\/09\/Hofhund.jpg 1180w\" sizes=\"(max-width: 679px) 100vw, 679px\" \/><figcaption>Der Hofhund<\/figcaption><\/figure>\n","protected":false},"excerpt":{"rendered":"<p>Tierhaltung war in den Siedlungsh\u00e4usern von vornherein eingeplant. Die Grundrisse zeigen einen Raum f\u00fcr die Ziege, Wand an Wand mit dem Wohnzimmer. Dahinter befindet sich der Schweinestall mit einem gartenseitigen Schweinekoben. \u00dcber dem Schweinestall befindet sich der H\u00fchnerstall, von drau\u00dfen zu erkennen an der H\u00fchnerleiter. Diese architektonische Planung war Standard in den 1920er Jahren (vergl [&hellip;]<\/p>\n","protected":false},"author":1,"featured_media":0,"parent":0,"menu_order":0,"comment_status":"closed","ping_status":"closed","template":"","meta":[],"yoast_head":"<!-- This site is optimized with the Yoast SEO plugin v19.11 - https:\/\/yoast.com\/wordpress\/plugins\/seo\/ -->\n<title>Tierhaltung - 100 Jahre Siedlungsgeschichte<\/title>\n<meta name=\"robots\" content=\"index, follow, max-snippet:-1, max-image-preview:large, max-video-preview:-1\" \/>\n<link rel=\"canonical\" href=\"http:\/\/wittingsbrok.de\/?page_id=630\" \/>\n<meta property=\"og:locale\" content=\"de_DE\" \/>\n<meta property=\"og:type\" content=\"article\" \/>\n<meta property=\"og:title\" content=\"Tierhaltung - 100 Jahre Siedlungsgeschichte\" \/>\n<meta property=\"og:description\" content=\"Tierhaltung war in den Siedlungsh\u00e4usern von vornherein eingeplant. Die Grundrisse zeigen einen Raum f\u00fcr die Ziege, Wand an Wand mit dem Wohnzimmer. Dahinter befindet sich der Schweinestall mit einem gartenseitigen Schweinekoben. \u00dcber dem Schweinestall befindet sich der H\u00fchnerstall, von drau\u00dfen zu erkennen an der H\u00fchnerleiter. Diese architektonische Planung war Standard in den 1920er Jahren (vergl [&hellip;]\" \/>\n<meta property=\"og:url\" content=\"http:\/\/wittingsbrok.de\/?page_id=630\" \/>\n<meta property=\"og:site_name\" content=\"100 Jahre Siedlungsgeschichte\" \/>\n<meta property=\"article:modified_time\" content=\"2020-07-22T12:48:17+00:00\" \/>\n<meta property=\"og:image\" content=\"http:\/\/wittingsbrok.de\/wp-a6f61-content\/uploads\/2019\/09\/Hausschwein-657x1024.jpg\" \/>\n<meta name=\"twitter:card\" content=\"summary_large_image\" \/>\n<meta name=\"twitter:label1\" content=\"Gesch\u00e4tzte Lesezeit\" \/>\n\t<meta name=\"twitter:data1\" content=\"1 Minute\" \/>\n<script type=\"application\/ld+json\" class=\"yoast-schema-graph\">{\"@context\":\"https:\/\/schema.org\",\"@graph\":[{\"@type\":\"WebPage\",\"@id\":\"http:\/\/wittingsbrok.de\/?page_id=630\",\"url\":\"http:\/\/wittingsbrok.de\/?page_id=630\",\"name\":\"Tierhaltung - 100 Jahre Siedlungsgeschichte\",\"isPartOf\":{\"@id\":\"http:\/\/wittingsbrok.de\/#website\"},\"datePublished\":\"2019-09-04T12:56:52+00:00\",\"dateModified\":\"2020-07-22T12:48:17+00:00\",\"breadcrumb\":{\"@id\":\"http:\/\/wittingsbrok.de\/?page_id=630#breadcrumb\"},\"inLanguage\":\"de-DE\",\"potentialAction\":[{\"@type\":\"ReadAction\",\"target\":[\"http:\/\/wittingsbrok.de\/?page_id=630\"]}]},{\"@type\":\"BreadcrumbList\",\"@id\":\"http:\/\/wittingsbrok.de\/?page_id=630#breadcrumb\",\"itemListElement\":[{\"@type\":\"ListItem\",\"position\":1,\"name\":\"Startseite\",\"item\":\"http:\/\/wittingsbrok.de\/\"},{\"@type\":\"ListItem\",\"position\":2,\"name\":\"Tierhaltung\"}]},{\"@type\":\"WebSite\",\"@id\":\"http:\/\/wittingsbrok.de\/#website\",\"url\":\"http:\/\/wittingsbrok.de\/\",\"name\":\"100 Jahre Siedlungsgeschichte\",\"description\":\" im Wittingsbrok und im Brunsbrok in Oldenburg, Niedersachsen\",\"publisher\":{\"@id\":\"http:\/\/wittingsbrok.de\/#organization\"},\"potentialAction\":[{\"@type\":\"SearchAction\",\"target\":{\"@type\":\"EntryPoint\",\"urlTemplate\":\"http:\/\/wittingsbrok.de\/?s={search_term_string}\"},\"query-input\":\"required name=search_term_string\"}],\"inLanguage\":\"de-DE\"},{\"@type\":\"Organization\",\"@id\":\"http:\/\/wittingsbrok.de\/#organization\",\"name\":\"100 Jahre Siedlungsgeschichte\",\"url\":\"http:\/\/wittingsbrok.de\/\",\"logo\":{\"@type\":\"ImageObject\",\"inLanguage\":\"de-DE\",\"@id\":\"http:\/\/wittingsbrok.de\/#\/schema\/logo\/image\/\",\"url\":\"http:\/\/wittingsbrok.de\/wp-a6f61-content\/uploads\/2019\/07\/Logo-4-1-e1562934907339.jpg\",\"contentUrl\":\"http:\/\/wittingsbrok.de\/wp-a6f61-content\/uploads\/2019\/07\/Logo-4-1-e1562934907339.jpg\",\"width\":100,\"height\":100,\"caption\":\"100 Jahre Siedlungsgeschichte\"},\"image\":{\"@id\":\"http:\/\/wittingsbrok.de\/#\/schema\/logo\/image\/\"}}]}<\/script>\n<!-- \/ Yoast SEO plugin. -->","yoast_head_json":{"title":"Tierhaltung - 100 Jahre Siedlungsgeschichte","robots":{"index":"index","follow":"follow","max-snippet":"max-snippet:-1","max-image-preview":"max-image-preview:large","max-video-preview":"max-video-preview:-1"},"canonical":"http:\/\/wittingsbrok.de\/?page_id=630","og_locale":"de_DE","og_type":"article","og_title":"Tierhaltung - 100 Jahre Siedlungsgeschichte","og_description":"Tierhaltung war in den Siedlungsh\u00e4usern von vornherein eingeplant. Die Grundrisse zeigen einen Raum f\u00fcr die Ziege, Wand an Wand mit dem Wohnzimmer. Dahinter befindet sich der Schweinestall mit einem gartenseitigen Schweinekoben. \u00dcber dem Schweinestall befindet sich der H\u00fchnerstall, von drau\u00dfen zu erkennen an der H\u00fchnerleiter. Diese architektonische Planung war Standard in den 1920er Jahren (vergl [&hellip;]","og_url":"http:\/\/wittingsbrok.de\/?page_id=630","og_site_name":"100 Jahre Siedlungsgeschichte","article_modified_time":"2020-07-22T12:48:17+00:00","og_image":[{"url":"http:\/\/wittingsbrok.de\/wp-a6f61-content\/uploads\/2019\/09\/Hausschwein-657x1024.jpg"}],"twitter_card":"summary_large_image","twitter_misc":{"Gesch\u00e4tzte Lesezeit":"1 Minute"},"schema":{"@context":"https:\/\/schema.org","@graph":[{"@type":"WebPage","@id":"http:\/\/wittingsbrok.de\/?page_id=630","url":"http:\/\/wittingsbrok.de\/?page_id=630","name":"Tierhaltung - 100 Jahre Siedlungsgeschichte","isPartOf":{"@id":"http:\/\/wittingsbrok.de\/#website"},"datePublished":"2019-09-04T12:56:52+00:00","dateModified":"2020-07-22T12:48:17+00:00","breadcrumb":{"@id":"http:\/\/wittingsbrok.de\/?page_id=630#breadcrumb"},"inLanguage":"de-DE","potentialAction":[{"@type":"ReadAction","target":["http:\/\/wittingsbrok.de\/?page_id=630"]}]},{"@type":"BreadcrumbList","@id":"http:\/\/wittingsbrok.de\/?page_id=630#breadcrumb","itemListElement":[{"@type":"ListItem","position":1,"name":"Startseite","item":"http:\/\/wittingsbrok.de\/"},{"@type":"ListItem","position":2,"name":"Tierhaltung"}]},{"@type":"WebSite","@id":"http:\/\/wittingsbrok.de\/#website","url":"http:\/\/wittingsbrok.de\/","name":"100 Jahre Siedlungsgeschichte","description":" im Wittingsbrok und im Brunsbrok in Oldenburg, Niedersachsen","publisher":{"@id":"http:\/\/wittingsbrok.de\/#organization"},"potentialAction":[{"@type":"SearchAction","target":{"@type":"EntryPoint","urlTemplate":"http:\/\/wittingsbrok.de\/?s={search_term_string}"},"query-input":"required name=search_term_string"}],"inLanguage":"de-DE"},{"@type":"Organization","@id":"http:\/\/wittingsbrok.de\/#organization","name":"100 Jahre Siedlungsgeschichte","url":"http:\/\/wittingsbrok.de\/","logo":{"@type":"ImageObject","inLanguage":"de-DE","@id":"http:\/\/wittingsbrok.de\/#\/schema\/logo\/image\/","url":"http:\/\/wittingsbrok.de\/wp-a6f61-content\/uploads\/2019\/07\/Logo-4-1-e1562934907339.jpg","contentUrl":"http:\/\/wittingsbrok.de\/wp-a6f61-content\/uploads\/2019\/07\/Logo-4-1-e1562934907339.jpg","width":100,"height":100,"caption":"100 Jahre Siedlungsgeschichte"},"image":{"@id":"http:\/\/wittingsbrok.de\/#\/schema\/logo\/image\/"}}]}},"_links":{"self":[{"href":"http:\/\/wittingsbrok.de\/index.php?rest_route=\/wp\/v2\/pages\/630"}],"collection":[{"href":"http:\/\/wittingsbrok.de\/index.php?rest_route=\/wp\/v2\/pages"}],"about":[{"href":"http:\/\/wittingsbrok.de\/index.php?rest_route=\/wp\/v2\/types\/page"}],"author":[{"embeddable":true,"href":"http:\/\/wittingsbrok.de\/index.php?rest_route=\/wp\/v2\/users\/1"}],"replies":[{"embeddable":true,"href":"http:\/\/wittingsbrok.de\/index.php?rest_route=%2Fwp%2Fv2%2Fcomments&post=630"}],"version-history":[{"count":3,"href":"http:\/\/wittingsbrok.de\/index.php?rest_route=\/wp\/v2\/pages\/630\/revisions"}],"predecessor-version":[{"id":1051,"href":"http:\/\/wittingsbrok.de\/index.php?rest_route=\/wp\/v2\/pages\/630\/revisions\/1051"}],"wp:attachment":[{"href":"http:\/\/wittingsbrok.de\/index.php?rest_route=%2Fwp%2Fv2%2Fmedia&parent=630"}],"curies":[{"name":"wp","href":"https:\/\/api.w.org\/{rel}","templated":true}]}}