{"id":624,"date":"2019-09-04T14:29:56","date_gmt":"2019-09-04T12:29:56","guid":{"rendered":"http:\/\/wittingsbrok.de\/?page_id=624"},"modified":"2019-09-04T14:31:15","modified_gmt":"2019-09-04T12:31:15","slug":"nr-10","status":"publish","type":"page","link":"http:\/\/wittingsbrok.de\/?page_id=624","title":{"rendered":"Nr. 10 &#8211; Gefl\u00fcgelzuchtanstalt"},"content":{"rendered":"\n<figure class=\"wp-block-image size-large\"><img decoding=\"async\" loading=\"lazy\" width=\"658\" height=\"1024\" src=\"http:\/\/wittingsbrok.de\/wp-a6f61-content\/uploads\/2019\/09\/Haus-Nr.-10-am-30.09.1927-2-658x1024.jpg\" alt=\"\" class=\"wp-image-625\" srcset=\"http:\/\/wittingsbrok.de\/wp-a6f61-content\/uploads\/2019\/09\/Haus-Nr.-10-am-30.09.1927-2-658x1024.jpg 658w, http:\/\/wittingsbrok.de\/wp-a6f61-content\/uploads\/2019\/09\/Haus-Nr.-10-am-30.09.1927-2-193x300.jpg 193w, http:\/\/wittingsbrok.de\/wp-a6f61-content\/uploads\/2019\/09\/Haus-Nr.-10-am-30.09.1927-2-768x1194.jpg 768w, http:\/\/wittingsbrok.de\/wp-a6f61-content\/uploads\/2019\/09\/Haus-Nr.-10-am-30.09.1927-2.jpg 1034w\" sizes=\"(max-width: 658px) 100vw, 658px\" \/><figcaption>Ehepaar von H\u00e4fen vor Haus Nr. 10<\/figcaption><\/figure>\n\n\n\n<figure class=\"wp-block-image size-large\"><img decoding=\"async\" loading=\"lazy\" width=\"1024\" height=\"648\" src=\"http:\/\/wittingsbrok.de\/wp-a6f61-content\/uploads\/2019\/09\/Haus-Nr.-10-Fotor\u00fcckseite-1024x648.jpg\" alt=\"\" class=\"wp-image-626\" srcset=\"http:\/\/wittingsbrok.de\/wp-a6f61-content\/uploads\/2019\/09\/Haus-Nr.-10-Fotor\u00fcckseite-1024x648.jpg 1024w, http:\/\/wittingsbrok.de\/wp-a6f61-content\/uploads\/2019\/09\/Haus-Nr.-10-Fotor\u00fcckseite-300x190.jpg 300w, http:\/\/wittingsbrok.de\/wp-a6f61-content\/uploads\/2019\/09\/Haus-Nr.-10-Fotor\u00fcckseite-768x486.jpg 768w, http:\/\/wittingsbrok.de\/wp-a6f61-content\/uploads\/2019\/09\/Haus-Nr.-10-Fotor\u00fcckseite.jpg 1617w\" sizes=\"(max-width: 1024px) 100vw, 1024px\" \/><figcaption>R\u00fcckseite des Fotos<\/figcaption><\/figure>\n\n\n\n<p>Am 22. Januar 1929 wurde im Stadtbauamt zu Oldenburg in der Sitzung des Hochbauausschusses verhandelt, dass dem Atrag auf Einrichtung einer Gefl\u00fcgelzuchtanstalt auf dem Grundst\u00fcck Wittingsbrok 10 dem Antragsteller Herr von H\u00e4fen stattgegeben wird, da in der Nachbarschaft bereits H\u00fchnerhaltungen vorhanden seien.<\/p>\n","protected":false},"excerpt":{"rendered":"<p>Am 22. Januar 1929 wurde im Stadtbauamt zu Oldenburg in der Sitzung des Hochbauausschusses verhandelt, dass dem Atrag auf Einrichtung einer Gefl\u00fcgelzuchtanstalt auf dem Grundst\u00fcck Wittingsbrok 10 dem Antragsteller Herr von H\u00e4fen stattgegeben wird, da in der Nachbarschaft bereits H\u00fchnerhaltungen vorhanden seien.<\/p>\n","protected":false},"author":1,"featured_media":0,"parent":0,"menu_order":0,"comment_status":"closed","ping_status":"closed","template":"","meta":[],"yoast_head":"<!-- This site is optimized with the Yoast SEO plugin v19.11 - https:\/\/yoast.com\/wordpress\/plugins\/seo\/ -->\n<title>Nr. 10 - Gefl\u00fcgelzuchtanstalt - 100 Jahre Siedlungsgeschichte<\/title>\n<meta name=\"robots\" content=\"index, follow, max-snippet:-1, max-image-preview:large, max-video-preview:-1\" \/>\n<link rel=\"canonical\" href=\"http:\/\/wittingsbrok.de\/?page_id=624\" \/>\n<meta property=\"og:locale\" content=\"de_DE\" \/>\n<meta property=\"og:type\" content=\"article\" \/>\n<meta property=\"og:title\" content=\"Nr. 10 - Gefl\u00fcgelzuchtanstalt - 100 Jahre Siedlungsgeschichte\" \/>\n<meta property=\"og:description\" content=\"Am 22. Januar 1929 wurde im Stadtbauamt zu Oldenburg in der Sitzung des Hochbauausschusses verhandelt, dass dem Atrag auf Einrichtung einer Gefl\u00fcgelzuchtanstalt auf dem Grundst\u00fcck Wittingsbrok 10 dem Antragsteller Herr von H\u00e4fen stattgegeben wird, da in der Nachbarschaft bereits H\u00fchnerhaltungen vorhanden seien.\" \/>\n<meta property=\"og:url\" content=\"http:\/\/wittingsbrok.de\/?page_id=624\" \/>\n<meta property=\"og:site_name\" content=\"100 Jahre Siedlungsgeschichte\" \/>\n<meta property=\"article:modified_time\" content=\"2019-09-04T12:31:15+00:00\" \/>\n<meta property=\"og:image\" content=\"http:\/\/wittingsbrok.de\/wp-a6f61-content\/uploads\/2019\/09\/Haus-Nr.-10-am-30.09.1927-2-658x1024.jpg\" \/>\n<meta name=\"twitter:card\" content=\"summary_large_image\" \/>\n<script type=\"application\/ld+json\" class=\"yoast-schema-graph\">{\"@context\":\"https:\/\/schema.org\",\"@graph\":[{\"@type\":\"WebPage\",\"@id\":\"http:\/\/wittingsbrok.de\/?page_id=624\",\"url\":\"http:\/\/wittingsbrok.de\/?page_id=624\",\"name\":\"Nr. 10 - Gefl\u00fcgelzuchtanstalt - 100 Jahre Siedlungsgeschichte\",\"isPartOf\":{\"@id\":\"http:\/\/wittingsbrok.de\/#website\"},\"datePublished\":\"2019-09-04T12:29:56+00:00\",\"dateModified\":\"2019-09-04T12:31:15+00:00\",\"breadcrumb\":{\"@id\":\"http:\/\/wittingsbrok.de\/?page_id=624#breadcrumb\"},\"inLanguage\":\"de-DE\",\"potentialAction\":[{\"@type\":\"ReadAction\",\"target\":[\"http:\/\/wittingsbrok.de\/?page_id=624\"]}]},{\"@type\":\"BreadcrumbList\",\"@id\":\"http:\/\/wittingsbrok.de\/?page_id=624#breadcrumb\",\"itemListElement\":[{\"@type\":\"ListItem\",\"position\":1,\"name\":\"Startseite\",\"item\":\"http:\/\/wittingsbrok.de\/\"},{\"@type\":\"ListItem\",\"position\":2,\"name\":\"Nr. 10 &#8211; Gefl\u00fcgelzuchtanstalt\"}]},{\"@type\":\"WebSite\",\"@id\":\"http:\/\/wittingsbrok.de\/#website\",\"url\":\"http:\/\/wittingsbrok.de\/\",\"name\":\"100 Jahre Siedlungsgeschichte\",\"description\":\" im Wittingsbrok und im Brunsbrok in Oldenburg, Niedersachsen\",\"publisher\":{\"@id\":\"http:\/\/wittingsbrok.de\/#organization\"},\"potentialAction\":[{\"@type\":\"SearchAction\",\"target\":{\"@type\":\"EntryPoint\",\"urlTemplate\":\"http:\/\/wittingsbrok.de\/?s={search_term_string}\"},\"query-input\":\"required name=search_term_string\"}],\"inLanguage\":\"de-DE\"},{\"@type\":\"Organization\",\"@id\":\"http:\/\/wittingsbrok.de\/#organization\",\"name\":\"100 Jahre Siedlungsgeschichte\",\"url\":\"http:\/\/wittingsbrok.de\/\",\"logo\":{\"@type\":\"ImageObject\",\"inLanguage\":\"de-DE\",\"@id\":\"http:\/\/wittingsbrok.de\/#\/schema\/logo\/image\/\",\"url\":\"http:\/\/wittingsbrok.de\/wp-a6f61-content\/uploads\/2019\/07\/Logo-4-1-e1562934907339.jpg\",\"contentUrl\":\"http:\/\/wittingsbrok.de\/wp-a6f61-content\/uploads\/2019\/07\/Logo-4-1-e1562934907339.jpg\",\"width\":100,\"height\":100,\"caption\":\"100 Jahre Siedlungsgeschichte\"},\"image\":{\"@id\":\"http:\/\/wittingsbrok.de\/#\/schema\/logo\/image\/\"}}]}<\/script>\n<!-- \/ Yoast SEO plugin. -->","yoast_head_json":{"title":"Nr. 10 - Gefl\u00fcgelzuchtanstalt - 100 Jahre Siedlungsgeschichte","robots":{"index":"index","follow":"follow","max-snippet":"max-snippet:-1","max-image-preview":"max-image-preview:large","max-video-preview":"max-video-preview:-1"},"canonical":"http:\/\/wittingsbrok.de\/?page_id=624","og_locale":"de_DE","og_type":"article","og_title":"Nr. 10 - Gefl\u00fcgelzuchtanstalt - 100 Jahre Siedlungsgeschichte","og_description":"Am 22. Januar 1929 wurde im Stadtbauamt zu Oldenburg in der Sitzung des Hochbauausschusses verhandelt, dass dem Atrag auf Einrichtung einer Gefl\u00fcgelzuchtanstalt auf dem Grundst\u00fcck Wittingsbrok 10 dem Antragsteller Herr von H\u00e4fen stattgegeben wird, da in der Nachbarschaft bereits H\u00fchnerhaltungen vorhanden seien.","og_url":"http:\/\/wittingsbrok.de\/?page_id=624","og_site_name":"100 Jahre Siedlungsgeschichte","article_modified_time":"2019-09-04T12:31:15+00:00","og_image":[{"url":"http:\/\/wittingsbrok.de\/wp-a6f61-content\/uploads\/2019\/09\/Haus-Nr.-10-am-30.09.1927-2-658x1024.jpg"}],"twitter_card":"summary_large_image","schema":{"@context":"https:\/\/schema.org","@graph":[{"@type":"WebPage","@id":"http:\/\/wittingsbrok.de\/?page_id=624","url":"http:\/\/wittingsbrok.de\/?page_id=624","name":"Nr. 10 - Gefl\u00fcgelzuchtanstalt - 100 Jahre Siedlungsgeschichte","isPartOf":{"@id":"http:\/\/wittingsbrok.de\/#website"},"datePublished":"2019-09-04T12:29:56+00:00","dateModified":"2019-09-04T12:31:15+00:00","breadcrumb":{"@id":"http:\/\/wittingsbrok.de\/?page_id=624#breadcrumb"},"inLanguage":"de-DE","potentialAction":[{"@type":"ReadAction","target":["http:\/\/wittingsbrok.de\/?page_id=624"]}]},{"@type":"BreadcrumbList","@id":"http:\/\/wittingsbrok.de\/?page_id=624#breadcrumb","itemListElement":[{"@type":"ListItem","position":1,"name":"Startseite","item":"http:\/\/wittingsbrok.de\/"},{"@type":"ListItem","position":2,"name":"Nr. 10 &#8211; Gefl\u00fcgelzuchtanstalt"}]},{"@type":"WebSite","@id":"http:\/\/wittingsbrok.de\/#website","url":"http:\/\/wittingsbrok.de\/","name":"100 Jahre Siedlungsgeschichte","description":" im Wittingsbrok und im Brunsbrok in Oldenburg, Niedersachsen","publisher":{"@id":"http:\/\/wittingsbrok.de\/#organization"},"potentialAction":[{"@type":"SearchAction","target":{"@type":"EntryPoint","urlTemplate":"http:\/\/wittingsbrok.de\/?s={search_term_string}"},"query-input":"required name=search_term_string"}],"inLanguage":"de-DE"},{"@type":"Organization","@id":"http:\/\/wittingsbrok.de\/#organization","name":"100 Jahre Siedlungsgeschichte","url":"http:\/\/wittingsbrok.de\/","logo":{"@type":"ImageObject","inLanguage":"de-DE","@id":"http:\/\/wittingsbrok.de\/#\/schema\/logo\/image\/","url":"http:\/\/wittingsbrok.de\/wp-a6f61-content\/uploads\/2019\/07\/Logo-4-1-e1562934907339.jpg","contentUrl":"http:\/\/wittingsbrok.de\/wp-a6f61-content\/uploads\/2019\/07\/Logo-4-1-e1562934907339.jpg","width":100,"height":100,"caption":"100 Jahre Siedlungsgeschichte"},"image":{"@id":"http:\/\/wittingsbrok.de\/#\/schema\/logo\/image\/"}}]}},"_links":{"self":[{"href":"http:\/\/wittingsbrok.de\/index.php?rest_route=\/wp\/v2\/pages\/624"}],"collection":[{"href":"http:\/\/wittingsbrok.de\/index.php?rest_route=\/wp\/v2\/pages"}],"about":[{"href":"http:\/\/wittingsbrok.de\/index.php?rest_route=\/wp\/v2\/types\/page"}],"author":[{"embeddable":true,"href":"http:\/\/wittingsbrok.de\/index.php?rest_route=\/wp\/v2\/users\/1"}],"replies":[{"embeddable":true,"href":"http:\/\/wittingsbrok.de\/index.php?rest_route=%2Fwp%2Fv2%2Fcomments&post=624"}],"version-history":[{"count":2,"href":"http:\/\/wittingsbrok.de\/index.php?rest_route=\/wp\/v2\/pages\/624\/revisions"}],"predecessor-version":[{"id":629,"href":"http:\/\/wittingsbrok.de\/index.php?rest_route=\/wp\/v2\/pages\/624\/revisions\/629"}],"wp:attachment":[{"href":"http:\/\/wittingsbrok.de\/index.php?rest_route=%2Fwp%2Fv2%2Fmedia&parent=624"}],"curies":[{"name":"wp","href":"https:\/\/api.w.org\/{rel}","templated":true}]}}