{"id":592,"date":"2019-09-03T17:30:06","date_gmt":"2019-09-03T15:30:06","guid":{"rendered":"http:\/\/wittingsbrok.de\/?page_id=592"},"modified":"2019-11-15T14:54:41","modified_gmt":"2019-11-15T12:54:41","slug":"die-siedlung","status":"publish","type":"page","link":"http:\/\/wittingsbrok.de\/?page_id=592","title":{"rendered":"Die Kriegersiedlung"},"content":{"rendered":"\n<p>Das Konzept geschlossener Siedlungsanlagen wurde u. a. vom Architekten Hermann Muthesius vertreten. Dieser lebte 7 Jahre in London und lernte dort die englische Architektur kennen. Er war beteiligt an der Planung und Durchf\u00fchrung der Gartenstadt Hellerau bei Dresden und der Siedlung Friesland in Emden.  <br>1918 verlegte er das Buch \u201eKleinhaus und Kleinsiedlung\u201c. Darin begr\u00fcndet er den Bau von Siedlungen: <em>\u201eFast alle unsere Krieger haben zudem Belgien kennengelernt, wo die Arbeiterwohnverh\u00e4ltnisse, \u2026 vorbildlich sind, denn das Kleinhaus ist dort die Regel. Billige Mieten \u2026 gestatten ihm, im eigenen H\u00e4uschen zu wohnen, und er f\u00fchlt sich dabei gl\u00fccklich.\u201c<\/em> (S. 24)<br>Weiterhin er\u00f6rtert er Fragen des Grundbesitzes, der drohenden Verschuldung und Zwangsenteignung und der staatlichen Unterst\u00fctzung, der \u201eSauberkeit und Nettigkeit\u201c des Wohnens im eigenen Heim, der Freude am Garten, der Gesundheit der Kinder und Erwachsenen. (S. 25 \u2013 30)<br>Seine Bauzeichnungen f\u00fcr die Gemein\u00fctzige Baugesellschaft in Duisburg, Siedlung Wanheimerort, 1909 &#8211; 1914 und f\u00fcr die Siedlung Friesland im Emden, 1918, sehen einen sehr \u00e4hnlichen Grundrissplan f\u00fcr die H\u00e4user vor wie die Bauzeichnungen f\u00fcr das Haus Wittingsbrok Nr. 34.  (S. 43, 50, 94)  <\/p>\n\n\n\n<p> Ein eigenes Kapitel widmet er den Kriegerheimst\u00e4tten, deren Grundst\u00fcck  zur Erg\u00e4nzung der Invalidenrente 1250 m\u00b2 gro\u00df sein sollte (S. 38).  Zudem konnten die heimkehrenden Krieger  aufgrund von Kriegsverletzungen oft keine Treppen in Mieth\u00e4usern mehr steigen. Folglich wurden in vielen St\u00e4dten sogenannte Kriegersiedlungen mit ebenerdigen H\u00e4usern und G\u00e4rten gebaut, damit die Kriegsversehrten auch bei Invalidit\u00e4t und trotz einer mageren Rente durch Selbstversorgung \u00fcberleben konnten (vergl. <a href=\"https:\/\/de.m.wikipedia.org\/wiki\/Kriegersiedlung\">https:\/\/de.m.wikipedia.org\/wiki\/Kriegersiedlung<\/a>).<br>Auch im Wittingsbrok und Brunsbrok wurden die Wohnungen vorrangig an ehemalige Soldaten oder deren Witwen mit Familie vergeben. Wenn die ehemaligen Soldaten noch arbeiten konnten, bekamen sie Stellen bei der Bahn, der Post,  der Stadt  oder der Polizei.<\/p>\n","protected":false},"excerpt":{"rendered":"<p>Das Konzept geschlossener Siedlungsanlagen wurde u. a. vom Architekten Hermann Muthesius vertreten. Dieser lebte 7 Jahre in London und lernte dort die englische Architektur kennen. Er war beteiligt an der Planung und Durchf\u00fchrung der Gartenstadt Hellerau bei Dresden und der Siedlung Friesland in Emden. 1918 verlegte er das Buch \u201eKleinhaus und Kleinsiedlung\u201c. Darin begr\u00fcndet er [&hellip;]<\/p>\n","protected":false},"author":1,"featured_media":0,"parent":0,"menu_order":0,"comment_status":"closed","ping_status":"closed","template":"","meta":[],"yoast_head":"<!-- This site is optimized with the Yoast SEO plugin v19.11 - https:\/\/yoast.com\/wordpress\/plugins\/seo\/ -->\n<title>Die Kriegersiedlung - 100 Jahre Siedlungsgeschichte<\/title>\n<meta name=\"robots\" content=\"index, follow, max-snippet:-1, max-image-preview:large, max-video-preview:-1\" \/>\n<link rel=\"canonical\" href=\"http:\/\/wittingsbrok.de\/?page_id=592\" \/>\n<meta property=\"og:locale\" content=\"de_DE\" \/>\n<meta property=\"og:type\" content=\"article\" \/>\n<meta property=\"og:title\" content=\"Die Kriegersiedlung - 100 Jahre Siedlungsgeschichte\" \/>\n<meta property=\"og:description\" content=\"Das Konzept geschlossener Siedlungsanlagen wurde u. a. vom Architekten Hermann Muthesius vertreten. Dieser lebte 7 Jahre in London und lernte dort die englische Architektur kennen. Er war beteiligt an der Planung und Durchf\u00fchrung der Gartenstadt Hellerau bei Dresden und der Siedlung Friesland in Emden. 1918 verlegte er das Buch \u201eKleinhaus und Kleinsiedlung\u201c. Darin begr\u00fcndet er [&hellip;]\" \/>\n<meta property=\"og:url\" content=\"http:\/\/wittingsbrok.de\/?page_id=592\" \/>\n<meta property=\"og:site_name\" content=\"100 Jahre Siedlungsgeschichte\" \/>\n<meta property=\"article:modified_time\" content=\"2019-11-15T12:54:41+00:00\" \/>\n<meta name=\"twitter:card\" content=\"summary_large_image\" \/>\n<meta name=\"twitter:label1\" content=\"Gesch\u00e4tzte Lesezeit\" \/>\n\t<meta name=\"twitter:data1\" content=\"1 Minute\" \/>\n<script type=\"application\/ld+json\" class=\"yoast-schema-graph\">{\"@context\":\"https:\/\/schema.org\",\"@graph\":[{\"@type\":\"WebPage\",\"@id\":\"http:\/\/wittingsbrok.de\/?page_id=592\",\"url\":\"http:\/\/wittingsbrok.de\/?page_id=592\",\"name\":\"Die Kriegersiedlung - 100 Jahre Siedlungsgeschichte\",\"isPartOf\":{\"@id\":\"http:\/\/wittingsbrok.de\/#website\"},\"datePublished\":\"2019-09-03T15:30:06+00:00\",\"dateModified\":\"2019-11-15T12:54:41+00:00\",\"breadcrumb\":{\"@id\":\"http:\/\/wittingsbrok.de\/?page_id=592#breadcrumb\"},\"inLanguage\":\"de-DE\",\"potentialAction\":[{\"@type\":\"ReadAction\",\"target\":[\"http:\/\/wittingsbrok.de\/?page_id=592\"]}]},{\"@type\":\"BreadcrumbList\",\"@id\":\"http:\/\/wittingsbrok.de\/?page_id=592#breadcrumb\",\"itemListElement\":[{\"@type\":\"ListItem\",\"position\":1,\"name\":\"Startseite\",\"item\":\"http:\/\/wittingsbrok.de\/\"},{\"@type\":\"ListItem\",\"position\":2,\"name\":\"Die Kriegersiedlung\"}]},{\"@type\":\"WebSite\",\"@id\":\"http:\/\/wittingsbrok.de\/#website\",\"url\":\"http:\/\/wittingsbrok.de\/\",\"name\":\"100 Jahre Siedlungsgeschichte\",\"description\":\" im Wittingsbrok und im Brunsbrok in Oldenburg, Niedersachsen\",\"publisher\":{\"@id\":\"http:\/\/wittingsbrok.de\/#organization\"},\"potentialAction\":[{\"@type\":\"SearchAction\",\"target\":{\"@type\":\"EntryPoint\",\"urlTemplate\":\"http:\/\/wittingsbrok.de\/?s={search_term_string}\"},\"query-input\":\"required name=search_term_string\"}],\"inLanguage\":\"de-DE\"},{\"@type\":\"Organization\",\"@id\":\"http:\/\/wittingsbrok.de\/#organization\",\"name\":\"100 Jahre Siedlungsgeschichte\",\"url\":\"http:\/\/wittingsbrok.de\/\",\"logo\":{\"@type\":\"ImageObject\",\"inLanguage\":\"de-DE\",\"@id\":\"http:\/\/wittingsbrok.de\/#\/schema\/logo\/image\/\",\"url\":\"http:\/\/wittingsbrok.de\/wp-a6f61-content\/uploads\/2019\/07\/Logo-4-1-e1562934907339.jpg\",\"contentUrl\":\"http:\/\/wittingsbrok.de\/wp-a6f61-content\/uploads\/2019\/07\/Logo-4-1-e1562934907339.jpg\",\"width\":100,\"height\":100,\"caption\":\"100 Jahre Siedlungsgeschichte\"},\"image\":{\"@id\":\"http:\/\/wittingsbrok.de\/#\/schema\/logo\/image\/\"}}]}<\/script>\n<!-- \/ Yoast SEO plugin. -->","yoast_head_json":{"title":"Die Kriegersiedlung - 100 Jahre Siedlungsgeschichte","robots":{"index":"index","follow":"follow","max-snippet":"max-snippet:-1","max-image-preview":"max-image-preview:large","max-video-preview":"max-video-preview:-1"},"canonical":"http:\/\/wittingsbrok.de\/?page_id=592","og_locale":"de_DE","og_type":"article","og_title":"Die Kriegersiedlung - 100 Jahre Siedlungsgeschichte","og_description":"Das Konzept geschlossener Siedlungsanlagen wurde u. a. vom Architekten Hermann Muthesius vertreten. Dieser lebte 7 Jahre in London und lernte dort die englische Architektur kennen. Er war beteiligt an der Planung und Durchf\u00fchrung der Gartenstadt Hellerau bei Dresden und der Siedlung Friesland in Emden. 1918 verlegte er das Buch \u201eKleinhaus und Kleinsiedlung\u201c. Darin begr\u00fcndet er [&hellip;]","og_url":"http:\/\/wittingsbrok.de\/?page_id=592","og_site_name":"100 Jahre Siedlungsgeschichte","article_modified_time":"2019-11-15T12:54:41+00:00","twitter_card":"summary_large_image","twitter_misc":{"Gesch\u00e4tzte Lesezeit":"1 Minute"},"schema":{"@context":"https:\/\/schema.org","@graph":[{"@type":"WebPage","@id":"http:\/\/wittingsbrok.de\/?page_id=592","url":"http:\/\/wittingsbrok.de\/?page_id=592","name":"Die Kriegersiedlung - 100 Jahre Siedlungsgeschichte","isPartOf":{"@id":"http:\/\/wittingsbrok.de\/#website"},"datePublished":"2019-09-03T15:30:06+00:00","dateModified":"2019-11-15T12:54:41+00:00","breadcrumb":{"@id":"http:\/\/wittingsbrok.de\/?page_id=592#breadcrumb"},"inLanguage":"de-DE","potentialAction":[{"@type":"ReadAction","target":["http:\/\/wittingsbrok.de\/?page_id=592"]}]},{"@type":"BreadcrumbList","@id":"http:\/\/wittingsbrok.de\/?page_id=592#breadcrumb","itemListElement":[{"@type":"ListItem","position":1,"name":"Startseite","item":"http:\/\/wittingsbrok.de\/"},{"@type":"ListItem","position":2,"name":"Die Kriegersiedlung"}]},{"@type":"WebSite","@id":"http:\/\/wittingsbrok.de\/#website","url":"http:\/\/wittingsbrok.de\/","name":"100 Jahre Siedlungsgeschichte","description":" im Wittingsbrok und im Brunsbrok in Oldenburg, Niedersachsen","publisher":{"@id":"http:\/\/wittingsbrok.de\/#organization"},"potentialAction":[{"@type":"SearchAction","target":{"@type":"EntryPoint","urlTemplate":"http:\/\/wittingsbrok.de\/?s={search_term_string}"},"query-input":"required name=search_term_string"}],"inLanguage":"de-DE"},{"@type":"Organization","@id":"http:\/\/wittingsbrok.de\/#organization","name":"100 Jahre Siedlungsgeschichte","url":"http:\/\/wittingsbrok.de\/","logo":{"@type":"ImageObject","inLanguage":"de-DE","@id":"http:\/\/wittingsbrok.de\/#\/schema\/logo\/image\/","url":"http:\/\/wittingsbrok.de\/wp-a6f61-content\/uploads\/2019\/07\/Logo-4-1-e1562934907339.jpg","contentUrl":"http:\/\/wittingsbrok.de\/wp-a6f61-content\/uploads\/2019\/07\/Logo-4-1-e1562934907339.jpg","width":100,"height":100,"caption":"100 Jahre Siedlungsgeschichte"},"image":{"@id":"http:\/\/wittingsbrok.de\/#\/schema\/logo\/image\/"}}]}},"_links":{"self":[{"href":"http:\/\/wittingsbrok.de\/index.php?rest_route=\/wp\/v2\/pages\/592"}],"collection":[{"href":"http:\/\/wittingsbrok.de\/index.php?rest_route=\/wp\/v2\/pages"}],"about":[{"href":"http:\/\/wittingsbrok.de\/index.php?rest_route=\/wp\/v2\/types\/page"}],"author":[{"embeddable":true,"href":"http:\/\/wittingsbrok.de\/index.php?rest_route=\/wp\/v2\/users\/1"}],"replies":[{"embeddable":true,"href":"http:\/\/wittingsbrok.de\/index.php?rest_route=%2Fwp%2Fv2%2Fcomments&post=592"}],"version-history":[{"count":4,"href":"http:\/\/wittingsbrok.de\/index.php?rest_route=\/wp\/v2\/pages\/592\/revisions"}],"predecessor-version":[{"id":949,"href":"http:\/\/wittingsbrok.de\/index.php?rest_route=\/wp\/v2\/pages\/592\/revisions\/949"}],"wp:attachment":[{"href":"http:\/\/wittingsbrok.de\/index.php?rest_route=%2Fwp%2Fv2%2Fmedia&parent=592"}],"curies":[{"name":"wp","href":"https:\/\/api.w.org\/{rel}","templated":true}]}}