{"id":59,"date":"2019-07-11T16:59:24","date_gmt":"2019-07-11T14:59:24","guid":{"rendered":"http:\/\/wp13386985.server-he.de\/?page_id=59"},"modified":"2019-09-03T15:36:49","modified_gmt":"2019-09-03T13:36:49","slug":"betriebe-in-der-siedlung","status":"publish","type":"page","link":"http:\/\/wittingsbrok.de\/?page_id=59","title":{"rendered":"Betriebe in der Siedlung"},"content":{"rendered":"\n<p> Die Siedlung Rauhehorst mit den Stra\u00dfen Rauhehorst, Vahlenhorst, Wittingsbrok und Brunsbrok war wie ein kleines eigenst\u00e4ndiges Dorf. Es gab alles zum Leben&nbsp; f\u00fcr Mensch und Tier direkt in den Stra\u00dfen in der N\u00e4he zu kaufen. Die folgende Liste ist sicher noch nicht komplett! <\/p>\n\n\n\n<figure class=\"wp-block-image size-large\"><img decoding=\"async\" loading=\"lazy\" width=\"724\" height=\"1024\" src=\"http:\/\/wittingsbrok.de\/wp-a6f61-content\/uploads\/2019\/09\/Betriebe-im-Wittingsbrok-724x1024.jpg\" alt=\"\" class=\"wp-image-558\" srcset=\"http:\/\/wittingsbrok.de\/wp-a6f61-content\/uploads\/2019\/09\/Betriebe-im-Wittingsbrok-724x1024.jpg 724w, http:\/\/wittingsbrok.de\/wp-a6f61-content\/uploads\/2019\/09\/Betriebe-im-Wittingsbrok-212x300.jpg 212w, http:\/\/wittingsbrok.de\/wp-a6f61-content\/uploads\/2019\/09\/Betriebe-im-Wittingsbrok-768x1087.jpg 768w, http:\/\/wittingsbrok.de\/wp-a6f61-content\/uploads\/2019\/09\/Betriebe-im-Wittingsbrok.jpg 1190w\" sizes=\"(max-width: 724px) 100vw, 724px\" \/><\/figure>\n","protected":false},"excerpt":{"rendered":"<p>Die Siedlung Rauhehorst mit den Stra\u00dfen Rauhehorst, Vahlenhorst, Wittingsbrok und Brunsbrok war wie ein kleines eigenst\u00e4ndiges Dorf. Es gab alles zum Leben&nbsp; f\u00fcr Mensch und Tier direkt in den Stra\u00dfen in der N\u00e4he zu kaufen. Die folgende Liste ist sicher noch nicht komplett!<\/p>\n","protected":false},"author":1,"featured_media":0,"parent":0,"menu_order":0,"comment_status":"closed","ping_status":"closed","template":"","meta":[],"yoast_head":"<!-- This site is optimized with the Yoast SEO plugin v19.11 - https:\/\/yoast.com\/wordpress\/plugins\/seo\/ -->\n<title>Betriebe in der Siedlung - 100 Jahre Siedlungsgeschichte<\/title>\n<meta name=\"robots\" content=\"index, follow, max-snippet:-1, max-image-preview:large, max-video-preview:-1\" \/>\n<link rel=\"canonical\" href=\"http:\/\/wittingsbrok.de\/?page_id=59\" \/>\n<meta property=\"og:locale\" content=\"de_DE\" \/>\n<meta property=\"og:type\" content=\"article\" \/>\n<meta property=\"og:title\" content=\"Betriebe in der Siedlung - 100 Jahre Siedlungsgeschichte\" \/>\n<meta property=\"og:description\" content=\"Die Siedlung Rauhehorst mit den Stra\u00dfen Rauhehorst, Vahlenhorst, Wittingsbrok und Brunsbrok war wie ein kleines eigenst\u00e4ndiges Dorf. Es gab alles zum Leben&nbsp; f\u00fcr Mensch und Tier direkt in den Stra\u00dfen in der N\u00e4he zu kaufen. Die folgende Liste ist sicher noch nicht komplett!\" \/>\n<meta property=\"og:url\" content=\"http:\/\/wittingsbrok.de\/?page_id=59\" \/>\n<meta property=\"og:site_name\" content=\"100 Jahre Siedlungsgeschichte\" \/>\n<meta property=\"article:modified_time\" content=\"2019-09-03T13:36:49+00:00\" \/>\n<meta property=\"og:image\" content=\"http:\/\/wittingsbrok.de\/wp-a6f61-content\/uploads\/2019\/09\/Betriebe-im-Wittingsbrok-724x1024.jpg\" \/>\n<meta name=\"twitter:card\" content=\"summary_large_image\" \/>\n<script type=\"application\/ld+json\" class=\"yoast-schema-graph\">{\"@context\":\"https:\/\/schema.org\",\"@graph\":[{\"@type\":\"WebPage\",\"@id\":\"http:\/\/wittingsbrok.de\/?page_id=59\",\"url\":\"http:\/\/wittingsbrok.de\/?page_id=59\",\"name\":\"Betriebe in der Siedlung - 100 Jahre Siedlungsgeschichte\",\"isPartOf\":{\"@id\":\"http:\/\/wittingsbrok.de\/#website\"},\"datePublished\":\"2019-07-11T14:59:24+00:00\",\"dateModified\":\"2019-09-03T13:36:49+00:00\",\"breadcrumb\":{\"@id\":\"http:\/\/wittingsbrok.de\/?page_id=59#breadcrumb\"},\"inLanguage\":\"de-DE\",\"potentialAction\":[{\"@type\":\"ReadAction\",\"target\":[\"http:\/\/wittingsbrok.de\/?page_id=59\"]}]},{\"@type\":\"BreadcrumbList\",\"@id\":\"http:\/\/wittingsbrok.de\/?page_id=59#breadcrumb\",\"itemListElement\":[{\"@type\":\"ListItem\",\"position\":1,\"name\":\"Startseite\",\"item\":\"http:\/\/wittingsbrok.de\/\"},{\"@type\":\"ListItem\",\"position\":2,\"name\":\"Betriebe in der Siedlung\"}]},{\"@type\":\"WebSite\",\"@id\":\"http:\/\/wittingsbrok.de\/#website\",\"url\":\"http:\/\/wittingsbrok.de\/\",\"name\":\"100 Jahre Siedlungsgeschichte\",\"description\":\" im Wittingsbrok und im Brunsbrok in Oldenburg, Niedersachsen\",\"publisher\":{\"@id\":\"http:\/\/wittingsbrok.de\/#organization\"},\"potentialAction\":[{\"@type\":\"SearchAction\",\"target\":{\"@type\":\"EntryPoint\",\"urlTemplate\":\"http:\/\/wittingsbrok.de\/?s={search_term_string}\"},\"query-input\":\"required name=search_term_string\"}],\"inLanguage\":\"de-DE\"},{\"@type\":\"Organization\",\"@id\":\"http:\/\/wittingsbrok.de\/#organization\",\"name\":\"100 Jahre Siedlungsgeschichte\",\"url\":\"http:\/\/wittingsbrok.de\/\",\"logo\":{\"@type\":\"ImageObject\",\"inLanguage\":\"de-DE\",\"@id\":\"http:\/\/wittingsbrok.de\/#\/schema\/logo\/image\/\",\"url\":\"http:\/\/wittingsbrok.de\/wp-a6f61-content\/uploads\/2019\/07\/Logo-4-1-e1562934907339.jpg\",\"contentUrl\":\"http:\/\/wittingsbrok.de\/wp-a6f61-content\/uploads\/2019\/07\/Logo-4-1-e1562934907339.jpg\",\"width\":100,\"height\":100,\"caption\":\"100 Jahre Siedlungsgeschichte\"},\"image\":{\"@id\":\"http:\/\/wittingsbrok.de\/#\/schema\/logo\/image\/\"}}]}<\/script>\n<!-- \/ Yoast SEO plugin. -->","yoast_head_json":{"title":"Betriebe in der Siedlung - 100 Jahre Siedlungsgeschichte","robots":{"index":"index","follow":"follow","max-snippet":"max-snippet:-1","max-image-preview":"max-image-preview:large","max-video-preview":"max-video-preview:-1"},"canonical":"http:\/\/wittingsbrok.de\/?page_id=59","og_locale":"de_DE","og_type":"article","og_title":"Betriebe in der Siedlung - 100 Jahre Siedlungsgeschichte","og_description":"Die Siedlung Rauhehorst mit den Stra\u00dfen Rauhehorst, Vahlenhorst, Wittingsbrok und Brunsbrok war wie ein kleines eigenst\u00e4ndiges Dorf. Es gab alles zum Leben&nbsp; f\u00fcr Mensch und Tier direkt in den Stra\u00dfen in der N\u00e4he zu kaufen. Die folgende Liste ist sicher noch nicht komplett!","og_url":"http:\/\/wittingsbrok.de\/?page_id=59","og_site_name":"100 Jahre Siedlungsgeschichte","article_modified_time":"2019-09-03T13:36:49+00:00","og_image":[{"url":"http:\/\/wittingsbrok.de\/wp-a6f61-content\/uploads\/2019\/09\/Betriebe-im-Wittingsbrok-724x1024.jpg"}],"twitter_card":"summary_large_image","schema":{"@context":"https:\/\/schema.org","@graph":[{"@type":"WebPage","@id":"http:\/\/wittingsbrok.de\/?page_id=59","url":"http:\/\/wittingsbrok.de\/?page_id=59","name":"Betriebe in der Siedlung - 100 Jahre Siedlungsgeschichte","isPartOf":{"@id":"http:\/\/wittingsbrok.de\/#website"},"datePublished":"2019-07-11T14:59:24+00:00","dateModified":"2019-09-03T13:36:49+00:00","breadcrumb":{"@id":"http:\/\/wittingsbrok.de\/?page_id=59#breadcrumb"},"inLanguage":"de-DE","potentialAction":[{"@type":"ReadAction","target":["http:\/\/wittingsbrok.de\/?page_id=59"]}]},{"@type":"BreadcrumbList","@id":"http:\/\/wittingsbrok.de\/?page_id=59#breadcrumb","itemListElement":[{"@type":"ListItem","position":1,"name":"Startseite","item":"http:\/\/wittingsbrok.de\/"},{"@type":"ListItem","position":2,"name":"Betriebe in der Siedlung"}]},{"@type":"WebSite","@id":"http:\/\/wittingsbrok.de\/#website","url":"http:\/\/wittingsbrok.de\/","name":"100 Jahre Siedlungsgeschichte","description":" im Wittingsbrok und im Brunsbrok in Oldenburg, Niedersachsen","publisher":{"@id":"http:\/\/wittingsbrok.de\/#organization"},"potentialAction":[{"@type":"SearchAction","target":{"@type":"EntryPoint","urlTemplate":"http:\/\/wittingsbrok.de\/?s={search_term_string}"},"query-input":"required name=search_term_string"}],"inLanguage":"de-DE"},{"@type":"Organization","@id":"http:\/\/wittingsbrok.de\/#organization","name":"100 Jahre Siedlungsgeschichte","url":"http:\/\/wittingsbrok.de\/","logo":{"@type":"ImageObject","inLanguage":"de-DE","@id":"http:\/\/wittingsbrok.de\/#\/schema\/logo\/image\/","url":"http:\/\/wittingsbrok.de\/wp-a6f61-content\/uploads\/2019\/07\/Logo-4-1-e1562934907339.jpg","contentUrl":"http:\/\/wittingsbrok.de\/wp-a6f61-content\/uploads\/2019\/07\/Logo-4-1-e1562934907339.jpg","width":100,"height":100,"caption":"100 Jahre Siedlungsgeschichte"},"image":{"@id":"http:\/\/wittingsbrok.de\/#\/schema\/logo\/image\/"}}]}},"_links":{"self":[{"href":"http:\/\/wittingsbrok.de\/index.php?rest_route=\/wp\/v2\/pages\/59"}],"collection":[{"href":"http:\/\/wittingsbrok.de\/index.php?rest_route=\/wp\/v2\/pages"}],"about":[{"href":"http:\/\/wittingsbrok.de\/index.php?rest_route=\/wp\/v2\/types\/page"}],"author":[{"embeddable":true,"href":"http:\/\/wittingsbrok.de\/index.php?rest_route=\/wp\/v2\/users\/1"}],"replies":[{"embeddable":true,"href":"http:\/\/wittingsbrok.de\/index.php?rest_route=%2Fwp%2Fv2%2Fcomments&post=59"}],"version-history":[{"count":8,"href":"http:\/\/wittingsbrok.de\/index.php?rest_route=\/wp\/v2\/pages\/59\/revisions"}],"predecessor-version":[{"id":559,"href":"http:\/\/wittingsbrok.de\/index.php?rest_route=\/wp\/v2\/pages\/59\/revisions\/559"}],"wp:attachment":[{"href":"http:\/\/wittingsbrok.de\/index.php?rest_route=%2Fwp%2Fv2%2Fmedia&parent=59"}],"curies":[{"name":"wp","href":"https:\/\/api.w.org\/{rel}","templated":true}]}}