{"id":565,"date":"2019-09-03T16:49:38","date_gmt":"2019-09-03T14:49:38","guid":{"rendered":"http:\/\/wittingsbrok.de\/?page_id=565"},"modified":"2019-09-03T16:49:38","modified_gmt":"2019-09-03T14:49:38","slug":"denkmalschutz","status":"publish","type":"page","link":"http:\/\/wittingsbrok.de\/?page_id=565","title":{"rendered":"Denkmalschutz"},"content":{"rendered":"\n<p>Die Siedlung steht zwar nicht unter Denkmalschutz, sondern hat Bestandsschutz. Dieser wurde \u00fcber die Jahrzehnte hinweg ganz unterschiedlich ausgelegt. Mal durften ganze H\u00e4user komplett in Quader oder andere Gebilde umgebaut werden, mal durfen die D\u00e4cher komplett ver\u00e4ndert werden, oder ein Haus wurde ganz abgerissen. Andere wollten eine kleine Gaube bauen, das wurde untersagt. Solche unterschiedlichen Genehmigungen trugen leider nicht zum Frieden unter der Nachbarschaft bei.<\/p>\n\n\n\n<p><br>Hier ein Dokument \u00fcber einen Umbauversuch:<\/p>\n\n\n\n<p>1979 versucht Herr F., das Bauamt von\nseinem Umbauvorhaben zu \u00fcberzeugen. Er m\u00f6chte das Obergeschoss\nseiner Doppelhaush\u00e4lfte \u00fcber die ganze Front ziehen, also \u00fcber das\nabgesenkte Dach. Am 31.07.1979 antwortet das <strong>Institut f\u00fcr\nDenkmalpflege des Nieders\u00e4chsischen<\/strong> <strong>Landesverwaltungsamtes<\/strong>,\ndass Bedenken bestehen. \n<\/p>\n\n\n\n<figure class=\"wp-block-image size-large is-resized\"><img decoding=\"async\" src=\"http:\/\/wittingsbrok.de\/wp-a6f61-content\/uploads\/2019\/09\/Denkmalschutz-Bild-2.jpg\" alt=\"\" class=\"wp-image-566\" width=\"500\" srcset=\"http:\/\/wittingsbrok.de\/wp-a6f61-content\/uploads\/2019\/09\/Denkmalschutz-Bild-2.jpg 444w, http:\/\/wittingsbrok.de\/wp-a6f61-content\/uploads\/2019\/09\/Denkmalschutz-Bild-2-300x184.jpg 300w\" sizes=\"(max-width: 444px) 100vw, 444px\" \/><figcaption>Zustand<\/figcaption><\/figure>\n\n\n\n<figure class=\"wp-block-image size-large is-resized\"><img decoding=\"async\" src=\"http:\/\/wittingsbrok.de\/wp-a6f61-content\/uploads\/2019\/09\/Denkmalschutz-Bild-3.jpg\" alt=\"\" class=\"wp-image-567\" width=\"520\" srcset=\"http:\/\/wittingsbrok.de\/wp-a6f61-content\/uploads\/2019\/09\/Denkmalschutz-Bild-3.jpg 333w, http:\/\/wittingsbrok.de\/wp-a6f61-content\/uploads\/2019\/09\/Denkmalschutz-Bild-3-300x253.jpg 300w\" sizes=\"(max-width: 333px) 100vw, 333px\" \/><figcaption>geplant<\/figcaption><\/figure>\n\n\n\n<p>\u201e<em>Das Haus Wittingsbrok \u2026 ist\nTeil einer Siedlungsanlage, die aus st\u00e4dtebaulichen Gr\u00fcnden aus der\nSicht der Baudenkmalpflege erhaltenswert erscheint. Die Siedlung\nerf\u00fcllt die Denkmaleigenschaft im Sinne des \u00a7 3 Abs. 3 des\nNieders\u00e4chsischen Denkmalschutzgesetzes. Zielsetzung der\nBaudenkmalpflege bei der Erhaltung dieser Siedlung ist die\nEinheitlichkeit der Gestaltung. Da eine Reihe recht unterschiedlicher\nVer\u00e4nderungen von Haus zu Haus bereits vorgenommen wurde, sollte\ngepr\u00fcft werden, ob nicht ein Bebauungsplan mit einer\nBaugestaltungssatzung hier das geeignete Mittel f\u00fcr die Zielsetzung\nder Baudenkmalpflege ist. Das Haus Wittingsbrok \u2026  ist die H\u00e4lfte\neines Doppelhauses. Das Haus Nr. \u2026  wurde bereits in einer von der\nDenkmalpflege nicht gutzuhei\u00dfenden Form ver\u00e4ndert. Daher kann man\nsich am Ausbau dieses Hauses nicht orientieren. Eine Erweiterung der\nvorhandenen Bausubstanz ist etwa in der Form einheitlich vertretbar,\ndass der Hauptbauk\u00f6rper mit dem seitlichen Walmdachabschluss\nerhalten bleibt und ihm ein Anbau angef\u00fcgt wird, der von der\nHausfront zur\u00fcckspringt und das Satteldach der jetzigen Stallgeb\u00e4ude\nwieder aufnimmt.\u201c<\/em><\/p>\n\n\n\n<p>Daraufhin zieht Herr F. seine Anfrage\nzur\u00fcck und stellt einen Antrag auf Teilung des Grundst\u00fccks und\neinen Neubau. \n<\/p>\n\n\n\n<p>In der Niederschrift vom 21.08.1979\n\u00fcber die Sitzung der Amtsleiter der Stadt Oldenburg am 20.08.1079\nsteht unter Punkt 3: \n<\/p>\n\n\n\n<p>\u201e<em>3.\nDenkmalschutz\/Gestaltungssatzung Wittingsbrok: Herr R. berichtet,\ndass die Siedlungsh\u00e4user um den freien Platz der Stra\u00dfe\n\u201aWittingsbrok\u2018 sich nach und nach durch Umbauten ver\u00e4ndern. Es\nist zu erkennen, dass in Zukunft ein gleichm\u00e4\u00dfiges Bild der an den\nPlatz angrenzenden Geb\u00e4ude mit ihren Fassaden nicht mehr\ngew\u00e4hrleistet ist. Der optische Eindruck einer zusammenh\u00e4ngenden\nSiedlung schwindet. Herr R. wirft die Frage auf, ob durch\nBebauungsplan oder Gestaltungssatzung eine Regelung zu treffen w\u00e4re.\nHerr R. h\u00e4lt eine entsprechende Regelung f\u00fcr den genannten Bereich\nf\u00fcr dringend erforderlich. Herr S. bestimmt, dass Herr R. mit den\ngegebenen Mitteln des Bauordnungsamtes darauf hinwirken soll, das\ngleichm\u00e4\u00dfige Aussehen der Bebauung zu erhalten. Eine M\u00f6glichkeit,\ngenerell regelnd auf die zuk\u00fcnftige Baut\u00e4tigkeit einzuwirken, ist\nnicht gegeben.\u201c<\/em><\/p>\n\n\n\n<p><em>Marlies Peters<\/em><\/p>\n","protected":false},"excerpt":{"rendered":"<p>Die Siedlung steht zwar nicht unter Denkmalschutz, sondern hat Bestandsschutz. Dieser wurde \u00fcber die Jahrzehnte hinweg ganz unterschiedlich ausgelegt. Mal durften ganze H\u00e4user komplett in Quader oder andere Gebilde umgebaut werden, mal durfen die D\u00e4cher komplett ver\u00e4ndert werden, oder ein Haus wurde ganz abgerissen. Andere wollten eine kleine Gaube bauen, das wurde untersagt. Solche unterschiedlichen [&hellip;]<\/p>\n","protected":false},"author":1,"featured_media":0,"parent":0,"menu_order":0,"comment_status":"closed","ping_status":"closed","template":"","meta":[],"yoast_head":"<!-- This site is optimized with the Yoast SEO plugin v19.11 - https:\/\/yoast.com\/wordpress\/plugins\/seo\/ -->\n<title>Denkmalschutz - 100 Jahre Siedlungsgeschichte<\/title>\n<meta name=\"robots\" content=\"index, follow, max-snippet:-1, max-image-preview:large, max-video-preview:-1\" \/>\n<link rel=\"canonical\" href=\"http:\/\/wittingsbrok.de\/?page_id=565\" \/>\n<meta property=\"og:locale\" content=\"de_DE\" \/>\n<meta property=\"og:type\" content=\"article\" \/>\n<meta property=\"og:title\" content=\"Denkmalschutz - 100 Jahre Siedlungsgeschichte\" \/>\n<meta property=\"og:description\" content=\"Die Siedlung steht zwar nicht unter Denkmalschutz, sondern hat Bestandsschutz. Dieser wurde \u00fcber die Jahrzehnte hinweg ganz unterschiedlich ausgelegt. Mal durften ganze H\u00e4user komplett in Quader oder andere Gebilde umgebaut werden, mal durfen die D\u00e4cher komplett ver\u00e4ndert werden, oder ein Haus wurde ganz abgerissen. Andere wollten eine kleine Gaube bauen, das wurde untersagt. Solche unterschiedlichen [&hellip;]\" \/>\n<meta property=\"og:url\" content=\"http:\/\/wittingsbrok.de\/?page_id=565\" \/>\n<meta property=\"og:site_name\" content=\"100 Jahre Siedlungsgeschichte\" \/>\n<meta property=\"og:image\" content=\"http:\/\/wittingsbrok.de\/wp-a6f61-content\/uploads\/2019\/09\/Denkmalschutz-Bild-2.jpg\" \/>\n<meta name=\"twitter:card\" content=\"summary_large_image\" \/>\n<meta name=\"twitter:label1\" content=\"Gesch\u00e4tzte Lesezeit\" \/>\n\t<meta name=\"twitter:data1\" content=\"2 Minuten\" \/>\n<script type=\"application\/ld+json\" class=\"yoast-schema-graph\">{\"@context\":\"https:\/\/schema.org\",\"@graph\":[{\"@type\":\"WebPage\",\"@id\":\"http:\/\/wittingsbrok.de\/?page_id=565\",\"url\":\"http:\/\/wittingsbrok.de\/?page_id=565\",\"name\":\"Denkmalschutz - 100 Jahre Siedlungsgeschichte\",\"isPartOf\":{\"@id\":\"http:\/\/wittingsbrok.de\/#website\"},\"datePublished\":\"2019-09-03T14:49:38+00:00\",\"dateModified\":\"2019-09-03T14:49:38+00:00\",\"breadcrumb\":{\"@id\":\"http:\/\/wittingsbrok.de\/?page_id=565#breadcrumb\"},\"inLanguage\":\"de-DE\",\"potentialAction\":[{\"@type\":\"ReadAction\",\"target\":[\"http:\/\/wittingsbrok.de\/?page_id=565\"]}]},{\"@type\":\"BreadcrumbList\",\"@id\":\"http:\/\/wittingsbrok.de\/?page_id=565#breadcrumb\",\"itemListElement\":[{\"@type\":\"ListItem\",\"position\":1,\"name\":\"Startseite\",\"item\":\"http:\/\/wittingsbrok.de\/\"},{\"@type\":\"ListItem\",\"position\":2,\"name\":\"Denkmalschutz\"}]},{\"@type\":\"WebSite\",\"@id\":\"http:\/\/wittingsbrok.de\/#website\",\"url\":\"http:\/\/wittingsbrok.de\/\",\"name\":\"100 Jahre Siedlungsgeschichte\",\"description\":\" im Wittingsbrok und im Brunsbrok in Oldenburg, Niedersachsen\",\"publisher\":{\"@id\":\"http:\/\/wittingsbrok.de\/#organization\"},\"potentialAction\":[{\"@type\":\"SearchAction\",\"target\":{\"@type\":\"EntryPoint\",\"urlTemplate\":\"http:\/\/wittingsbrok.de\/?s={search_term_string}\"},\"query-input\":\"required name=search_term_string\"}],\"inLanguage\":\"de-DE\"},{\"@type\":\"Organization\",\"@id\":\"http:\/\/wittingsbrok.de\/#organization\",\"name\":\"100 Jahre Siedlungsgeschichte\",\"url\":\"http:\/\/wittingsbrok.de\/\",\"logo\":{\"@type\":\"ImageObject\",\"inLanguage\":\"de-DE\",\"@id\":\"http:\/\/wittingsbrok.de\/#\/schema\/logo\/image\/\",\"url\":\"http:\/\/wittingsbrok.de\/wp-a6f61-content\/uploads\/2019\/07\/Logo-4-1-e1562934907339.jpg\",\"contentUrl\":\"http:\/\/wittingsbrok.de\/wp-a6f61-content\/uploads\/2019\/07\/Logo-4-1-e1562934907339.jpg\",\"width\":100,\"height\":100,\"caption\":\"100 Jahre Siedlungsgeschichte\"},\"image\":{\"@id\":\"http:\/\/wittingsbrok.de\/#\/schema\/logo\/image\/\"}}]}<\/script>\n<!-- \/ Yoast SEO plugin. -->","yoast_head_json":{"title":"Denkmalschutz - 100 Jahre Siedlungsgeschichte","robots":{"index":"index","follow":"follow","max-snippet":"max-snippet:-1","max-image-preview":"max-image-preview:large","max-video-preview":"max-video-preview:-1"},"canonical":"http:\/\/wittingsbrok.de\/?page_id=565","og_locale":"de_DE","og_type":"article","og_title":"Denkmalschutz - 100 Jahre Siedlungsgeschichte","og_description":"Die Siedlung steht zwar nicht unter Denkmalschutz, sondern hat Bestandsschutz. Dieser wurde \u00fcber die Jahrzehnte hinweg ganz unterschiedlich ausgelegt. Mal durften ganze H\u00e4user komplett in Quader oder andere Gebilde umgebaut werden, mal durfen die D\u00e4cher komplett ver\u00e4ndert werden, oder ein Haus wurde ganz abgerissen. Andere wollten eine kleine Gaube bauen, das wurde untersagt. Solche unterschiedlichen [&hellip;]","og_url":"http:\/\/wittingsbrok.de\/?page_id=565","og_site_name":"100 Jahre Siedlungsgeschichte","og_image":[{"url":"http:\/\/wittingsbrok.de\/wp-a6f61-content\/uploads\/2019\/09\/Denkmalschutz-Bild-2.jpg"}],"twitter_card":"summary_large_image","twitter_misc":{"Gesch\u00e4tzte Lesezeit":"2 Minuten"},"schema":{"@context":"https:\/\/schema.org","@graph":[{"@type":"WebPage","@id":"http:\/\/wittingsbrok.de\/?page_id=565","url":"http:\/\/wittingsbrok.de\/?page_id=565","name":"Denkmalschutz - 100 Jahre Siedlungsgeschichte","isPartOf":{"@id":"http:\/\/wittingsbrok.de\/#website"},"datePublished":"2019-09-03T14:49:38+00:00","dateModified":"2019-09-03T14:49:38+00:00","breadcrumb":{"@id":"http:\/\/wittingsbrok.de\/?page_id=565#breadcrumb"},"inLanguage":"de-DE","potentialAction":[{"@type":"ReadAction","target":["http:\/\/wittingsbrok.de\/?page_id=565"]}]},{"@type":"BreadcrumbList","@id":"http:\/\/wittingsbrok.de\/?page_id=565#breadcrumb","itemListElement":[{"@type":"ListItem","position":1,"name":"Startseite","item":"http:\/\/wittingsbrok.de\/"},{"@type":"ListItem","position":2,"name":"Denkmalschutz"}]},{"@type":"WebSite","@id":"http:\/\/wittingsbrok.de\/#website","url":"http:\/\/wittingsbrok.de\/","name":"100 Jahre Siedlungsgeschichte","description":" im Wittingsbrok und im Brunsbrok in Oldenburg, Niedersachsen","publisher":{"@id":"http:\/\/wittingsbrok.de\/#organization"},"potentialAction":[{"@type":"SearchAction","target":{"@type":"EntryPoint","urlTemplate":"http:\/\/wittingsbrok.de\/?s={search_term_string}"},"query-input":"required name=search_term_string"}],"inLanguage":"de-DE"},{"@type":"Organization","@id":"http:\/\/wittingsbrok.de\/#organization","name":"100 Jahre Siedlungsgeschichte","url":"http:\/\/wittingsbrok.de\/","logo":{"@type":"ImageObject","inLanguage":"de-DE","@id":"http:\/\/wittingsbrok.de\/#\/schema\/logo\/image\/","url":"http:\/\/wittingsbrok.de\/wp-a6f61-content\/uploads\/2019\/07\/Logo-4-1-e1562934907339.jpg","contentUrl":"http:\/\/wittingsbrok.de\/wp-a6f61-content\/uploads\/2019\/07\/Logo-4-1-e1562934907339.jpg","width":100,"height":100,"caption":"100 Jahre Siedlungsgeschichte"},"image":{"@id":"http:\/\/wittingsbrok.de\/#\/schema\/logo\/image\/"}}]}},"_links":{"self":[{"href":"http:\/\/wittingsbrok.de\/index.php?rest_route=\/wp\/v2\/pages\/565"}],"collection":[{"href":"http:\/\/wittingsbrok.de\/index.php?rest_route=\/wp\/v2\/pages"}],"about":[{"href":"http:\/\/wittingsbrok.de\/index.php?rest_route=\/wp\/v2\/types\/page"}],"author":[{"embeddable":true,"href":"http:\/\/wittingsbrok.de\/index.php?rest_route=\/wp\/v2\/users\/1"}],"replies":[{"embeddable":true,"href":"http:\/\/wittingsbrok.de\/index.php?rest_route=%2Fwp%2Fv2%2Fcomments&post=565"}],"version-history":[{"count":1,"href":"http:\/\/wittingsbrok.de\/index.php?rest_route=\/wp\/v2\/pages\/565\/revisions"}],"predecessor-version":[{"id":575,"href":"http:\/\/wittingsbrok.de\/index.php?rest_route=\/wp\/v2\/pages\/565\/revisions\/575"}],"wp:attachment":[{"href":"http:\/\/wittingsbrok.de\/index.php?rest_route=%2Fwp%2Fv2%2Fmedia&parent=565"}],"curies":[{"name":"wp","href":"https:\/\/api.w.org\/{rel}","templated":true}]}}