{"id":555,"date":"2019-08-28T16:56:29","date_gmt":"2019-08-28T14:56:29","guid":{"rendered":"http:\/\/wittingsbrok.de\/?page_id=555"},"modified":"2019-09-03T17:07:33","modified_gmt":"2019-09-03T15:07:33","slug":"energie-muell-strassendienst","status":"publish","type":"page","link":"http:\/\/wittingsbrok.de\/?page_id=555","title":{"rendered":"Energie, M\u00fcll, Stra\u00dfendienst"},"content":{"rendered":"\n<p>Die <strong>Beleuchtung der H\u00e4user<\/strong> erfolgte zun\u00e4chst durch Gaslicht. Wann auf Strom umgestellt wurde, ist noch unbekannt.<br>Als <strong>Stra\u00dfenbeleuchtung<\/strong> dienten bis Ende 1963 Gaslaternen. Ab 4. Januar 1964 wurden diese durch eine elektrische Beleuchtung ersetzt. Die Leitungen waren an Masten oberirdisch verlegt. 1986 wurden die elektrischen Leitungen unterirdisch verlegt und die Stra\u00dfenbeleuchtung wechselte teilweise die Stra\u00dfenseite.<br>Die Gasleitungen liegen immer noch f\u00fcr die Gasheizungen.<\/p>\n\n\n\n<p>Eine <strong>M\u00fcllabfuhr<\/strong> (vorwiegend die Abfuhr von Asche und sonstigem Unrat) gab es in den 30iger und 40iger Jahren: Einmal im Monat kam ein Altwarenh\u00e4ndler, genannt &#8222;Opa&#8220; Rau, vom Artillerieweg mit einem offenen Ackerwagen, gezogen von zwei Pferden. Das Leeren der Ascheimer verursachte eine gro\u00dfe Staublawine, so dass die Fenster geschlossen bleiben mussten.<br>Der meiste Unrat wurde jedoch im Garten vergraben.<\/p>\n\n\n\n<p>Der Wittingsbrok war laut Kaufvertrag eine Wegegenossenschaft, die Anwohner waren f\u00fcr die <strong>Instanthaltung der Stra\u00dfe<\/strong> zust\u00e4ndig.  Die Stra\u00dfe war nicht geflastert und genaugenommen nur ein Sandweg. Samstags war Stra\u00dfenreinigung. Die  Erwachsenen und Kinder harkten den Sand sauber und glatt.<br>1964 \u00fcbernahm die Stadt die Stra\u00dfe und asphaltierte sie.<\/p>\n\n\n\n<p>Quelle: Vortrag von Peter Bruns zum 90. Jubil\u00e4um<br><\/p>\n","protected":false},"excerpt":{"rendered":"<p>Die Beleuchtung der H\u00e4user erfolgte zun\u00e4chst durch Gaslicht. Wann auf Strom umgestellt wurde, ist noch unbekannt.Als Stra\u00dfenbeleuchtung dienten bis Ende 1963 Gaslaternen. Ab 4. Januar 1964 wurden diese durch eine elektrische Beleuchtung ersetzt. Die Leitungen waren an Masten oberirdisch verlegt. 1986 wurden die elektrischen Leitungen unterirdisch verlegt und die Stra\u00dfenbeleuchtung wechselte teilweise die Stra\u00dfenseite.Die Gasleitungen [&hellip;]<\/p>\n","protected":false},"author":1,"featured_media":0,"parent":0,"menu_order":0,"comment_status":"closed","ping_status":"closed","template":"","meta":[],"yoast_head":"<!-- This site is optimized with the Yoast SEO plugin v19.11 - https:\/\/yoast.com\/wordpress\/plugins\/seo\/ -->\n<title>Energie, M\u00fcll, Stra\u00dfendienst - 100 Jahre Siedlungsgeschichte<\/title>\n<meta name=\"robots\" content=\"index, follow, max-snippet:-1, max-image-preview:large, max-video-preview:-1\" \/>\n<link rel=\"canonical\" href=\"http:\/\/wittingsbrok.de\/?page_id=555\" \/>\n<meta property=\"og:locale\" content=\"de_DE\" \/>\n<meta property=\"og:type\" content=\"article\" \/>\n<meta property=\"og:title\" content=\"Energie, M\u00fcll, Stra\u00dfendienst - 100 Jahre Siedlungsgeschichte\" \/>\n<meta property=\"og:description\" content=\"Die Beleuchtung der H\u00e4user erfolgte zun\u00e4chst durch Gaslicht. Wann auf Strom umgestellt wurde, ist noch unbekannt.Als Stra\u00dfenbeleuchtung dienten bis Ende 1963 Gaslaternen. Ab 4. Januar 1964 wurden diese durch eine elektrische Beleuchtung ersetzt. Die Leitungen waren an Masten oberirdisch verlegt. 1986 wurden die elektrischen Leitungen unterirdisch verlegt und die Stra\u00dfenbeleuchtung wechselte teilweise die Stra\u00dfenseite.Die Gasleitungen [&hellip;]\" \/>\n<meta property=\"og:url\" content=\"http:\/\/wittingsbrok.de\/?page_id=555\" \/>\n<meta property=\"og:site_name\" content=\"100 Jahre Siedlungsgeschichte\" \/>\n<meta property=\"article:modified_time\" content=\"2019-09-03T15:07:33+00:00\" \/>\n<meta name=\"twitter:card\" content=\"summary_large_image\" \/>\n<meta name=\"twitter:label1\" content=\"Gesch\u00e4tzte Lesezeit\" \/>\n\t<meta name=\"twitter:data1\" content=\"1 Minute\" \/>\n<script type=\"application\/ld+json\" class=\"yoast-schema-graph\">{\"@context\":\"https:\/\/schema.org\",\"@graph\":[{\"@type\":\"WebPage\",\"@id\":\"http:\/\/wittingsbrok.de\/?page_id=555\",\"url\":\"http:\/\/wittingsbrok.de\/?page_id=555\",\"name\":\"Energie, M\u00fcll, Stra\u00dfendienst - 100 Jahre Siedlungsgeschichte\",\"isPartOf\":{\"@id\":\"http:\/\/wittingsbrok.de\/#website\"},\"datePublished\":\"2019-08-28T14:56:29+00:00\",\"dateModified\":\"2019-09-03T15:07:33+00:00\",\"breadcrumb\":{\"@id\":\"http:\/\/wittingsbrok.de\/?page_id=555#breadcrumb\"},\"inLanguage\":\"de-DE\",\"potentialAction\":[{\"@type\":\"ReadAction\",\"target\":[\"http:\/\/wittingsbrok.de\/?page_id=555\"]}]},{\"@type\":\"BreadcrumbList\",\"@id\":\"http:\/\/wittingsbrok.de\/?page_id=555#breadcrumb\",\"itemListElement\":[{\"@type\":\"ListItem\",\"position\":1,\"name\":\"Startseite\",\"item\":\"http:\/\/wittingsbrok.de\/\"},{\"@type\":\"ListItem\",\"position\":2,\"name\":\"Energie, M\u00fcll, Stra\u00dfendienst\"}]},{\"@type\":\"WebSite\",\"@id\":\"http:\/\/wittingsbrok.de\/#website\",\"url\":\"http:\/\/wittingsbrok.de\/\",\"name\":\"100 Jahre Siedlungsgeschichte\",\"description\":\" im Wittingsbrok und im Brunsbrok in Oldenburg, Niedersachsen\",\"publisher\":{\"@id\":\"http:\/\/wittingsbrok.de\/#organization\"},\"potentialAction\":[{\"@type\":\"SearchAction\",\"target\":{\"@type\":\"EntryPoint\",\"urlTemplate\":\"http:\/\/wittingsbrok.de\/?s={search_term_string}\"},\"query-input\":\"required name=search_term_string\"}],\"inLanguage\":\"de-DE\"},{\"@type\":\"Organization\",\"@id\":\"http:\/\/wittingsbrok.de\/#organization\",\"name\":\"100 Jahre Siedlungsgeschichte\",\"url\":\"http:\/\/wittingsbrok.de\/\",\"logo\":{\"@type\":\"ImageObject\",\"inLanguage\":\"de-DE\",\"@id\":\"http:\/\/wittingsbrok.de\/#\/schema\/logo\/image\/\",\"url\":\"http:\/\/wittingsbrok.de\/wp-a6f61-content\/uploads\/2019\/07\/Logo-4-1-e1562934907339.jpg\",\"contentUrl\":\"http:\/\/wittingsbrok.de\/wp-a6f61-content\/uploads\/2019\/07\/Logo-4-1-e1562934907339.jpg\",\"width\":100,\"height\":100,\"caption\":\"100 Jahre Siedlungsgeschichte\"},\"image\":{\"@id\":\"http:\/\/wittingsbrok.de\/#\/schema\/logo\/image\/\"}}]}<\/script>\n<!-- \/ Yoast SEO plugin. -->","yoast_head_json":{"title":"Energie, M\u00fcll, Stra\u00dfendienst - 100 Jahre Siedlungsgeschichte","robots":{"index":"index","follow":"follow","max-snippet":"max-snippet:-1","max-image-preview":"max-image-preview:large","max-video-preview":"max-video-preview:-1"},"canonical":"http:\/\/wittingsbrok.de\/?page_id=555","og_locale":"de_DE","og_type":"article","og_title":"Energie, M\u00fcll, Stra\u00dfendienst - 100 Jahre Siedlungsgeschichte","og_description":"Die Beleuchtung der H\u00e4user erfolgte zun\u00e4chst durch Gaslicht. Wann auf Strom umgestellt wurde, ist noch unbekannt.Als Stra\u00dfenbeleuchtung dienten bis Ende 1963 Gaslaternen. Ab 4. Januar 1964 wurden diese durch eine elektrische Beleuchtung ersetzt. Die Leitungen waren an Masten oberirdisch verlegt. 1986 wurden die elektrischen Leitungen unterirdisch verlegt und die Stra\u00dfenbeleuchtung wechselte teilweise die Stra\u00dfenseite.Die Gasleitungen [&hellip;]","og_url":"http:\/\/wittingsbrok.de\/?page_id=555","og_site_name":"100 Jahre Siedlungsgeschichte","article_modified_time":"2019-09-03T15:07:33+00:00","twitter_card":"summary_large_image","twitter_misc":{"Gesch\u00e4tzte Lesezeit":"1 Minute"},"schema":{"@context":"https:\/\/schema.org","@graph":[{"@type":"WebPage","@id":"http:\/\/wittingsbrok.de\/?page_id=555","url":"http:\/\/wittingsbrok.de\/?page_id=555","name":"Energie, M\u00fcll, Stra\u00dfendienst - 100 Jahre Siedlungsgeschichte","isPartOf":{"@id":"http:\/\/wittingsbrok.de\/#website"},"datePublished":"2019-08-28T14:56:29+00:00","dateModified":"2019-09-03T15:07:33+00:00","breadcrumb":{"@id":"http:\/\/wittingsbrok.de\/?page_id=555#breadcrumb"},"inLanguage":"de-DE","potentialAction":[{"@type":"ReadAction","target":["http:\/\/wittingsbrok.de\/?page_id=555"]}]},{"@type":"BreadcrumbList","@id":"http:\/\/wittingsbrok.de\/?page_id=555#breadcrumb","itemListElement":[{"@type":"ListItem","position":1,"name":"Startseite","item":"http:\/\/wittingsbrok.de\/"},{"@type":"ListItem","position":2,"name":"Energie, M\u00fcll, Stra\u00dfendienst"}]},{"@type":"WebSite","@id":"http:\/\/wittingsbrok.de\/#website","url":"http:\/\/wittingsbrok.de\/","name":"100 Jahre Siedlungsgeschichte","description":" im Wittingsbrok und im Brunsbrok in Oldenburg, Niedersachsen","publisher":{"@id":"http:\/\/wittingsbrok.de\/#organization"},"potentialAction":[{"@type":"SearchAction","target":{"@type":"EntryPoint","urlTemplate":"http:\/\/wittingsbrok.de\/?s={search_term_string}"},"query-input":"required name=search_term_string"}],"inLanguage":"de-DE"},{"@type":"Organization","@id":"http:\/\/wittingsbrok.de\/#organization","name":"100 Jahre Siedlungsgeschichte","url":"http:\/\/wittingsbrok.de\/","logo":{"@type":"ImageObject","inLanguage":"de-DE","@id":"http:\/\/wittingsbrok.de\/#\/schema\/logo\/image\/","url":"http:\/\/wittingsbrok.de\/wp-a6f61-content\/uploads\/2019\/07\/Logo-4-1-e1562934907339.jpg","contentUrl":"http:\/\/wittingsbrok.de\/wp-a6f61-content\/uploads\/2019\/07\/Logo-4-1-e1562934907339.jpg","width":100,"height":100,"caption":"100 Jahre Siedlungsgeschichte"},"image":{"@id":"http:\/\/wittingsbrok.de\/#\/schema\/logo\/image\/"}}]}},"_links":{"self":[{"href":"http:\/\/wittingsbrok.de\/index.php?rest_route=\/wp\/v2\/pages\/555"}],"collection":[{"href":"http:\/\/wittingsbrok.de\/index.php?rest_route=\/wp\/v2\/pages"}],"about":[{"href":"http:\/\/wittingsbrok.de\/index.php?rest_route=\/wp\/v2\/types\/page"}],"author":[{"embeddable":true,"href":"http:\/\/wittingsbrok.de\/index.php?rest_route=\/wp\/v2\/users\/1"}],"replies":[{"embeddable":true,"href":"http:\/\/wittingsbrok.de\/index.php?rest_route=%2Fwp%2Fv2%2Fcomments&post=555"}],"version-history":[{"count":2,"href":"http:\/\/wittingsbrok.de\/index.php?rest_route=\/wp\/v2\/pages\/555\/revisions"}],"predecessor-version":[{"id":587,"href":"http:\/\/wittingsbrok.de\/index.php?rest_route=\/wp\/v2\/pages\/555\/revisions\/587"}],"wp:attachment":[{"href":"http:\/\/wittingsbrok.de\/index.php?rest_route=%2Fwp%2Fv2%2Fmedia&parent=555"}],"curies":[{"name":"wp","href":"https:\/\/api.w.org\/{rel}","templated":true}]}}