{"id":542,"date":"2019-08-28T15:58:49","date_gmt":"2019-08-28T13:58:49","guid":{"rendered":"http:\/\/wittingsbrok.de\/?page_id=542"},"modified":"2019-08-28T15:58:49","modified_gmt":"2019-08-28T13:58:49","slug":"hygienische-zustaende","status":"publish","type":"page","link":"http:\/\/wittingsbrok.de\/?page_id=542","title":{"rendered":"Hygienische Zust\u00e4nde"},"content":{"rendered":"\n<p>Wenn der Wind aus der Richtung der Kadaveranstalt am Johann-Justus-Weg wehte, durfte keine W\u00e4sche rausgeh\u00e4ngt werden!<\/p>\n\n\n\n<figure class=\"wp-block-image size-large\"><img decoding=\"async\" loading=\"lazy\" width=\"1024\" height=\"677\" src=\"http:\/\/wittingsbrok.de\/wp-a6f61-content\/uploads\/2019\/08\/L\u00fcschen-1024x677.jpg\" alt=\"\" class=\"wp-image-543\" srcset=\"http:\/\/wittingsbrok.de\/wp-a6f61-content\/uploads\/2019\/08\/L\u00fcschen-1024x677.jpg 1024w, http:\/\/wittingsbrok.de\/wp-a6f61-content\/uploads\/2019\/08\/L\u00fcschen-300x198.jpg 300w, http:\/\/wittingsbrok.de\/wp-a6f61-content\/uploads\/2019\/08\/L\u00fcschen-768x508.jpg 768w, http:\/\/wittingsbrok.de\/wp-a6f61-content\/uploads\/2019\/08\/L\u00fcschen.jpg 1654w\" sizes=\"(max-width: 1024px) 100vw, 1024px\" \/><figcaption>In L\u00fcschens Garten<\/figcaption><\/figure>\n\n\n\n<p>In der Siedlung gab es bis 1977 keine Kanalisation. Einige Hauseigent\u00fcmer bauten ab 1960 eigene Kl\u00e4ranlagen. Wie im Bauplan von Haus Nr. 34 zu sehen ist, gab es urspr\u00fcnglich keine Badezimmer. Die Toiletten befanden sich als sogenannte &#8222;Plumsklosetts&#8220; im angebauten Stall. Eine Abfuhr der F\u00e4kalien gab es nicht, sie dienten im Garten als D\u00fcnger zusammen mit den F\u00e4kalien der gehaltenen Tiere.<\/p>\n\n\n\n<p>Noch 1980 befanden sich zwischen allen H\u00e4usern Gr\u00e4ben zur Entw\u00e4sserung des Regenwassers in die B\u00e4ke. Diese Gr\u00e4ben wurden vorher auch zur Entsorgung des Brauchwassers vom Waschen und aus der K\u00fcche benutzt.<br>(aus Berichten der Zeitzeugen Peter Bruns und Helmut Bruns)<br><\/p>\n\n\n\n<p>Am 19. Mai 1967 schreibt ein Anwohner an die Haaren-Wasseracht, dass ihm st\u00e4ndig Unrecht geschehe. Er habe sein Gartenland von 300 qm <em>\u201eam Brunsbrok, Richtung Ellernbrok\u201c<\/em>. Er muss <em>\u201eseit<\/em> <em>Jahren\u201c<\/em> mitansehen, wie der Graben an der Stra\u00dfe und sein Gartenland verunreinigt werden. T\u00e4glich w\u00fcrden sieben bis acht Eimer Urin und Seifenlauge in seinen Graben gekippt, so dass die Hecke eingegangen sei, und au\u00dferdem w\u00fcrde es erb\u00e4rmlich stinken und Krankheiten verursachen. Das sei auf Veranlassung von Frau R. geschehen, die ihre Mieter dazu anhalten w\u00fcrde, das Abwasser in seinen Graben zu gie\u00dfen. Frau R. habe ihre eigene Toilettengrube und ihren eigenen Gartengraben. Da sie Gartenland verkauft habe, h\u00e4tte sie genug Geld, um f\u00fcr ihre Mieter eine Wasserleitung mit Abfluss anzuschaffen, stattdessen mache sie aber teure Reisen, beklagt er sich.<br>Er glaube nun, dass sie ihn verdr\u00e4ngen wolle, und fordert die Wasseracht dringend auf, f\u00fcr Abhilfe zu sorgen, <em>\u201enotfalls mit Gewalt oder hohen Geldstrafen. Auch Verbotsschilder tun gute Dienste. \u00dcberschreitung soll polizeilich bestraft werden.\u201c <\/em> <br>Er schreibt mehrere Briefe und Postkarten an die Haaren-Wasseracht, die an die Stadt Oldenburg weitergeleitet werden.  <br>Der Ausgang dieses Konfliktes ist nicht bekannt. Zehn Jahre sp\u00e4ter wird das Doppelhaus an die st\u00e4dtische Schmutzwasserkanalisation angeschlossen. <br><em>Marlies Peters<\/em> <\/p>\n\n\n\n<p><br><\/p>\n","protected":false},"excerpt":{"rendered":"<p>Wenn der Wind aus der Richtung der Kadaveranstalt am Johann-Justus-Weg wehte, durfte keine W\u00e4sche rausgeh\u00e4ngt werden! In der Siedlung gab es bis 1977 keine Kanalisation. Einige Hauseigent\u00fcmer bauten ab 1960 eigene Kl\u00e4ranlagen. Wie im Bauplan von Haus Nr. 34 zu sehen ist, gab es urspr\u00fcnglich keine Badezimmer. Die Toiletten befanden sich als sogenannte &#8222;Plumsklosetts&#8220; im [&hellip;]<\/p>\n","protected":false},"author":1,"featured_media":0,"parent":0,"menu_order":0,"comment_status":"closed","ping_status":"closed","template":"","meta":[],"yoast_head":"<!-- This site is optimized with the Yoast SEO plugin v19.11 - https:\/\/yoast.com\/wordpress\/plugins\/seo\/ -->\n<title>Hygienische Zust\u00e4nde - 100 Jahre Siedlungsgeschichte<\/title>\n<meta name=\"robots\" content=\"index, follow, max-snippet:-1, max-image-preview:large, max-video-preview:-1\" \/>\n<link rel=\"canonical\" href=\"https:\/\/wittingsbrok.de\/?page_id=542\" \/>\n<meta property=\"og:locale\" content=\"de_DE\" \/>\n<meta property=\"og:type\" content=\"article\" \/>\n<meta property=\"og:title\" content=\"Hygienische Zust\u00e4nde - 100 Jahre Siedlungsgeschichte\" \/>\n<meta property=\"og:description\" content=\"Wenn der Wind aus der Richtung der Kadaveranstalt am Johann-Justus-Weg wehte, durfte keine W\u00e4sche rausgeh\u00e4ngt werden! In der Siedlung gab es bis 1977 keine Kanalisation. Einige Hauseigent\u00fcmer bauten ab 1960 eigene Kl\u00e4ranlagen. Wie im Bauplan von Haus Nr. 34 zu sehen ist, gab es urspr\u00fcnglich keine Badezimmer. Die Toiletten befanden sich als sogenannte &#8222;Plumsklosetts&#8220; im [&hellip;]\" \/>\n<meta property=\"og:url\" content=\"https:\/\/wittingsbrok.de\/?page_id=542\" \/>\n<meta property=\"og:site_name\" content=\"100 Jahre Siedlungsgeschichte\" \/>\n<meta name=\"twitter:card\" content=\"summary_large_image\" \/>\n<meta name=\"twitter:label1\" content=\"Gesch\u00e4tzte Lesezeit\" \/>\n\t<meta name=\"twitter:data1\" content=\"2 Minuten\" \/>\n<script type=\"application\/ld+json\" class=\"yoast-schema-graph\">{\"@context\":\"https:\/\/schema.org\",\"@graph\":[{\"@type\":\"WebPage\",\"@id\":\"https:\/\/wittingsbrok.de\/?page_id=542\",\"url\":\"https:\/\/wittingsbrok.de\/?page_id=542\",\"name\":\"Hygienische Zust\u00e4nde - 100 Jahre Siedlungsgeschichte\",\"isPartOf\":{\"@id\":\"http:\/\/wittingsbrok.de\/#website\"},\"datePublished\":\"2019-08-28T13:58:49+00:00\",\"dateModified\":\"2019-08-28T13:58:49+00:00\",\"breadcrumb\":{\"@id\":\"https:\/\/wittingsbrok.de\/?page_id=542#breadcrumb\"},\"inLanguage\":\"de-DE\",\"potentialAction\":[{\"@type\":\"ReadAction\",\"target\":[\"https:\/\/wittingsbrok.de\/?page_id=542\"]}]},{\"@type\":\"BreadcrumbList\",\"@id\":\"https:\/\/wittingsbrok.de\/?page_id=542#breadcrumb\",\"itemListElement\":[{\"@type\":\"ListItem\",\"position\":1,\"name\":\"Startseite\",\"item\":\"http:\/\/wittingsbrok.de\/\"},{\"@type\":\"ListItem\",\"position\":2,\"name\":\"Hygienische Zust\u00e4nde\"}]},{\"@type\":\"WebSite\",\"@id\":\"http:\/\/wittingsbrok.de\/#website\",\"url\":\"http:\/\/wittingsbrok.de\/\",\"name\":\"100 Jahre Siedlungsgeschichte\",\"description\":\" im Wittingsbrok und im Brunsbrok in Oldenburg, Niedersachsen\",\"publisher\":{\"@id\":\"http:\/\/wittingsbrok.de\/#organization\"},\"potentialAction\":[{\"@type\":\"SearchAction\",\"target\":{\"@type\":\"EntryPoint\",\"urlTemplate\":\"http:\/\/wittingsbrok.de\/?s={search_term_string}\"},\"query-input\":\"required name=search_term_string\"}],\"inLanguage\":\"de-DE\"},{\"@type\":\"Organization\",\"@id\":\"http:\/\/wittingsbrok.de\/#organization\",\"name\":\"100 Jahre Siedlungsgeschichte\",\"url\":\"http:\/\/wittingsbrok.de\/\",\"logo\":{\"@type\":\"ImageObject\",\"inLanguage\":\"de-DE\",\"@id\":\"http:\/\/wittingsbrok.de\/#\/schema\/logo\/image\/\",\"url\":\"http:\/\/wittingsbrok.de\/wp-a6f61-content\/uploads\/2019\/07\/Logo-4-1-e1562934907339.jpg\",\"contentUrl\":\"http:\/\/wittingsbrok.de\/wp-a6f61-content\/uploads\/2019\/07\/Logo-4-1-e1562934907339.jpg\",\"width\":100,\"height\":100,\"caption\":\"100 Jahre Siedlungsgeschichte\"},\"image\":{\"@id\":\"http:\/\/wittingsbrok.de\/#\/schema\/logo\/image\/\"}}]}<\/script>\n<!-- \/ Yoast SEO plugin. -->","yoast_head_json":{"title":"Hygienische Zust\u00e4nde - 100 Jahre Siedlungsgeschichte","robots":{"index":"index","follow":"follow","max-snippet":"max-snippet:-1","max-image-preview":"max-image-preview:large","max-video-preview":"max-video-preview:-1"},"canonical":"https:\/\/wittingsbrok.de\/?page_id=542","og_locale":"de_DE","og_type":"article","og_title":"Hygienische Zust\u00e4nde - 100 Jahre Siedlungsgeschichte","og_description":"Wenn der Wind aus der Richtung der Kadaveranstalt am Johann-Justus-Weg wehte, durfte keine W\u00e4sche rausgeh\u00e4ngt werden! In der Siedlung gab es bis 1977 keine Kanalisation. Einige Hauseigent\u00fcmer bauten ab 1960 eigene Kl\u00e4ranlagen. Wie im Bauplan von Haus Nr. 34 zu sehen ist, gab es urspr\u00fcnglich keine Badezimmer. Die Toiletten befanden sich als sogenannte &#8222;Plumsklosetts&#8220; im [&hellip;]","og_url":"https:\/\/wittingsbrok.de\/?page_id=542","og_site_name":"100 Jahre Siedlungsgeschichte","twitter_card":"summary_large_image","twitter_misc":{"Gesch\u00e4tzte Lesezeit":"2 Minuten"},"schema":{"@context":"https:\/\/schema.org","@graph":[{"@type":"WebPage","@id":"https:\/\/wittingsbrok.de\/?page_id=542","url":"https:\/\/wittingsbrok.de\/?page_id=542","name":"Hygienische Zust\u00e4nde - 100 Jahre Siedlungsgeschichte","isPartOf":{"@id":"http:\/\/wittingsbrok.de\/#website"},"datePublished":"2019-08-28T13:58:49+00:00","dateModified":"2019-08-28T13:58:49+00:00","breadcrumb":{"@id":"https:\/\/wittingsbrok.de\/?page_id=542#breadcrumb"},"inLanguage":"de-DE","potentialAction":[{"@type":"ReadAction","target":["https:\/\/wittingsbrok.de\/?page_id=542"]}]},{"@type":"BreadcrumbList","@id":"https:\/\/wittingsbrok.de\/?page_id=542#breadcrumb","itemListElement":[{"@type":"ListItem","position":1,"name":"Startseite","item":"http:\/\/wittingsbrok.de\/"},{"@type":"ListItem","position":2,"name":"Hygienische Zust\u00e4nde"}]},{"@type":"WebSite","@id":"http:\/\/wittingsbrok.de\/#website","url":"http:\/\/wittingsbrok.de\/","name":"100 Jahre Siedlungsgeschichte","description":" im Wittingsbrok und im Brunsbrok in Oldenburg, Niedersachsen","publisher":{"@id":"http:\/\/wittingsbrok.de\/#organization"},"potentialAction":[{"@type":"SearchAction","target":{"@type":"EntryPoint","urlTemplate":"http:\/\/wittingsbrok.de\/?s={search_term_string}"},"query-input":"required name=search_term_string"}],"inLanguage":"de-DE"},{"@type":"Organization","@id":"http:\/\/wittingsbrok.de\/#organization","name":"100 Jahre Siedlungsgeschichte","url":"http:\/\/wittingsbrok.de\/","logo":{"@type":"ImageObject","inLanguage":"de-DE","@id":"http:\/\/wittingsbrok.de\/#\/schema\/logo\/image\/","url":"http:\/\/wittingsbrok.de\/wp-a6f61-content\/uploads\/2019\/07\/Logo-4-1-e1562934907339.jpg","contentUrl":"http:\/\/wittingsbrok.de\/wp-a6f61-content\/uploads\/2019\/07\/Logo-4-1-e1562934907339.jpg","width":100,"height":100,"caption":"100 Jahre Siedlungsgeschichte"},"image":{"@id":"http:\/\/wittingsbrok.de\/#\/schema\/logo\/image\/"}}]}},"_links":{"self":[{"href":"http:\/\/wittingsbrok.de\/index.php?rest_route=\/wp\/v2\/pages\/542"}],"collection":[{"href":"http:\/\/wittingsbrok.de\/index.php?rest_route=\/wp\/v2\/pages"}],"about":[{"href":"http:\/\/wittingsbrok.de\/index.php?rest_route=\/wp\/v2\/types\/page"}],"author":[{"embeddable":true,"href":"http:\/\/wittingsbrok.de\/index.php?rest_route=\/wp\/v2\/users\/1"}],"replies":[{"embeddable":true,"href":"http:\/\/wittingsbrok.de\/index.php?rest_route=%2Fwp%2Fv2%2Fcomments&post=542"}],"version-history":[{"count":1,"href":"http:\/\/wittingsbrok.de\/index.php?rest_route=\/wp\/v2\/pages\/542\/revisions"}],"predecessor-version":[{"id":544,"href":"http:\/\/wittingsbrok.de\/index.php?rest_route=\/wp\/v2\/pages\/542\/revisions\/544"}],"wp:attachment":[{"href":"http:\/\/wittingsbrok.de\/index.php?rest_route=%2Fwp%2Fv2%2Fmedia&parent=542"}],"curies":[{"name":"wp","href":"https:\/\/api.w.org\/{rel}","templated":true}]}}