{"id":405,"date":"2019-08-23T16:46:37","date_gmt":"2019-08-23T14:46:37","guid":{"rendered":"http:\/\/wittingsbrok.de\/?page_id=405"},"modified":"2019-11-18T17:12:11","modified_gmt":"2019-11-18T15:12:11","slug":"gezimmerte-glockenstuehle-die-daecher-der-haeuser","status":"publish","type":"page","link":"http:\/\/wittingsbrok.de\/?page_id=405","title":{"rendered":"&#8222;Gezimmerte Glockenst\u00fchle&#8220; &#8211; die D\u00e4cher der H\u00e4user"},"content":{"rendered":"\n<p>&#8222;Gezimmerte Glockenst\u00fchle&#8220; war das Thema der Doktorarbeit des Architekten Dr. Ing. Heinrich Biebel. F\u00fcr unsere Siedlung konstruierte Biebel ausschlie\u00dflich mit Holzverbindungen einfache Spitzgiebel f\u00fcr die giebelst\u00e4ndigen Einfamilienh\u00e4user wie Nr. 5 &#8211; 9 und Nr. 6 &#8211; 10.<br>Anspruchsvoller wurde es bei den Zwerchdachh\u00e4usern Nr. 14 und 21, von denen es bau\u00e4hnliche in Vahlenhorst und im Rauhehorst gibt.<\/p>\n\n\n\n<div class=\"wp-block-columns is-layout-flex wp-container-3\">\n<div class=\"wp-block-column is-layout-flow\">\n<figure class=\"wp-block-image size-large\"><img decoding=\"async\" loading=\"lazy\" width=\"837\" height=\"566\" src=\"http:\/\/wittingsbrok.de\/wp-a6f61-content\/uploads\/2019\/08\/Nr.-21-1997-2.jpg\" alt=\"\" class=\"wp-image-452\" srcset=\"http:\/\/wittingsbrok.de\/wp-a6f61-content\/uploads\/2019\/08\/Nr.-21-1997-2.jpg 837w, http:\/\/wittingsbrok.de\/wp-a6f61-content\/uploads\/2019\/08\/Nr.-21-1997-2-300x203.jpg 300w, http:\/\/wittingsbrok.de\/wp-a6f61-content\/uploads\/2019\/08\/Nr.-21-1997-2-768x519.jpg 768w\" sizes=\"(max-width: 837px) 100vw, 837px\" \/><figcaption>Der Zwerchdachstuhl des Hauses Nr. 21<\/figcaption><\/figure>\n<\/div>\n\n\n\n<div class=\"wp-block-column is-layout-flow\">\n<figure class=\"wp-block-image size-large\"><img decoding=\"async\" loading=\"lazy\" width=\"1024\" height=\"643\" src=\"http:\/\/wittingsbrok.de\/wp-a6f61-content\/uploads\/2019\/11\/IMG_0002-7-1024x643.jpg\" alt=\"\" class=\"wp-image-1024\" srcset=\"http:\/\/wittingsbrok.de\/wp-a6f61-content\/uploads\/2019\/11\/IMG_0002-7-1024x643.jpg 1024w, http:\/\/wittingsbrok.de\/wp-a6f61-content\/uploads\/2019\/11\/IMG_0002-7-300x188.jpg 300w, http:\/\/wittingsbrok.de\/wp-a6f61-content\/uploads\/2019\/11\/IMG_0002-7-768x482.jpg 768w, http:\/\/wittingsbrok.de\/wp-a6f61-content\/uploads\/2019\/11\/IMG_0002-7.jpg 1864w\" sizes=\"(max-width: 1024px) 100vw, 1024px\" \/><figcaption> Vorder- und r\u00fcckseitiges doppeltes Zwerchdach mit mittigem Knick bei Nr. 1 und 3, Quelle: Siedlungen der Zwanziger Jahre, Hannover 1985, .s 109<\/figcaption><\/figure>\n<\/div>\n<\/div>\n\n\n\n<p><br>Die kleineren Doppelh\u00e4user im Brunsbrok Nr. 1 &#8211; 8 sind als Walmdachh\u00e4user ausgelegt. Die gro\u00dfen Doppelh\u00e4user am zentralen Platz haben sogar Kreuzwalmd\u00e4cher.<br>Wahre Raumwunder sind die D\u00e4cher der Doppelh\u00e4user Nr. 1 &#8211; 4 mit ihrer Kombination aus Giebel- und vierfachem Zwerchdach sowie den Knickdachst\u00fchlen zwischen den Zwerchgiebeln. <\/p>\n\n\n\n<div class=\"wp-block-columns is-layout-flex wp-container-7\">\n<div class=\"wp-block-column is-layout-flow\">\n<figure class=\"wp-block-image size-large\"><img decoding=\"async\" loading=\"lazy\" width=\"744\" height=\"992\" src=\"http:\/\/wittingsbrok.de\/wp-a6f61-content\/uploads\/2019\/08\/IMG_20190508_110128.jpg\" alt=\"\" class=\"wp-image-457\" srcset=\"http:\/\/wittingsbrok.de\/wp-a6f61-content\/uploads\/2019\/08\/IMG_20190508_110128.jpg 744w, http:\/\/wittingsbrok.de\/wp-a6f61-content\/uploads\/2019\/08\/IMG_20190508_110128-225x300.jpg 225w\" sizes=\"(max-width: 744px) 100vw, 744px\" \/><figcaption>St\u00e4nder mit Holzverbindung<\/figcaption><\/figure>\n<\/div>\n\n\n\n<div class=\"wp-block-column is-layout-flow\">\n<figure class=\"wp-block-image size-large\"><img decoding=\"async\" loading=\"lazy\" width=\"744\" height=\"992\" src=\"http:\/\/wittingsbrok.de\/wp-a6f61-content\/uploads\/2019\/08\/IMG_20190508_110113.jpg\" alt=\"\" class=\"wp-image-459\" srcset=\"http:\/\/wittingsbrok.de\/wp-a6f61-content\/uploads\/2019\/08\/IMG_20190508_110113.jpg 744w, http:\/\/wittingsbrok.de\/wp-a6f61-content\/uploads\/2019\/08\/IMG_20190508_110113-225x300.jpg 225w\" sizes=\"(max-width: 744px) 100vw, 744px\" \/><figcaption>Zwerchdach von innen<\/figcaption><\/figure>\n<\/div>\n\n\n\n<div class=\"wp-block-column is-layout-flow\">\n<figure class=\"wp-block-image size-large\"><img decoding=\"async\" loading=\"lazy\" width=\"744\" height=\"992\" src=\"http:\/\/wittingsbrok.de\/wp-a6f61-content\/uploads\/2019\/08\/IMG_20190508_105951.jpg\" alt=\"\" class=\"wp-image-458\" srcset=\"http:\/\/wittingsbrok.de\/wp-a6f61-content\/uploads\/2019\/08\/IMG_20190508_105951.jpg 744w, http:\/\/wittingsbrok.de\/wp-a6f61-content\/uploads\/2019\/08\/IMG_20190508_105951-225x300.jpg 225w\" sizes=\"(max-width: 744px) 100vw, 744px\" \/><figcaption>Detail des Daches<\/figcaption><\/figure>\n<\/div>\n<\/div>\n\n\n\n<div class=\"wp-block-columns is-layout-flex wp-container-10\">\n<div class=\"wp-block-column is-layout-flow\" style=\"flex-basis:33.33%\">\n<figure class=\"wp-block-image size-large\"><img decoding=\"async\" loading=\"lazy\" width=\"648\" height=\"968\" src=\"http:\/\/wittingsbrok.de\/wp-a6f61-content\/uploads\/2019\/08\/IGP0820-3.jpg\" alt=\"\" class=\"wp-image-461\" srcset=\"http:\/\/wittingsbrok.de\/wp-a6f61-content\/uploads\/2019\/08\/IGP0820-3.jpg 648w, http:\/\/wittingsbrok.de\/wp-a6f61-content\/uploads\/2019\/08\/IGP0820-3-201x300.jpg 201w\" sizes=\"(max-width: 648px) 100vw, 648px\" \/><figcaption>Es h\u00e4lt schon 100 Jahre<\/figcaption><\/figure>\n<\/div>\n\n\n\n<div class=\"wp-block-column is-layout-flow\" style=\"flex-basis:66.66%\">\n<figure class=\"wp-block-image size-large\"><img decoding=\"async\" loading=\"lazy\" width=\"992\" height=\"744\" src=\"http:\/\/wittingsbrok.de\/wp-a6f61-content\/uploads\/2019\/08\/IMG_20190508_110031.jpg\" alt=\"\" class=\"wp-image-456\" srcset=\"http:\/\/wittingsbrok.de\/wp-a6f61-content\/uploads\/2019\/08\/IMG_20190508_110031.jpg 992w, http:\/\/wittingsbrok.de\/wp-a6f61-content\/uploads\/2019\/08\/IMG_20190508_110031-300x225.jpg 300w, http:\/\/wittingsbrok.de\/wp-a6f61-content\/uploads\/2019\/08\/IMG_20190508_110031-768x576.jpg 768w\" sizes=\"(max-width: 992px) 100vw, 992px\" \/><figcaption>Zwerchgiebel<\/figcaption><\/figure>\n<\/div>\n<\/div>\n","protected":false},"excerpt":{"rendered":"<p>&#8222;Gezimmerte Glockenst\u00fchle&#8220; war das Thema der Doktorarbeit des Architekten Dr. Ing. Heinrich Biebel. F\u00fcr unsere Siedlung konstruierte Biebel ausschlie\u00dflich mit Holzverbindungen einfache Spitzgiebel f\u00fcr die giebelst\u00e4ndigen Einfamilienh\u00e4user wie Nr. 5 &#8211; 9 und Nr. 6 &#8211; 10.Anspruchsvoller wurde es bei den Zwerchdachh\u00e4usern Nr. 14 und 21, von denen es bau\u00e4hnliche in Vahlenhorst und im Rauhehorst [&hellip;]<\/p>\n","protected":false},"author":1,"featured_media":0,"parent":0,"menu_order":0,"comment_status":"closed","ping_status":"closed","template":"","meta":[],"yoast_head":"<!-- This site is optimized with the Yoast SEO plugin v19.11 - https:\/\/yoast.com\/wordpress\/plugins\/seo\/ -->\n<title>&quot;Gezimmerte Glockenst\u00fchle&quot; - die D\u00e4cher der H\u00e4user - 100 Jahre Siedlungsgeschichte<\/title>\n<meta name=\"robots\" content=\"index, follow, max-snippet:-1, max-image-preview:large, max-video-preview:-1\" \/>\n<link rel=\"canonical\" href=\"http:\/\/wittingsbrok.de\/?page_id=405\" \/>\n<meta property=\"og:locale\" content=\"de_DE\" \/>\n<meta property=\"og:type\" content=\"article\" \/>\n<meta property=\"og:title\" content=\"&quot;Gezimmerte Glockenst\u00fchle&quot; - die D\u00e4cher der H\u00e4user - 100 Jahre Siedlungsgeschichte\" \/>\n<meta property=\"og:description\" content=\"&#8222;Gezimmerte Glockenst\u00fchle&#8220; war das Thema der Doktorarbeit des Architekten Dr. Ing. Heinrich Biebel. F\u00fcr unsere Siedlung konstruierte Biebel ausschlie\u00dflich mit Holzverbindungen einfache Spitzgiebel f\u00fcr die giebelst\u00e4ndigen Einfamilienh\u00e4user wie Nr. 5 &#8211; 9 und Nr. 6 &#8211; 10.Anspruchsvoller wurde es bei den Zwerchdachh\u00e4usern Nr. 14 und 21, von denen es bau\u00e4hnliche in Vahlenhorst und im Rauhehorst [&hellip;]\" \/>\n<meta property=\"og:url\" content=\"http:\/\/wittingsbrok.de\/?page_id=405\" \/>\n<meta property=\"og:site_name\" content=\"100 Jahre Siedlungsgeschichte\" \/>\n<meta property=\"article:modified_time\" content=\"2019-11-18T15:12:11+00:00\" \/>\n<meta property=\"og:image\" content=\"http:\/\/wittingsbrok.de\/wp-a6f61-content\/uploads\/2019\/08\/Nr.-21-1997-2.jpg\" \/>\n<meta name=\"twitter:card\" content=\"summary_large_image\" \/>\n<meta name=\"twitter:label1\" content=\"Gesch\u00e4tzte Lesezeit\" \/>\n\t<meta name=\"twitter:data1\" content=\"1 Minute\" \/>\n<script type=\"application\/ld+json\" class=\"yoast-schema-graph\">{\"@context\":\"https:\/\/schema.org\",\"@graph\":[{\"@type\":\"WebPage\",\"@id\":\"http:\/\/wittingsbrok.de\/?page_id=405\",\"url\":\"http:\/\/wittingsbrok.de\/?page_id=405\",\"name\":\"\\\"Gezimmerte Glockenst\u00fchle\\\" - die D\u00e4cher der H\u00e4user - 100 Jahre Siedlungsgeschichte\",\"isPartOf\":{\"@id\":\"http:\/\/wittingsbrok.de\/#website\"},\"datePublished\":\"2019-08-23T14:46:37+00:00\",\"dateModified\":\"2019-11-18T15:12:11+00:00\",\"breadcrumb\":{\"@id\":\"http:\/\/wittingsbrok.de\/?page_id=405#breadcrumb\"},\"inLanguage\":\"de-DE\",\"potentialAction\":[{\"@type\":\"ReadAction\",\"target\":[\"http:\/\/wittingsbrok.de\/?page_id=405\"]}]},{\"@type\":\"BreadcrumbList\",\"@id\":\"http:\/\/wittingsbrok.de\/?page_id=405#breadcrumb\",\"itemListElement\":[{\"@type\":\"ListItem\",\"position\":1,\"name\":\"Startseite\",\"item\":\"http:\/\/wittingsbrok.de\/\"},{\"@type\":\"ListItem\",\"position\":2,\"name\":\"&#8222;Gezimmerte Glockenst\u00fchle&#8220; &#8211; die D\u00e4cher der H\u00e4user\"}]},{\"@type\":\"WebSite\",\"@id\":\"http:\/\/wittingsbrok.de\/#website\",\"url\":\"http:\/\/wittingsbrok.de\/\",\"name\":\"100 Jahre Siedlungsgeschichte\",\"description\":\" im Wittingsbrok und im Brunsbrok in Oldenburg, Niedersachsen\",\"publisher\":{\"@id\":\"http:\/\/wittingsbrok.de\/#organization\"},\"potentialAction\":[{\"@type\":\"SearchAction\",\"target\":{\"@type\":\"EntryPoint\",\"urlTemplate\":\"http:\/\/wittingsbrok.de\/?s={search_term_string}\"},\"query-input\":\"required name=search_term_string\"}],\"inLanguage\":\"de-DE\"},{\"@type\":\"Organization\",\"@id\":\"http:\/\/wittingsbrok.de\/#organization\",\"name\":\"100 Jahre Siedlungsgeschichte\",\"url\":\"http:\/\/wittingsbrok.de\/\",\"logo\":{\"@type\":\"ImageObject\",\"inLanguage\":\"de-DE\",\"@id\":\"http:\/\/wittingsbrok.de\/#\/schema\/logo\/image\/\",\"url\":\"http:\/\/wittingsbrok.de\/wp-a6f61-content\/uploads\/2019\/07\/Logo-4-1-e1562934907339.jpg\",\"contentUrl\":\"http:\/\/wittingsbrok.de\/wp-a6f61-content\/uploads\/2019\/07\/Logo-4-1-e1562934907339.jpg\",\"width\":100,\"height\":100,\"caption\":\"100 Jahre Siedlungsgeschichte\"},\"image\":{\"@id\":\"http:\/\/wittingsbrok.de\/#\/schema\/logo\/image\/\"}}]}<\/script>\n<!-- \/ Yoast SEO plugin. -->","yoast_head_json":{"title":"\"Gezimmerte Glockenst\u00fchle\" - die D\u00e4cher der H\u00e4user - 100 Jahre Siedlungsgeschichte","robots":{"index":"index","follow":"follow","max-snippet":"max-snippet:-1","max-image-preview":"max-image-preview:large","max-video-preview":"max-video-preview:-1"},"canonical":"http:\/\/wittingsbrok.de\/?page_id=405","og_locale":"de_DE","og_type":"article","og_title":"\"Gezimmerte Glockenst\u00fchle\" - die D\u00e4cher der H\u00e4user - 100 Jahre Siedlungsgeschichte","og_description":"&#8222;Gezimmerte Glockenst\u00fchle&#8220; war das Thema der Doktorarbeit des Architekten Dr. Ing. Heinrich Biebel. F\u00fcr unsere Siedlung konstruierte Biebel ausschlie\u00dflich mit Holzverbindungen einfache Spitzgiebel f\u00fcr die giebelst\u00e4ndigen Einfamilienh\u00e4user wie Nr. 5 &#8211; 9 und Nr. 6 &#8211; 10.Anspruchsvoller wurde es bei den Zwerchdachh\u00e4usern Nr. 14 und 21, von denen es bau\u00e4hnliche in Vahlenhorst und im Rauhehorst [&hellip;]","og_url":"http:\/\/wittingsbrok.de\/?page_id=405","og_site_name":"100 Jahre Siedlungsgeschichte","article_modified_time":"2019-11-18T15:12:11+00:00","og_image":[{"url":"http:\/\/wittingsbrok.de\/wp-a6f61-content\/uploads\/2019\/08\/Nr.-21-1997-2.jpg"}],"twitter_card":"summary_large_image","twitter_misc":{"Gesch\u00e4tzte Lesezeit":"1 Minute"},"schema":{"@context":"https:\/\/schema.org","@graph":[{"@type":"WebPage","@id":"http:\/\/wittingsbrok.de\/?page_id=405","url":"http:\/\/wittingsbrok.de\/?page_id=405","name":"\"Gezimmerte Glockenst\u00fchle\" - die D\u00e4cher der H\u00e4user - 100 Jahre Siedlungsgeschichte","isPartOf":{"@id":"http:\/\/wittingsbrok.de\/#website"},"datePublished":"2019-08-23T14:46:37+00:00","dateModified":"2019-11-18T15:12:11+00:00","breadcrumb":{"@id":"http:\/\/wittingsbrok.de\/?page_id=405#breadcrumb"},"inLanguage":"de-DE","potentialAction":[{"@type":"ReadAction","target":["http:\/\/wittingsbrok.de\/?page_id=405"]}]},{"@type":"BreadcrumbList","@id":"http:\/\/wittingsbrok.de\/?page_id=405#breadcrumb","itemListElement":[{"@type":"ListItem","position":1,"name":"Startseite","item":"http:\/\/wittingsbrok.de\/"},{"@type":"ListItem","position":2,"name":"&#8222;Gezimmerte Glockenst\u00fchle&#8220; &#8211; die D\u00e4cher der H\u00e4user"}]},{"@type":"WebSite","@id":"http:\/\/wittingsbrok.de\/#website","url":"http:\/\/wittingsbrok.de\/","name":"100 Jahre Siedlungsgeschichte","description":" im Wittingsbrok und im Brunsbrok in Oldenburg, Niedersachsen","publisher":{"@id":"http:\/\/wittingsbrok.de\/#organization"},"potentialAction":[{"@type":"SearchAction","target":{"@type":"EntryPoint","urlTemplate":"http:\/\/wittingsbrok.de\/?s={search_term_string}"},"query-input":"required name=search_term_string"}],"inLanguage":"de-DE"},{"@type":"Organization","@id":"http:\/\/wittingsbrok.de\/#organization","name":"100 Jahre Siedlungsgeschichte","url":"http:\/\/wittingsbrok.de\/","logo":{"@type":"ImageObject","inLanguage":"de-DE","@id":"http:\/\/wittingsbrok.de\/#\/schema\/logo\/image\/","url":"http:\/\/wittingsbrok.de\/wp-a6f61-content\/uploads\/2019\/07\/Logo-4-1-e1562934907339.jpg","contentUrl":"http:\/\/wittingsbrok.de\/wp-a6f61-content\/uploads\/2019\/07\/Logo-4-1-e1562934907339.jpg","width":100,"height":100,"caption":"100 Jahre Siedlungsgeschichte"},"image":{"@id":"http:\/\/wittingsbrok.de\/#\/schema\/logo\/image\/"}}]}},"_links":{"self":[{"href":"http:\/\/wittingsbrok.de\/index.php?rest_route=\/wp\/v2\/pages\/405"}],"collection":[{"href":"http:\/\/wittingsbrok.de\/index.php?rest_route=\/wp\/v2\/pages"}],"about":[{"href":"http:\/\/wittingsbrok.de\/index.php?rest_route=\/wp\/v2\/types\/page"}],"author":[{"embeddable":true,"href":"http:\/\/wittingsbrok.de\/index.php?rest_route=\/wp\/v2\/users\/1"}],"replies":[{"embeddable":true,"href":"http:\/\/wittingsbrok.de\/index.php?rest_route=%2Fwp%2Fv2%2Fcomments&post=405"}],"version-history":[{"count":3,"href":"http:\/\/wittingsbrok.de\/index.php?rest_route=\/wp\/v2\/pages\/405\/revisions"}],"predecessor-version":[{"id":1035,"href":"http:\/\/wittingsbrok.de\/index.php?rest_route=\/wp\/v2\/pages\/405\/revisions\/1035"}],"wp:attachment":[{"href":"http:\/\/wittingsbrok.de\/index.php?rest_route=%2Fwp%2Fv2%2Fmedia&parent=405"}],"curies":[{"name":"wp","href":"https:\/\/api.w.org\/{rel}","templated":true}]}}