{"id":396,"date":"2019-08-22T14:37:15","date_gmt":"2019-08-22T12:37:15","guid":{"rendered":"http:\/\/wittingsbrok.de\/?page_id=396"},"modified":"2019-08-22T14:37:15","modified_gmt":"2019-08-22T12:37:15","slug":"die-haeuser","status":"publish","type":"page","link":"http:\/\/wittingsbrok.de\/?page_id=396","title":{"rendered":"Die H\u00e4user"},"content":{"rendered":"\n<p>In der Stra\u00dfe Wittingsbrok stehen noch 18 teilweise erhaltene Einzelh\u00e4user und 6 Doppelh\u00e4user. Ein Haus wurde komplett umgebaut und ein Haus wurde erst vor einigen Jahren total abgerissen f\u00fcr einen Neubau mit anderen Ma\u00dfen. <\/p>\n\n\n\n<p> Urspr\u00fcnglich waren alle H\u00e4user wei\u00df verputzt und ziegelrot eingedeckt.  Sprossenfenster, Fensterl\u00e4den und ein halbrundes Fenster \u00fcber der  Haust\u00fcr waren Gestaltungselemente. Alle Haust\u00fcren waren \u00fcber einen  geraden Weg von der Stra\u00dfe direkt zu erreichen, der Weg war oft symmetrisch mit B\u00e4umchen links und rechts neben der Haust\u00fcr gestaltet.<\/p>\n\n\n\n<p>Nur ein Haus hat noch die originalen Sprossenfenster. Die Rundb\u00f6gen \u00fcber den Haust\u00fcren wurden teilweise zugemauert, teilweise wurden die Haust\u00fcren in Fenster umgewandelt. Mehrere H\u00e4user wurden verklinkert. Im Zuge von W\u00e4rmeschutzma\u00dfnahmen wurden mehrere D\u00e4cher begradigt und andersfarbig neu eingedeckt. Die Wege zu den Haust\u00fcren wurden meistens mit der Anlage eines Parkplatzes f\u00fcr den PKW verlegt.<\/p>\n\n\n\n<p>Haus Nr. 21 zeigt den Originalzustand.<\/p>\n","protected":false},"excerpt":{"rendered":"<p>In der Stra\u00dfe Wittingsbrok stehen noch 18 teilweise erhaltene Einzelh\u00e4user und 6 Doppelh\u00e4user. Ein Haus wurde komplett umgebaut und ein Haus wurde erst vor einigen Jahren total abgerissen f\u00fcr einen Neubau mit anderen Ma\u00dfen. Urspr\u00fcnglich waren alle H\u00e4user wei\u00df verputzt und ziegelrot eingedeckt. Sprossenfenster, Fensterl\u00e4den und ein halbrundes Fenster \u00fcber der Haust\u00fcr waren Gestaltungselemente. Alle [&hellip;]<\/p>\n","protected":false},"author":1,"featured_media":0,"parent":0,"menu_order":0,"comment_status":"closed","ping_status":"closed","template":"","meta":[],"yoast_head":"<!-- This site is optimized with the Yoast SEO plugin v19.11 - https:\/\/yoast.com\/wordpress\/plugins\/seo\/ -->\n<title>Die H\u00e4user - 100 Jahre Siedlungsgeschichte<\/title>\n<meta name=\"robots\" content=\"index, follow, max-snippet:-1, max-image-preview:large, max-video-preview:-1\" \/>\n<link rel=\"canonical\" href=\"http:\/\/wittingsbrok.de\/?page_id=396\" \/>\n<meta property=\"og:locale\" content=\"de_DE\" \/>\n<meta property=\"og:type\" content=\"article\" \/>\n<meta property=\"og:title\" content=\"Die H\u00e4user - 100 Jahre Siedlungsgeschichte\" \/>\n<meta property=\"og:description\" content=\"In der Stra\u00dfe Wittingsbrok stehen noch 18 teilweise erhaltene Einzelh\u00e4user und 6 Doppelh\u00e4user. Ein Haus wurde komplett umgebaut und ein Haus wurde erst vor einigen Jahren total abgerissen f\u00fcr einen Neubau mit anderen Ma\u00dfen. Urspr\u00fcnglich waren alle H\u00e4user wei\u00df verputzt und ziegelrot eingedeckt. Sprossenfenster, Fensterl\u00e4den und ein halbrundes Fenster \u00fcber der Haust\u00fcr waren Gestaltungselemente. Alle [&hellip;]\" \/>\n<meta property=\"og:url\" content=\"http:\/\/wittingsbrok.de\/?page_id=396\" \/>\n<meta property=\"og:site_name\" content=\"100 Jahre Siedlungsgeschichte\" \/>\n<meta name=\"twitter:card\" content=\"summary_large_image\" \/>\n<meta name=\"twitter:label1\" content=\"Gesch\u00e4tzte Lesezeit\" \/>\n\t<meta name=\"twitter:data1\" content=\"1 Minute\" \/>\n<script type=\"application\/ld+json\" class=\"yoast-schema-graph\">{\"@context\":\"https:\/\/schema.org\",\"@graph\":[{\"@type\":\"WebPage\",\"@id\":\"http:\/\/wittingsbrok.de\/?page_id=396\",\"url\":\"http:\/\/wittingsbrok.de\/?page_id=396\",\"name\":\"Die H\u00e4user - 100 Jahre Siedlungsgeschichte\",\"isPartOf\":{\"@id\":\"http:\/\/wittingsbrok.de\/#website\"},\"datePublished\":\"2019-08-22T12:37:15+00:00\",\"dateModified\":\"2019-08-22T12:37:15+00:00\",\"breadcrumb\":{\"@id\":\"http:\/\/wittingsbrok.de\/?page_id=396#breadcrumb\"},\"inLanguage\":\"de-DE\",\"potentialAction\":[{\"@type\":\"ReadAction\",\"target\":[\"http:\/\/wittingsbrok.de\/?page_id=396\"]}]},{\"@type\":\"BreadcrumbList\",\"@id\":\"http:\/\/wittingsbrok.de\/?page_id=396#breadcrumb\",\"itemListElement\":[{\"@type\":\"ListItem\",\"position\":1,\"name\":\"Startseite\",\"item\":\"http:\/\/wittingsbrok.de\/\"},{\"@type\":\"ListItem\",\"position\":2,\"name\":\"Die H\u00e4user\"}]},{\"@type\":\"WebSite\",\"@id\":\"http:\/\/wittingsbrok.de\/#website\",\"url\":\"http:\/\/wittingsbrok.de\/\",\"name\":\"100 Jahre Siedlungsgeschichte\",\"description\":\" im Wittingsbrok und im Brunsbrok in Oldenburg, Niedersachsen\",\"publisher\":{\"@id\":\"http:\/\/wittingsbrok.de\/#organization\"},\"potentialAction\":[{\"@type\":\"SearchAction\",\"target\":{\"@type\":\"EntryPoint\",\"urlTemplate\":\"http:\/\/wittingsbrok.de\/?s={search_term_string}\"},\"query-input\":\"required name=search_term_string\"}],\"inLanguage\":\"de-DE\"},{\"@type\":\"Organization\",\"@id\":\"http:\/\/wittingsbrok.de\/#organization\",\"name\":\"100 Jahre Siedlungsgeschichte\",\"url\":\"http:\/\/wittingsbrok.de\/\",\"logo\":{\"@type\":\"ImageObject\",\"inLanguage\":\"de-DE\",\"@id\":\"http:\/\/wittingsbrok.de\/#\/schema\/logo\/image\/\",\"url\":\"http:\/\/wittingsbrok.de\/wp-a6f61-content\/uploads\/2019\/07\/Logo-4-1-e1562934907339.jpg\",\"contentUrl\":\"http:\/\/wittingsbrok.de\/wp-a6f61-content\/uploads\/2019\/07\/Logo-4-1-e1562934907339.jpg\",\"width\":100,\"height\":100,\"caption\":\"100 Jahre Siedlungsgeschichte\"},\"image\":{\"@id\":\"http:\/\/wittingsbrok.de\/#\/schema\/logo\/image\/\"}}]}<\/script>\n<!-- \/ Yoast SEO plugin. -->","yoast_head_json":{"title":"Die H\u00e4user - 100 Jahre Siedlungsgeschichte","robots":{"index":"index","follow":"follow","max-snippet":"max-snippet:-1","max-image-preview":"max-image-preview:large","max-video-preview":"max-video-preview:-1"},"canonical":"http:\/\/wittingsbrok.de\/?page_id=396","og_locale":"de_DE","og_type":"article","og_title":"Die H\u00e4user - 100 Jahre Siedlungsgeschichte","og_description":"In der Stra\u00dfe Wittingsbrok stehen noch 18 teilweise erhaltene Einzelh\u00e4user und 6 Doppelh\u00e4user. Ein Haus wurde komplett umgebaut und ein Haus wurde erst vor einigen Jahren total abgerissen f\u00fcr einen Neubau mit anderen Ma\u00dfen. Urspr\u00fcnglich waren alle H\u00e4user wei\u00df verputzt und ziegelrot eingedeckt. Sprossenfenster, Fensterl\u00e4den und ein halbrundes Fenster \u00fcber der Haust\u00fcr waren Gestaltungselemente. Alle [&hellip;]","og_url":"http:\/\/wittingsbrok.de\/?page_id=396","og_site_name":"100 Jahre Siedlungsgeschichte","twitter_card":"summary_large_image","twitter_misc":{"Gesch\u00e4tzte Lesezeit":"1 Minute"},"schema":{"@context":"https:\/\/schema.org","@graph":[{"@type":"WebPage","@id":"http:\/\/wittingsbrok.de\/?page_id=396","url":"http:\/\/wittingsbrok.de\/?page_id=396","name":"Die H\u00e4user - 100 Jahre Siedlungsgeschichte","isPartOf":{"@id":"http:\/\/wittingsbrok.de\/#website"},"datePublished":"2019-08-22T12:37:15+00:00","dateModified":"2019-08-22T12:37:15+00:00","breadcrumb":{"@id":"http:\/\/wittingsbrok.de\/?page_id=396#breadcrumb"},"inLanguage":"de-DE","potentialAction":[{"@type":"ReadAction","target":["http:\/\/wittingsbrok.de\/?page_id=396"]}]},{"@type":"BreadcrumbList","@id":"http:\/\/wittingsbrok.de\/?page_id=396#breadcrumb","itemListElement":[{"@type":"ListItem","position":1,"name":"Startseite","item":"http:\/\/wittingsbrok.de\/"},{"@type":"ListItem","position":2,"name":"Die H\u00e4user"}]},{"@type":"WebSite","@id":"http:\/\/wittingsbrok.de\/#website","url":"http:\/\/wittingsbrok.de\/","name":"100 Jahre Siedlungsgeschichte","description":" im Wittingsbrok und im Brunsbrok in Oldenburg, Niedersachsen","publisher":{"@id":"http:\/\/wittingsbrok.de\/#organization"},"potentialAction":[{"@type":"SearchAction","target":{"@type":"EntryPoint","urlTemplate":"http:\/\/wittingsbrok.de\/?s={search_term_string}"},"query-input":"required name=search_term_string"}],"inLanguage":"de-DE"},{"@type":"Organization","@id":"http:\/\/wittingsbrok.de\/#organization","name":"100 Jahre Siedlungsgeschichte","url":"http:\/\/wittingsbrok.de\/","logo":{"@type":"ImageObject","inLanguage":"de-DE","@id":"http:\/\/wittingsbrok.de\/#\/schema\/logo\/image\/","url":"http:\/\/wittingsbrok.de\/wp-a6f61-content\/uploads\/2019\/07\/Logo-4-1-e1562934907339.jpg","contentUrl":"http:\/\/wittingsbrok.de\/wp-a6f61-content\/uploads\/2019\/07\/Logo-4-1-e1562934907339.jpg","width":100,"height":100,"caption":"100 Jahre Siedlungsgeschichte"},"image":{"@id":"http:\/\/wittingsbrok.de\/#\/schema\/logo\/image\/"}}]}},"_links":{"self":[{"href":"http:\/\/wittingsbrok.de\/index.php?rest_route=\/wp\/v2\/pages\/396"}],"collection":[{"href":"http:\/\/wittingsbrok.de\/index.php?rest_route=\/wp\/v2\/pages"}],"about":[{"href":"http:\/\/wittingsbrok.de\/index.php?rest_route=\/wp\/v2\/types\/page"}],"author":[{"embeddable":true,"href":"http:\/\/wittingsbrok.de\/index.php?rest_route=\/wp\/v2\/users\/1"}],"replies":[{"embeddable":true,"href":"http:\/\/wittingsbrok.de\/index.php?rest_route=%2Fwp%2Fv2%2Fcomments&post=396"}],"version-history":[{"count":1,"href":"http:\/\/wittingsbrok.de\/index.php?rest_route=\/wp\/v2\/pages\/396\/revisions"}],"predecessor-version":[{"id":397,"href":"http:\/\/wittingsbrok.de\/index.php?rest_route=\/wp\/v2\/pages\/396\/revisions\/397"}],"wp:attachment":[{"href":"http:\/\/wittingsbrok.de\/index.php?rest_route=%2Fwp%2Fv2%2Fmedia&parent=396"}],"curies":[{"name":"wp","href":"https:\/\/api.w.org\/{rel}","templated":true}]}}