{"id":281,"date":"2019-08-11T23:16:05","date_gmt":"2019-08-11T21:16:05","guid":{"rendered":"http:\/\/wittingsbrok.de\/?page_id=281"},"modified":"2019-08-28T15:32:40","modified_gmt":"2019-08-28T13:32:40","slug":"nr-2","status":"publish","type":"page","link":"http:\/\/wittingsbrok.de\/?page_id=281","title":{"rendered":"Nr. 2 Gesch\u00e4fte"},"content":{"rendered":"\n<figure class=\"wp-block-image size-large\"><img decoding=\"async\" loading=\"lazy\" width=\"1024\" height=\"603\" src=\"http:\/\/wittingsbrok.de\/wp-a6f61-content\/uploads\/2019\/08\/Schwarzwei\u00dffoto-Jahr-unbekannt-3-1024x603.jpg\" alt=\"\" class=\"wp-image-276\" srcset=\"http:\/\/wittingsbrok.de\/wp-a6f61-content\/uploads\/2019\/08\/Schwarzwei\u00dffoto-Jahr-unbekannt-3-1024x603.jpg 1024w, http:\/\/wittingsbrok.de\/wp-a6f61-content\/uploads\/2019\/08\/Schwarzwei\u00dffoto-Jahr-unbekannt-3-300x177.jpg 300w, http:\/\/wittingsbrok.de\/wp-a6f61-content\/uploads\/2019\/08\/Schwarzwei\u00dffoto-Jahr-unbekannt-3-768x452.jpg 768w, http:\/\/wittingsbrok.de\/wp-a6f61-content\/uploads\/2019\/08\/Schwarzwei\u00dffoto-Jahr-unbekannt-3.jpg 1449w\" sizes=\"(max-width: 1024px) 100vw, 1024px\" \/><figcaption>ca. 1930<\/figcaption><\/figure>\n\n\n\n<figure class=\"wp-block-image size-large\"><img decoding=\"async\" loading=\"lazy\" width=\"1024\" height=\"626\" src=\"http:\/\/wittingsbrok.de\/wp-a6f61-content\/uploads\/2019\/08\/Nr.2-Eckhaus-4-1024x626.jpg\" alt=\"\" class=\"wp-image-277\" srcset=\"http:\/\/wittingsbrok.de\/wp-a6f61-content\/uploads\/2019\/08\/Nr.2-Eckhaus-4-1024x626.jpg 1024w, http:\/\/wittingsbrok.de\/wp-a6f61-content\/uploads\/2019\/08\/Nr.2-Eckhaus-4-300x183.jpg 300w, http:\/\/wittingsbrok.de\/wp-a6f61-content\/uploads\/2019\/08\/Nr.2-Eckhaus-4-768x469.jpg 768w, http:\/\/wittingsbrok.de\/wp-a6f61-content\/uploads\/2019\/08\/Nr.2-Eckhaus-4.jpg 1667w\" sizes=\"(max-width: 1024px) 100vw, 1024px\" \/><\/figure>\n\n\n\n<p>Das Haus Wittingsbrok Nr. 2 (jetzt Vahlenhorst Nr. 28) hat Karl Neuhaus 1919 gekauft.  1923 er\u00f6ffneten er und seine Frau die  Gesch\u00e4fte Radio und N\u00e4hmaschinen\u201c sowie \u201eManufaktur Woll- u. Kurzwaren\u201c und f\u00fchrten sie bis 1966.<br>Ihr Sohn Walter, von Beruf Dekorateur, und seine Frau Ursula , gelernte Bekleidungsfachverk\u00e4uferin, \u00fcbernahmen die Gesch\u00e4fte 1966 und f\u00fchrten sie bis 1992.  Neben Radios wurden dann auch Rasierapparate und Fernseher verkauft. Zudem reparierte Walter Neuhaus Elektroger\u00e4te. <\/p>\n\n\n\n<div class=\"wp-block-columns is-layout-flex wp-container-3\">\n<div class=\"wp-block-column is-layout-flow\">\n<figure class=\"wp-block-image size-large\"><img decoding=\"async\" loading=\"lazy\" width=\"773\" height=\"1024\" src=\"http:\/\/wittingsbrok.de\/wp-a6f61-content\/uploads\/2019\/08\/IMG_20190508_111159-2-773x1024.jpg\" alt=\"\" class=\"wp-image-492\" srcset=\"http:\/\/wittingsbrok.de\/wp-a6f61-content\/uploads\/2019\/08\/IMG_20190508_111159-2-773x1024.jpg 773w, http:\/\/wittingsbrok.de\/wp-a6f61-content\/uploads\/2019\/08\/IMG_20190508_111159-2-227x300.jpg 227w, http:\/\/wittingsbrok.de\/wp-a6f61-content\/uploads\/2019\/08\/IMG_20190508_111159-2-768x1017.jpg 768w\" sizes=\"(max-width: 773px) 100vw, 773px\" \/><\/figure>\n<\/div>\n\n\n\n<div class=\"wp-block-column is-layout-flow\">\n<figure class=\"wp-block-image size-large\"><img decoding=\"async\" loading=\"lazy\" width=\"752\" height=\"1024\" src=\"http:\/\/wittingsbrok.de\/wp-a6f61-content\/uploads\/2019\/08\/IMG_20190508_110402-2-752x1024.jpg\" alt=\"\" class=\"wp-image-494\" srcset=\"http:\/\/wittingsbrok.de\/wp-a6f61-content\/uploads\/2019\/08\/IMG_20190508_110402-2-752x1024.jpg 752w, http:\/\/wittingsbrok.de\/wp-a6f61-content\/uploads\/2019\/08\/IMG_20190508_110402-2-220x300.jpg 220w, http:\/\/wittingsbrok.de\/wp-a6f61-content\/uploads\/2019\/08\/IMG_20190508_110402-2-768x1046.jpg 768w\" sizes=\"(max-width: 752px) 100vw, 752px\" \/><\/figure>\n<\/div>\n<\/div>\n\n\n\n<p>In den 60iger und 70iger Jahren waren sogar zwei Gardinenschneiderinnen besch\u00e4ftigt. Viele Anwohner der Umgebung haben immer noch Gardinen aus diesem Gesch\u00e4ft! Da das Gesch\u00e4ft und Lager nicht so gro\u00df waren, um alles vorr\u00e4tig zu haben, fuhr Walter Neuhaus oft mit ganzen Familien in seinem Auto zum Gro\u00dfh\u00e4ndler in die Kaiserstra\u00dfe, um gemeinsam Gardinensstoffe und Kleidung auszuw\u00e4hlen.  <br> Es gab elegante und gut gearbeitete Mode,  Schie\u00dfer Unterw\u00e4sche f\u00fcr Damen und Herren, Bettw\u00e4sche, Handt\u00fccher und Babyartikel, sowie Garne jeder Art, Kn\u00f6pfe, Rei\u00dfverschl\u00fcsse, damals wurden Kleidungsst\u00fccke so lange wie m\u00f6glich repariert.<br>Praktischerweise lagen das Gesch\u00e4ft und die Werkstatt direkt neben der K\u00fcche. So konnte die Zeit ohne Kunden f\u00fcr die Kinderbetreuung, die Werkstatt- und die Hausarbeit genutzt werden.  <\/p>\n\n\n\n<p>Helmut Bruns erinnert sich noch gerne an Besuche mit seinem Opa in der Werkstatt! <\/p>\n\n\n\n<figure class=\"wp-block-image size-large\"><img decoding=\"async\" loading=\"lazy\" width=\"1024\" height=\"735\" src=\"http:\/\/wittingsbrok.de\/wp-a6f61-content\/uploads\/2019\/08\/Biebel-2-1986-3-1024x735.jpg\" alt=\"\" class=\"wp-image-509\" srcset=\"http:\/\/wittingsbrok.de\/wp-a6f61-content\/uploads\/2019\/08\/Biebel-2-1986-3-1024x735.jpg 1024w, http:\/\/wittingsbrok.de\/wp-a6f61-content\/uploads\/2019\/08\/Biebel-2-1986-3-300x215.jpg 300w, http:\/\/wittingsbrok.de\/wp-a6f61-content\/uploads\/2019\/08\/Biebel-2-1986-3-768x551.jpg 768w, http:\/\/wittingsbrok.de\/wp-a6f61-content\/uploads\/2019\/08\/Biebel-2-1986-3.jpg 1134w\" sizes=\"(max-width: 1024px) 100vw, 1024px\" \/><figcaption>ca. 1985<\/figcaption><\/figure>\n\n\n\n<div class=\"wp-block-columns is-layout-flex wp-container-4\"><\/div>\n","protected":false},"excerpt":{"rendered":"<p>Das Haus Wittingsbrok Nr. 2 (jetzt Vahlenhorst Nr. 28) hat Karl Neuhaus 1919 gekauft. 1923 er\u00f6ffneten er und seine Frau die Gesch\u00e4fte Radio und N\u00e4hmaschinen\u201c sowie \u201eManufaktur Woll- u. Kurzwaren\u201c und f\u00fchrten sie bis 1966.Ihr Sohn Walter, von Beruf Dekorateur, und seine Frau Ursula , gelernte Bekleidungsfachverk\u00e4uferin, \u00fcbernahmen die Gesch\u00e4fte 1966 und f\u00fchrten sie bis [&hellip;]<\/p>\n","protected":false},"author":1,"featured_media":0,"parent":0,"menu_order":0,"comment_status":"closed","ping_status":"closed","template":"","meta":[],"yoast_head":"<!-- This site is optimized with the Yoast SEO plugin v19.11 - https:\/\/yoast.com\/wordpress\/plugins\/seo\/ -->\n<title>Nr. 2 Gesch\u00e4fte - 100 Jahre Siedlungsgeschichte<\/title>\n<meta name=\"robots\" content=\"index, follow, max-snippet:-1, max-image-preview:large, max-video-preview:-1\" \/>\n<link rel=\"canonical\" href=\"http:\/\/wittingsbrok.de\/?page_id=281\" \/>\n<meta property=\"og:locale\" content=\"de_DE\" \/>\n<meta property=\"og:type\" content=\"article\" \/>\n<meta property=\"og:title\" content=\"Nr. 2 Gesch\u00e4fte - 100 Jahre Siedlungsgeschichte\" \/>\n<meta property=\"og:description\" content=\"Das Haus Wittingsbrok Nr. 2 (jetzt Vahlenhorst Nr. 28) hat Karl Neuhaus 1919 gekauft. 1923 er\u00f6ffneten er und seine Frau die Gesch\u00e4fte Radio und N\u00e4hmaschinen\u201c sowie \u201eManufaktur Woll- u. Kurzwaren\u201c und f\u00fchrten sie bis 1966.Ihr Sohn Walter, von Beruf Dekorateur, und seine Frau Ursula , gelernte Bekleidungsfachverk\u00e4uferin, \u00fcbernahmen die Gesch\u00e4fte 1966 und f\u00fchrten sie bis [&hellip;]\" \/>\n<meta property=\"og:url\" content=\"http:\/\/wittingsbrok.de\/?page_id=281\" \/>\n<meta property=\"og:site_name\" content=\"100 Jahre Siedlungsgeschichte\" \/>\n<meta property=\"article:modified_time\" content=\"2019-08-28T13:32:40+00:00\" \/>\n<meta property=\"og:image\" content=\"http:\/\/wittingsbrok.de\/wp-a6f61-content\/uploads\/2019\/08\/Nr.2-Eckhaus-4-1024x626.jpg\" \/>\n<meta name=\"twitter:card\" content=\"summary_large_image\" \/>\n<meta name=\"twitter:label1\" content=\"Gesch\u00e4tzte Lesezeit\" \/>\n\t<meta name=\"twitter:data1\" content=\"1 Minute\" \/>\n<script type=\"application\/ld+json\" class=\"yoast-schema-graph\">{\"@context\":\"https:\/\/schema.org\",\"@graph\":[{\"@type\":\"WebPage\",\"@id\":\"http:\/\/wittingsbrok.de\/?page_id=281\",\"url\":\"http:\/\/wittingsbrok.de\/?page_id=281\",\"name\":\"Nr. 2 Gesch\u00e4fte - 100 Jahre Siedlungsgeschichte\",\"isPartOf\":{\"@id\":\"http:\/\/wittingsbrok.de\/#website\"},\"datePublished\":\"2019-08-11T21:16:05+00:00\",\"dateModified\":\"2019-08-28T13:32:40+00:00\",\"breadcrumb\":{\"@id\":\"http:\/\/wittingsbrok.de\/?page_id=281#breadcrumb\"},\"inLanguage\":\"de-DE\",\"potentialAction\":[{\"@type\":\"ReadAction\",\"target\":[\"http:\/\/wittingsbrok.de\/?page_id=281\"]}]},{\"@type\":\"BreadcrumbList\",\"@id\":\"http:\/\/wittingsbrok.de\/?page_id=281#breadcrumb\",\"itemListElement\":[{\"@type\":\"ListItem\",\"position\":1,\"name\":\"Startseite\",\"item\":\"http:\/\/wittingsbrok.de\/\"},{\"@type\":\"ListItem\",\"position\":2,\"name\":\"Nr. 2 Gesch\u00e4fte\"}]},{\"@type\":\"WebSite\",\"@id\":\"http:\/\/wittingsbrok.de\/#website\",\"url\":\"http:\/\/wittingsbrok.de\/\",\"name\":\"100 Jahre Siedlungsgeschichte\",\"description\":\" im Wittingsbrok und im Brunsbrok in Oldenburg, Niedersachsen\",\"publisher\":{\"@id\":\"http:\/\/wittingsbrok.de\/#organization\"},\"potentialAction\":[{\"@type\":\"SearchAction\",\"target\":{\"@type\":\"EntryPoint\",\"urlTemplate\":\"http:\/\/wittingsbrok.de\/?s={search_term_string}\"},\"query-input\":\"required name=search_term_string\"}],\"inLanguage\":\"de-DE\"},{\"@type\":\"Organization\",\"@id\":\"http:\/\/wittingsbrok.de\/#organization\",\"name\":\"100 Jahre Siedlungsgeschichte\",\"url\":\"http:\/\/wittingsbrok.de\/\",\"logo\":{\"@type\":\"ImageObject\",\"inLanguage\":\"de-DE\",\"@id\":\"http:\/\/wittingsbrok.de\/#\/schema\/logo\/image\/\",\"url\":\"http:\/\/wittingsbrok.de\/wp-a6f61-content\/uploads\/2019\/07\/Logo-4-1-e1562934907339.jpg\",\"contentUrl\":\"http:\/\/wittingsbrok.de\/wp-a6f61-content\/uploads\/2019\/07\/Logo-4-1-e1562934907339.jpg\",\"width\":100,\"height\":100,\"caption\":\"100 Jahre Siedlungsgeschichte\"},\"image\":{\"@id\":\"http:\/\/wittingsbrok.de\/#\/schema\/logo\/image\/\"}}]}<\/script>\n<!-- \/ Yoast SEO plugin. -->","yoast_head_json":{"title":"Nr. 2 Gesch\u00e4fte - 100 Jahre Siedlungsgeschichte","robots":{"index":"index","follow":"follow","max-snippet":"max-snippet:-1","max-image-preview":"max-image-preview:large","max-video-preview":"max-video-preview:-1"},"canonical":"http:\/\/wittingsbrok.de\/?page_id=281","og_locale":"de_DE","og_type":"article","og_title":"Nr. 2 Gesch\u00e4fte - 100 Jahre Siedlungsgeschichte","og_description":"Das Haus Wittingsbrok Nr. 2 (jetzt Vahlenhorst Nr. 28) hat Karl Neuhaus 1919 gekauft. 1923 er\u00f6ffneten er und seine Frau die Gesch\u00e4fte Radio und N\u00e4hmaschinen\u201c sowie \u201eManufaktur Woll- u. Kurzwaren\u201c und f\u00fchrten sie bis 1966.Ihr Sohn Walter, von Beruf Dekorateur, und seine Frau Ursula , gelernte Bekleidungsfachverk\u00e4uferin, \u00fcbernahmen die Gesch\u00e4fte 1966 und f\u00fchrten sie bis [&hellip;]","og_url":"http:\/\/wittingsbrok.de\/?page_id=281","og_site_name":"100 Jahre Siedlungsgeschichte","article_modified_time":"2019-08-28T13:32:40+00:00","og_image":[{"url":"http:\/\/wittingsbrok.de\/wp-a6f61-content\/uploads\/2019\/08\/Nr.2-Eckhaus-4-1024x626.jpg"}],"twitter_card":"summary_large_image","twitter_misc":{"Gesch\u00e4tzte Lesezeit":"1 Minute"},"schema":{"@context":"https:\/\/schema.org","@graph":[{"@type":"WebPage","@id":"http:\/\/wittingsbrok.de\/?page_id=281","url":"http:\/\/wittingsbrok.de\/?page_id=281","name":"Nr. 2 Gesch\u00e4fte - 100 Jahre Siedlungsgeschichte","isPartOf":{"@id":"http:\/\/wittingsbrok.de\/#website"},"datePublished":"2019-08-11T21:16:05+00:00","dateModified":"2019-08-28T13:32:40+00:00","breadcrumb":{"@id":"http:\/\/wittingsbrok.de\/?page_id=281#breadcrumb"},"inLanguage":"de-DE","potentialAction":[{"@type":"ReadAction","target":["http:\/\/wittingsbrok.de\/?page_id=281"]}]},{"@type":"BreadcrumbList","@id":"http:\/\/wittingsbrok.de\/?page_id=281#breadcrumb","itemListElement":[{"@type":"ListItem","position":1,"name":"Startseite","item":"http:\/\/wittingsbrok.de\/"},{"@type":"ListItem","position":2,"name":"Nr. 2 Gesch\u00e4fte"}]},{"@type":"WebSite","@id":"http:\/\/wittingsbrok.de\/#website","url":"http:\/\/wittingsbrok.de\/","name":"100 Jahre Siedlungsgeschichte","description":" im Wittingsbrok und im Brunsbrok in Oldenburg, Niedersachsen","publisher":{"@id":"http:\/\/wittingsbrok.de\/#organization"},"potentialAction":[{"@type":"SearchAction","target":{"@type":"EntryPoint","urlTemplate":"http:\/\/wittingsbrok.de\/?s={search_term_string}"},"query-input":"required name=search_term_string"}],"inLanguage":"de-DE"},{"@type":"Organization","@id":"http:\/\/wittingsbrok.de\/#organization","name":"100 Jahre Siedlungsgeschichte","url":"http:\/\/wittingsbrok.de\/","logo":{"@type":"ImageObject","inLanguage":"de-DE","@id":"http:\/\/wittingsbrok.de\/#\/schema\/logo\/image\/","url":"http:\/\/wittingsbrok.de\/wp-a6f61-content\/uploads\/2019\/07\/Logo-4-1-e1562934907339.jpg","contentUrl":"http:\/\/wittingsbrok.de\/wp-a6f61-content\/uploads\/2019\/07\/Logo-4-1-e1562934907339.jpg","width":100,"height":100,"caption":"100 Jahre Siedlungsgeschichte"},"image":{"@id":"http:\/\/wittingsbrok.de\/#\/schema\/logo\/image\/"}}]}},"_links":{"self":[{"href":"http:\/\/wittingsbrok.de\/index.php?rest_route=\/wp\/v2\/pages\/281"}],"collection":[{"href":"http:\/\/wittingsbrok.de\/index.php?rest_route=\/wp\/v2\/pages"}],"about":[{"href":"http:\/\/wittingsbrok.de\/index.php?rest_route=\/wp\/v2\/types\/page"}],"author":[{"embeddable":true,"href":"http:\/\/wittingsbrok.de\/index.php?rest_route=\/wp\/v2\/users\/1"}],"replies":[{"embeddable":true,"href":"http:\/\/wittingsbrok.de\/index.php?rest_route=%2Fwp%2Fv2%2Fcomments&post=281"}],"version-history":[{"count":6,"href":"http:\/\/wittingsbrok.de\/index.php?rest_route=\/wp\/v2\/pages\/281\/revisions"}],"predecessor-version":[{"id":538,"href":"http:\/\/wittingsbrok.de\/index.php?rest_route=\/wp\/v2\/pages\/281\/revisions\/538"}],"wp:attachment":[{"href":"http:\/\/wittingsbrok.de\/index.php?rest_route=%2Fwp%2Fv2%2Fmedia&parent=281"}],"curies":[{"name":"wp","href":"https:\/\/api.w.org\/{rel}","templated":true}]}}