{"id":154,"date":"2019-07-12T22:17:41","date_gmt":"2019-07-12T20:17:41","guid":{"rendered":"http:\/\/wp13386985.server-he.de\/?page_id=154"},"modified":"2025-04-11T11:42:34","modified_gmt":"2025-04-11T09:42:34","slug":"haus-nr-19","status":"publish","type":"page","link":"http:\/\/wittingsbrok.de\/?page_id=154","title":{"rendered":"Nr. 19 &#8211; Eine Frau mit sechs Kindern"},"content":{"rendered":"\n<div class=\"wp-block-columns is-layout-flex wp-container-3\">\n<div class=\"wp-block-column is-layout-flow\">\n<figure class=\"wp-block-image size-medium is-resized\"><img decoding=\"async\" src=\"http:\/\/wittingsbrok.de\/wp-a6f61-content\/uploads\/2019\/07\/Karl-Acquistapace-225x300.jpg\" alt=\"\" class=\"wp-image-156\" width=\"300\" srcset=\"http:\/\/wittingsbrok.de\/wp-a6f61-content\/uploads\/2019\/07\/Karl-Acquistapace-225x300.jpg 225w, http:\/\/wittingsbrok.de\/wp-a6f61-content\/uploads\/2019\/07\/Karl-Acquistapace-768x1024.jpg 768w\" sizes=\"(max-width: 225px) 100vw, 225px\" \/><figcaption class=\"wp-element-caption\">Carl  Acquistapace <\/figcaption><\/figure>\n<\/div>\n\n\n\n<div class=\"wp-block-column is-layout-flow\">\n<figure class=\"wp-block-image size-large is-resized\"><img decoding=\"async\" src=\"http:\/\/wittingsbrok.de\/wp-a6f61-content\/uploads\/2019\/07\/Frieda-Acquistapace-e1562960676664-768x1024.jpg\" alt=\"\" class=\"wp-image-157\" width=\"300\" srcset=\"http:\/\/wittingsbrok.de\/wp-a6f61-content\/uploads\/2019\/07\/Frieda-Acquistapace-e1562960676664-768x1024.jpg 768w, http:\/\/wittingsbrok.de\/wp-a6f61-content\/uploads\/2019\/07\/Frieda-Acquistapace-e1562960676664-225x300.jpg 225w\" sizes=\"(max-width: 768px) 100vw, 768px\" \/><figcaption class=\"wp-element-caption\">Frieda  Acquistapace <\/figcaption><\/figure>\n<\/div>\n<\/div>\n\n\n\n<p>Friedrich Carl Acquistapace (geb. am 11.6.1879) heiratete am 17.9.1909 im Standesamt Eversten Amalie Dorothea Frieda Matthias (geb. am 11.11.1886). Carl starb schon am 26.5.1924, Frieda am 7.12.1977. Aus dieser Ehe sind sechs Kinder hervorgegangen:<br>1. Wilhelm Acquistapace, geb. 19.10.1909, gest. 1990<br>2. Karl Acquistapace, geb. 3.10.1910, gest. ?<br>3. Hertha Acquistapace, geb. 7.3.1912, gest. 8.11.2006<br>4. Olga Acquistapace, geb. \u00a027.04.1913, gest. 24.1.2003 (verheiratete Hodes) <br>5. Adolf Acquistapace, geb. 8.6.1915, gest. Januar 1938 durch Erh\u00e4ngen auf einem Dachboden im Wittsfeld (Quelle: Archiv Gedenkst\u00e4tte Wehnen private Akte der damaligen Bewohnerin des Hauses im Wittsfeld), weil er nach Zeugenaussagen beim Milit\u00e4r drangsaliert wurde \/ die Familie aufgrund ihres dunkleren Aussehens als Juden oder Zigeuner bezeichnet und mit dem ungew\u00f6hnlichen Nachnamen geh\u00e4nselt wurde.<br>6. K\u00e4the Acquistapace, geb. 10.3.1923, gest. 14.8.1983<\/p>\n\n\n\n<p>Die Familie lebte seit 1920 im neu gebauten Haus. Seit 1924 verwitwet, zog Frieda die sechs Kinder alleine auf, was w\u00e4hrend der Weltwirtschaftskrise und des zweiten Welkrieges alles andere als leicht gewesen sein d\u00fcrfte. Sie lebte bis zu ihrem Tod 1977 im Haus.&nbsp; Die Zeitzeugin Gisela Schomaker, die Enkelin von Frieda Acquistapace, wurde 1934 in der K\u00fcche des Hauses geboren. Sie war als Kind sehr gerne bei ihrer Oma, es waren immer Kinder da zum Spielen und es gab viele Tiere: eine Schildkr\u00f6te, Kaninchen und eine Ziege.<br><\/p>\n\n\n\n<div class=\"wp-block-columns is-layout-flex wp-container-6\">\n<div class=\"wp-block-column is-layout-flow\">\n<figure class=\"wp-block-image size-large\"><img decoding=\"async\" loading=\"lazy\" width=\"1024\" height=\"741\" src=\"http:\/\/wittingsbrok.de\/wp-a6f61-content\/uploads\/2019\/07\/Blick-vom-Dachfenster-in-den-Hof-1024x741.jpg\" alt=\"\" class=\"wp-image-159\" srcset=\"http:\/\/wittingsbrok.de\/wp-a6f61-content\/uploads\/2019\/07\/Blick-vom-Dachfenster-in-den-Hof-1024x741.jpg 1024w, http:\/\/wittingsbrok.de\/wp-a6f61-content\/uploads\/2019\/07\/Blick-vom-Dachfenster-in-den-Hof-300x217.jpg 300w, http:\/\/wittingsbrok.de\/wp-a6f61-content\/uploads\/2019\/07\/Blick-vom-Dachfenster-in-den-Hof-768x556.jpg 768w\" sizes=\"(max-width: 1024px) 100vw, 1024px\" \/><figcaption class=\"wp-element-caption\"> Blick vom Dachfenster der Nr. 19 in den Garten, rechts der zwischenzeitlich abgerissene Anbau. <\/figcaption><\/figure>\n<\/div>\n\n\n\n<div class=\"wp-block-column is-layout-flow\">\n<figure class=\"wp-block-image size-large is-resized\"><img decoding=\"async\" src=\"http:\/\/wittingsbrok.de\/wp-a6f61-content\/uploads\/2019\/07\/Nr.-19-vor-1937-2-631x1024.jpg\" alt=\"\" class=\"wp-image-160\" width=\"300\" srcset=\"http:\/\/wittingsbrok.de\/wp-a6f61-content\/uploads\/2019\/07\/Nr.-19-vor-1937-2-631x1024.jpg 631w, http:\/\/wittingsbrok.de\/wp-a6f61-content\/uploads\/2019\/07\/Nr.-19-vor-1937-2-185x300.jpg 185w, http:\/\/wittingsbrok.de\/wp-a6f61-content\/uploads\/2019\/07\/Nr.-19-vor-1937-2-768x1247.jpg 768w\" sizes=\"(max-width: 631px) 100vw, 631px\" \/><figcaption class=\"wp-element-caption\"> Der Originalzustand des Hauses <\/figcaption><\/figure>\n<\/div>\n<\/div>\n\n\n\n<figure class=\"wp-block-image size-large is-resized\"><img decoding=\"async\" src=\"http:\/\/wittingsbrok.de\/wp-a6f61-content\/uploads\/2019\/07\/Ansicht-von-der-Stra\u00dfe-nach-ca.-1937-1024x699.jpg\" alt=\"\" class=\"wp-image-158\" width=\"500\" srcset=\"http:\/\/wittingsbrok.de\/wp-a6f61-content\/uploads\/2019\/07\/Ansicht-von-der-Stra\u00dfe-nach-ca.-1937-1024x699.jpg 1024w, http:\/\/wittingsbrok.de\/wp-a6f61-content\/uploads\/2019\/07\/Ansicht-von-der-Stra\u00dfe-nach-ca.-1937-300x205.jpg 300w, http:\/\/wittingsbrok.de\/wp-a6f61-content\/uploads\/2019\/07\/Ansicht-von-der-Stra\u00dfe-nach-ca.-1937-768x525.jpg 768w\" sizes=\"(max-width: 1024px) 100vw, 1024px\" \/><figcaption class=\"wp-element-caption\"> Ansicht des Doppelhauses Nr. 17 und 19, die urspr\u00fcnglichen Sprossenfenster sind schon ausgetauscht worden. <\/figcaption><\/figure>\n\n\n\n<p>Karl Acquistapace hat mit seiner Frau im Dachgeschoss des Hauses gewohnt. Er war handwerklich sehr geschickt. Zum Beispiel baute er Modellschiffe aus Holz selber. <br>K\u00e4the Acquistapace, verwitwete Goronzy (der Mann ist im Krieg gefallen), verheiratete Wiesner, lebte auch im Haus und musste dieses nach dem Verkauf durch die Erbengemeinschaft 1978 gegen ihren Willen verlassen.<br>Das Haus war also von 1919 bis 1978 im Familienbesitz. <\/p>\n\n\n\n<p>Der ungew\u00f6hnliche Name Acquistapace stammt aus Italien. Ca. 1810 kam ein Sebastiano Acquistapace (geb. 13.10.1787) als Galanteriewarenh\u00e4ndler aus Maisano\/Valbrona, Lombardei nach Varel und heiratete dort am 25.7.1811. Sp\u00e4ter war er als Gastwirt in Varel. Nachkommen waren Johann Batista  Acquistapace (geb. 18.7.1817, Varel) und Johann Carl Ambrosius Sebastiano  Acquistapace (geb. 27.5.1841, Varel), dessen Sohn Friedrich Carl war.<br>Weitere Informationen zum Stammbaum: https:\/\/bourdeaux.de\/getperson.php?personID=I3467&amp;tree=bx01<\/p>\n\n\n\n<p> &nbsp;Autor*innen: Sabine Nier, Ulrich und Gisela Schomaker <\/p>\n\n\n\n<figure class=\"wp-block-image size-large\"><img decoding=\"async\" loading=\"lazy\" width=\"1024\" height=\"1017\" src=\"http:\/\/wittingsbrok.de\/wp-a6f61-content\/uploads\/2019\/08\/Foto-1988-IMG-2-1024x1017.jpg\" alt=\"\" class=\"wp-image-486\" srcset=\"http:\/\/wittingsbrok.de\/wp-a6f61-content\/uploads\/2019\/08\/Foto-1988-IMG-2-1024x1017.jpg 1024w, http:\/\/wittingsbrok.de\/wp-a6f61-content\/uploads\/2019\/08\/Foto-1988-IMG-2-150x150.jpg 150w, http:\/\/wittingsbrok.de\/wp-a6f61-content\/uploads\/2019\/08\/Foto-1988-IMG-2-300x298.jpg 300w, http:\/\/wittingsbrok.de\/wp-a6f61-content\/uploads\/2019\/08\/Foto-1988-IMG-2-768x763.jpg 768w, http:\/\/wittingsbrok.de\/wp-a6f61-content\/uploads\/2019\/08\/Foto-1988-IMG-2.jpg 1825w\" sizes=\"(max-width: 1024px) 100vw, 1024px\" \/><figcaption class=\"wp-element-caption\">1988, der Rundbogen \u00fcber der Haust\u00fcr wurde 1978 bei der Sanierung zugemauert.<\/figcaption><\/figure>\n\n\n\n<figure class=\"wp-block-image size-large\"><img decoding=\"async\" loading=\"lazy\" width=\"651\" height=\"558\" src=\"http:\/\/wittingsbrok.de\/wp-a6f61-content\/uploads\/2019\/08\/Nr.-19-1994-2.jpg\" alt=\"\" class=\"wp-image-488\" srcset=\"http:\/\/wittingsbrok.de\/wp-a6f61-content\/uploads\/2019\/08\/Nr.-19-1994-2.jpg 651w, http:\/\/wittingsbrok.de\/wp-a6f61-content\/uploads\/2019\/08\/Nr.-19-1994-2-300x257.jpg 300w\" sizes=\"(max-width: 651px) 100vw, 651px\" \/><figcaption class=\"wp-element-caption\">1994, der Rundbogen \u00fcber der Haust\u00fcr wurde wieder ge\u00f6ffnet.<\/figcaption><\/figure>\n","protected":false},"excerpt":{"rendered":"<p>Friedrich Carl Acquistapace (geb. am 11.6.1879) heiratete am 17.9.1909 im Standesamt Eversten Amalie Dorothea Frieda Matthias (geb. am 11.11.1886). Carl starb schon am 26.5.1924, Frieda am 7.12.1977. Aus dieser Ehe sind sechs Kinder hervorgegangen:1. Wilhelm Acquistapace, geb. 19.10.1909, gest. 19902. Karl Acquistapace, geb. 3.10.1910, gest. ?3. Hertha Acquistapace, geb. 7.3.1912, gest. 8.11.20064. Olga Acquistapace, geb. [&hellip;]<\/p>\n","protected":false},"author":1,"featured_media":0,"parent":0,"menu_order":0,"comment_status":"closed","ping_status":"closed","template":"","meta":[],"yoast_head":"<!-- This site is optimized with the Yoast SEO plugin v19.11 - https:\/\/yoast.com\/wordpress\/plugins\/seo\/ -->\n<title>Nr. 19 - Eine Frau mit sechs Kindern - 100 Jahre Siedlungsgeschichte<\/title>\n<meta name=\"robots\" content=\"index, follow, max-snippet:-1, max-image-preview:large, max-video-preview:-1\" \/>\n<link rel=\"canonical\" href=\"http:\/\/wittingsbrok.de\/?page_id=154\" \/>\n<meta property=\"og:locale\" content=\"de_DE\" \/>\n<meta property=\"og:type\" content=\"article\" \/>\n<meta property=\"og:title\" content=\"Nr. 19 - Eine Frau mit sechs Kindern - 100 Jahre Siedlungsgeschichte\" \/>\n<meta property=\"og:description\" content=\"Friedrich Carl Acquistapace (geb. am 11.6.1879) heiratete am 17.9.1909 im Standesamt Eversten Amalie Dorothea Frieda Matthias (geb. am 11.11.1886). Carl starb schon am 26.5.1924, Frieda am 7.12.1977. Aus dieser Ehe sind sechs Kinder hervorgegangen:1. Wilhelm Acquistapace, geb. 19.10.1909, gest. 19902. Karl Acquistapace, geb. 3.10.1910, gest. ?3. Hertha Acquistapace, geb. 7.3.1912, gest. 8.11.20064. Olga Acquistapace, geb. [&hellip;]\" \/>\n<meta property=\"og:url\" content=\"http:\/\/wittingsbrok.de\/?page_id=154\" \/>\n<meta property=\"og:site_name\" content=\"100 Jahre Siedlungsgeschichte\" \/>\n<meta property=\"article:modified_time\" content=\"2025-04-11T09:42:34+00:00\" \/>\n<meta property=\"og:image\" content=\"http:\/\/wittingsbrok.de\/wp-a6f61-content\/uploads\/2019\/07\/Karl-Acquistapace-225x300.jpg\" \/>\n<meta name=\"twitter:card\" content=\"summary_large_image\" \/>\n<meta name=\"twitter:label1\" content=\"Gesch\u00e4tzte Lesezeit\" \/>\n\t<meta name=\"twitter:data1\" content=\"4 Minuten\" \/>\n<script type=\"application\/ld+json\" class=\"yoast-schema-graph\">{\"@context\":\"https:\/\/schema.org\",\"@graph\":[{\"@type\":\"WebPage\",\"@id\":\"http:\/\/wittingsbrok.de\/?page_id=154\",\"url\":\"http:\/\/wittingsbrok.de\/?page_id=154\",\"name\":\"Nr. 19 - Eine Frau mit sechs Kindern - 100 Jahre Siedlungsgeschichte\",\"isPartOf\":{\"@id\":\"http:\/\/wittingsbrok.de\/#website\"},\"datePublished\":\"2019-07-12T20:17:41+00:00\",\"dateModified\":\"2025-04-11T09:42:34+00:00\",\"breadcrumb\":{\"@id\":\"http:\/\/wittingsbrok.de\/?page_id=154#breadcrumb\"},\"inLanguage\":\"de-DE\",\"potentialAction\":[{\"@type\":\"ReadAction\",\"target\":[\"http:\/\/wittingsbrok.de\/?page_id=154\"]}]},{\"@type\":\"BreadcrumbList\",\"@id\":\"http:\/\/wittingsbrok.de\/?page_id=154#breadcrumb\",\"itemListElement\":[{\"@type\":\"ListItem\",\"position\":1,\"name\":\"Startseite\",\"item\":\"http:\/\/wittingsbrok.de\/\"},{\"@type\":\"ListItem\",\"position\":2,\"name\":\"Nr. 19 &#8211; Eine Frau mit sechs Kindern\"}]},{\"@type\":\"WebSite\",\"@id\":\"http:\/\/wittingsbrok.de\/#website\",\"url\":\"http:\/\/wittingsbrok.de\/\",\"name\":\"100 Jahre Siedlungsgeschichte\",\"description\":\" im Wittingsbrok und im Brunsbrok in Oldenburg, Niedersachsen\",\"publisher\":{\"@id\":\"http:\/\/wittingsbrok.de\/#organization\"},\"potentialAction\":[{\"@type\":\"SearchAction\",\"target\":{\"@type\":\"EntryPoint\",\"urlTemplate\":\"http:\/\/wittingsbrok.de\/?s={search_term_string}\"},\"query-input\":\"required name=search_term_string\"}],\"inLanguage\":\"de-DE\"},{\"@type\":\"Organization\",\"@id\":\"http:\/\/wittingsbrok.de\/#organization\",\"name\":\"100 Jahre Siedlungsgeschichte\",\"url\":\"http:\/\/wittingsbrok.de\/\",\"logo\":{\"@type\":\"ImageObject\",\"inLanguage\":\"de-DE\",\"@id\":\"http:\/\/wittingsbrok.de\/#\/schema\/logo\/image\/\",\"url\":\"http:\/\/wittingsbrok.de\/wp-a6f61-content\/uploads\/2019\/07\/Logo-4-1-e1562934907339.jpg\",\"contentUrl\":\"http:\/\/wittingsbrok.de\/wp-a6f61-content\/uploads\/2019\/07\/Logo-4-1-e1562934907339.jpg\",\"width\":100,\"height\":100,\"caption\":\"100 Jahre Siedlungsgeschichte\"},\"image\":{\"@id\":\"http:\/\/wittingsbrok.de\/#\/schema\/logo\/image\/\"}}]}<\/script>\n<!-- \/ Yoast SEO plugin. -->","yoast_head_json":{"title":"Nr. 19 - Eine Frau mit sechs Kindern - 100 Jahre Siedlungsgeschichte","robots":{"index":"index","follow":"follow","max-snippet":"max-snippet:-1","max-image-preview":"max-image-preview:large","max-video-preview":"max-video-preview:-1"},"canonical":"http:\/\/wittingsbrok.de\/?page_id=154","og_locale":"de_DE","og_type":"article","og_title":"Nr. 19 - Eine Frau mit sechs Kindern - 100 Jahre Siedlungsgeschichte","og_description":"Friedrich Carl Acquistapace (geb. am 11.6.1879) heiratete am 17.9.1909 im Standesamt Eversten Amalie Dorothea Frieda Matthias (geb. am 11.11.1886). Carl starb schon am 26.5.1924, Frieda am 7.12.1977. Aus dieser Ehe sind sechs Kinder hervorgegangen:1. Wilhelm Acquistapace, geb. 19.10.1909, gest. 19902. Karl Acquistapace, geb. 3.10.1910, gest. ?3. Hertha Acquistapace, geb. 7.3.1912, gest. 8.11.20064. Olga Acquistapace, geb. [&hellip;]","og_url":"http:\/\/wittingsbrok.de\/?page_id=154","og_site_name":"100 Jahre Siedlungsgeschichte","article_modified_time":"2025-04-11T09:42:34+00:00","og_image":[{"url":"http:\/\/wittingsbrok.de\/wp-a6f61-content\/uploads\/2019\/07\/Karl-Acquistapace-225x300.jpg"}],"twitter_card":"summary_large_image","twitter_misc":{"Gesch\u00e4tzte Lesezeit":"4 Minuten"},"schema":{"@context":"https:\/\/schema.org","@graph":[{"@type":"WebPage","@id":"http:\/\/wittingsbrok.de\/?page_id=154","url":"http:\/\/wittingsbrok.de\/?page_id=154","name":"Nr. 19 - Eine Frau mit sechs Kindern - 100 Jahre Siedlungsgeschichte","isPartOf":{"@id":"http:\/\/wittingsbrok.de\/#website"},"datePublished":"2019-07-12T20:17:41+00:00","dateModified":"2025-04-11T09:42:34+00:00","breadcrumb":{"@id":"http:\/\/wittingsbrok.de\/?page_id=154#breadcrumb"},"inLanguage":"de-DE","potentialAction":[{"@type":"ReadAction","target":["http:\/\/wittingsbrok.de\/?page_id=154"]}]},{"@type":"BreadcrumbList","@id":"http:\/\/wittingsbrok.de\/?page_id=154#breadcrumb","itemListElement":[{"@type":"ListItem","position":1,"name":"Startseite","item":"http:\/\/wittingsbrok.de\/"},{"@type":"ListItem","position":2,"name":"Nr. 19 &#8211; Eine Frau mit sechs Kindern"}]},{"@type":"WebSite","@id":"http:\/\/wittingsbrok.de\/#website","url":"http:\/\/wittingsbrok.de\/","name":"100 Jahre Siedlungsgeschichte","description":" im Wittingsbrok und im Brunsbrok in Oldenburg, Niedersachsen","publisher":{"@id":"http:\/\/wittingsbrok.de\/#organization"},"potentialAction":[{"@type":"SearchAction","target":{"@type":"EntryPoint","urlTemplate":"http:\/\/wittingsbrok.de\/?s={search_term_string}"},"query-input":"required name=search_term_string"}],"inLanguage":"de-DE"},{"@type":"Organization","@id":"http:\/\/wittingsbrok.de\/#organization","name":"100 Jahre Siedlungsgeschichte","url":"http:\/\/wittingsbrok.de\/","logo":{"@type":"ImageObject","inLanguage":"de-DE","@id":"http:\/\/wittingsbrok.de\/#\/schema\/logo\/image\/","url":"http:\/\/wittingsbrok.de\/wp-a6f61-content\/uploads\/2019\/07\/Logo-4-1-e1562934907339.jpg","contentUrl":"http:\/\/wittingsbrok.de\/wp-a6f61-content\/uploads\/2019\/07\/Logo-4-1-e1562934907339.jpg","width":100,"height":100,"caption":"100 Jahre Siedlungsgeschichte"},"image":{"@id":"http:\/\/wittingsbrok.de\/#\/schema\/logo\/image\/"}}]}},"_links":{"self":[{"href":"http:\/\/wittingsbrok.de\/index.php?rest_route=\/wp\/v2\/pages\/154"}],"collection":[{"href":"http:\/\/wittingsbrok.de\/index.php?rest_route=\/wp\/v2\/pages"}],"about":[{"href":"http:\/\/wittingsbrok.de\/index.php?rest_route=\/wp\/v2\/types\/page"}],"author":[{"embeddable":true,"href":"http:\/\/wittingsbrok.de\/index.php?rest_route=\/wp\/v2\/users\/1"}],"replies":[{"embeddable":true,"href":"http:\/\/wittingsbrok.de\/index.php?rest_route=%2Fwp%2Fv2%2Fcomments&post=154"}],"version-history":[{"count":14,"href":"http:\/\/wittingsbrok.de\/index.php?rest_route=\/wp\/v2\/pages\/154\/revisions"}],"predecessor-version":[{"id":1142,"href":"http:\/\/wittingsbrok.de\/index.php?rest_route=\/wp\/v2\/pages\/154\/revisions\/1142"}],"wp:attachment":[{"href":"http:\/\/wittingsbrok.de\/index.php?rest_route=%2Fwp%2Fv2%2Fmedia&parent=154"}],"curies":[{"name":"wp","href":"https:\/\/api.w.org\/{rel}","templated":true}]}}